{"id":12420,"date":"2023-03-15T09:00:46","date_gmt":"2023-03-15T14:00:46","guid":{"rendered":"https:\/\/magnuminsurance.com\/manage-policy\/"},"modified":"2024-07-02T15:30:58","modified_gmt":"2024-07-02T20:30:58","slug":"administrar-poliza","status":"publish","type":"page","link":"https:\/\/magnuminsurance.com\/es\/administrar-poliza\/","title":{"rendered":"Administrar p\u00f3liza"},"content":{"rendered":"\n<h1 class=\"wp-block-heading has-text-align-center\"><strong>Administrar P\u00f3liza<\/strong><\/h1>\n\n\n\n<h6 class=\"wp-block-heading has-text-align-center\">Inicie sesi\u00f3n para administrar su cuenta 24\/7<\/h6>\n\n\n\n<div\n\tid=\"get-quote-section-block_4ffc796cb6a9c1e339609775620e6c6f\"\n\tclass=\"get-quote-section  alignfull\">\n  <div class=\"get-quote-section__main\">\n    <div class=\"get-quote-section__img\">\n      <picture>\n        <source srcset=\"https:\/\/magnuminsurance.com\/wp-content\/uploads\/2023\/03\/manage-policy.jpg\" media=\"(min-width: 768px)\">\n        <img\n\t\t\t\t\tsrcset=\"https:\/\/magnuminsurance.com\/wp-content\/uploads\/2023\/03\/manage-policy-768x282.jpg\"\n\t\t\t\t\talt=\"Get a quote Image\"\n\t\t\t\t\twidth=\"1020\"\n\t\t\t\t\theight=\"356\"\n\t\t\t\t\tfetchpriority=\"high\"\n\t\t\t\t\tloading=\"eager\"\n\t\t\t\t\tfetchpriority=\"high\"\n\t\t\t\t\tloading=\"eager\"\n\t\t\t\t>\n      <\/picture>\n    <\/div>\n  <\/div>\n  \n  <div class=\"get-quote-section__info\">\n\t  \n\t  \n<div class=\"get-quote-block magnum-get-a-quote  --in-header \">\n\t \n\t\t\n\t\t\t<div class=\"get-quote-block__inner\">\n\t\t\t<img\n\t\t\t\tsrc=\"https:\/\/magnuminsurance.com\/wp-content\/uploads\/2023\/03\/ico-manage-policy.png\"\n\t\t\t\tclass=\"icon-quote\"\n\t\t\t\twidth=\"70\"\n\t\t\t\theight=\"60\"\n\t\t\t\tfetchpriority=\"low\"\n\t\t\t\tloading=\"lazy\"\n\t\t\t\talt=\"Icon\"\/>\n\t\t\t\n\t\t\t\t\t\t\t<div class=\"get-quote-block__inner-login\">\n\t\t\t\t\t<a\n            class=\"btn button-call-for-a-quote open-login-popup\"\n            href=\"https:\/\/customer.magnuminsurance.com\/es\/\"\n          >\n\t\t\t\t\t\tAcceso\t\t\t\t\t<\/a>\n          \n          <div>\n\t          \u00bfNuevo usuario?\t\t\t\t\t\t<a\n\t\t\t\t\t\t\thref=\"https:\/\/customer.magnuminsurance.com\/es\/registro\/\"\n\t\t\t\t\t\t\tclass=\"open-login-popup\">\n\t\t\t\t\t\t\tReg\u00edstrese para obtener una cuenta\t\t\t\t\t\t<\/a>\n\t\t\t\t\t<\/div>\n\t\t\t\t<\/div>\n\t\t\t\t\t<\/div>\n\t\t\n\t\t\n\t\t\n\t<\/div>\n\n\n<!--Mobile-->\n    \n          <div class=\"get-quote-section__info-card\">\n        <div class=\"get-quote-section__info-item\">\n          <div class=\"icon-label\">\n                          <div class=\"icon-label__icon\">\n                <img loading=\"lazy\" decoding=\"async\" src=\"https:\/\/magnuminsurance.com\/wp-content\/uploads\/2025\/05\/Support.svg\" alt=\"\" width=\"19\" height=\"22\">\n              <\/div>\n                        \n            <div class=\"icon-label__label\">\n              Llamar a un agente            <\/div>\n          <\/div>\n        <\/div>\n        \n        <div class=\"get-quote-section__info-item\">\n                      <div class=\"get-quote-section__info-card-label\">\n              HORARIO:            <\/div>\n                   \n                                    <div class=\"get-quote-section__info-card-text\">\n                Lun-Vie: 9am to 7pm CT S\u00e1b: 9am to 6pm CT              <\/div>\n                              <\/div>\n        \n        <div class=\"get-quote-section__info-item\">\n                      <div class=\"get-quote-section__info-card-label\">\n              N\u00daMERO DE TEL\u00c9FONO:            <\/div>\n                    \n                      <a\n              href=\"tel:1-888-539-2102\"\n              class=\"get-quote-section__info-card-text\"\n            >\n              1-888-539-2102            <\/a>\n                  <\/div>\n        \n        <div class=\"get-quote-section__info-item\">\n                      <a\n              href=\"tel:18885392102\"\n              class=\"btn --full-width --blue\"\n              target=\"\"\n                          >\n              Llamar ahora            <\/a>\n                  <\/div>\n      <\/div>\n      <\/div>\n<\/div>\n\n\n\n<div\n\tid=\"helpful-tips-block_788578334004f4cdc7fd96d7f9eb17e3\"\n\tclass=\"helpful-tips  alignfull\">\n\t<div class=\"helpful-tips__content\">\n\t\t<div class=\"helpful-tips__aside\">\n\t\t\t<h2 class=\"helpful-tips__aside-title\">\n\t\t\t\tConsejos \u00fatiles para administrar su p\u00f3liza online\t\t\t<\/h2>\n\t\t\t<div class=\"helpful-tips__aside-content\">\n\t\t\t\t<p><img loading=\"lazy\" decoding=\"async\" class=\"alignnone size-full wp-image-12217\" src=\"https:\/\/magnuminsurance.com\/wp-content\/uploads\/2023\/03\/manage-policy-mobile.png\" alt=\"\" width=\"293\" height=\"293\" srcset=\"https:\/\/magnuminsurance.com\/wp-content\/uploads\/2023\/03\/manage-policy-mobile.png 293w, https:\/\/magnuminsurance.com\/wp-content\/uploads\/2023\/03\/manage-policy-mobile-150x150.png 150w\" sizes=\"auto, (max-width: 293px) 100vw, 293px\" \/><\/p>\n<p><img loading=\"lazy\" decoding=\"async\" class=\"alignnone size-full wp-image-12221\" src=\"https:\/\/magnuminsurance.com\/wp-content\/uploads\/2023\/03\/manage-policy-image.png\" alt=\"\" width=\"294\" height=\"296\" srcset=\"https:\/\/magnuminsurance.com\/wp-content\/uploads\/2023\/03\/manage-policy-image.png 294w, https:\/\/magnuminsurance.com\/wp-content\/uploads\/2023\/03\/manage-policy-image-150x150.png 150w\" sizes=\"auto, (max-width: 294px) 100vw, 294px\" \/><\/p>\n<p>Nuestros agentes pueden hacer todo lo que necesite por tel\u00e9fono.<\/p>\n\t\t\t<\/div>\n\t\t<\/div>\n\n\t\t<div class=\"helpful-tips__main\">\n\t\t\t<div class=\"helpful-tips__main-text\">\n\t\t\t\tSi alguna vez tiene preguntas o desea hablar con un agente de servicio al cliente, simplemente ll\u00e1menos.\t\t\t<\/div>\n\t\t\t<div class=\"helpful-tips__main-tips\">\n\t\t\t\t\t\t\t\t<div class=\"helpful-tips__main-tip\">\n\t\t\t\t\t<div class=\"helpful-tips__main-tip-label\">\n\t\t\t\t\t\tCrear una Cuenta\t\t\t\t\t<\/div>\n\t\t\t\t\t<div class=\"helpful-tips__main-tip-text\">\n\t\t\t\t\t\tPara crear una cuenta, siga los pasos en \u00abregistrarse para obtener una cuenta\u00bb. Aseg\u00farese de tener un n\u00famero de tel\u00e9fono, una direcci\u00f3n de correo electr\u00f3nico o un n\u00famero de p\u00f3liza asociado con su p\u00f3liza de seguro.\t\t\t\t\t<\/div>\n\t\t\t\t<\/div>\n\t\t\t\t\t\t\t\t<div class=\"helpful-tips__main-tip\">\n\t\t\t\t\t<div class=\"helpful-tips__main-tip-label\">\n\t\t\t\t\t\tAdministrar su p\u00f3liza\t\t\t\t\t<\/div>\n\t\t\t\t\t<div class=\"helpful-tips__main-tip-text\">\n\t\t\t\t\t\tDespu\u00e9s de registrar su cuenta, tendr\u00e1 acceso para realizar pagos, ver su identificaci\u00f3n, ver los detalles de la cobertura de la p\u00f3liza, informar reclamos y m\u00e1s.\t\t\t\t\t<\/div>\n\t\t\t\t<\/div>\n\t\t\t\t\t\t\t\t<div class=\"helpful-tips__main-tip\">\n\t\t\t\t\t<div class=\"helpful-tips__main-tip-label\">\n\t\t\t\t\t\tPagar su factura\t\t\t\t\t<\/div>\n\t\t\t\t\t<div class=\"helpful-tips__main-tip-text\">\n\t\t\t\t\t\t\r\nHaga click en \u00abpagos\u00bb en el men\u00fa principal para mostrar el historial de recibos de los \u00faltimos 10 pagos. Si necesita realizar un pago en l\u00ednea, haga click en \u00abRealizar un pago\u00bb.\t\t\t\t\t<\/div>\n\t\t\t\t<\/div>\n\t\t\t\t\t\t\t\t<div class=\"helpful-tips__main-tip\">\n\t\t\t\t\t<div class=\"helpful-tips__main-tip-label\">\n\t\t\t\t\t\tReportar un reclamo\t\t\t\t\t<\/div>\n\t\t\t\t\t<div class=\"helpful-tips__main-tip-text\">\n\t\t\t\t\t\tHaga click en \u00abReportar un reclamo\u00bb en el men\u00fa principal y complete el formulario de notificaci\u00f3n electr\u00f3nica para notificar a nuestro equipo de reclamos. Una vez enviado, se le redirigir\u00e1 al formulario en l\u00ednea de su operador para realizar una p\u00e9rdida formal de notificaci\u00f3n.\t\t\t\t\t<\/div>\n\t\t\t\t<\/div>\n\t\t\t\t\t\t\t\t<div class=\"helpful-tips__main-tip\">\n\t\t\t\t\t<div class=\"helpful-tips__main-tip-label\">\n\t\t\t\t\t\tSolicitar una actualizaci\u00f3n de reclamo\t\t\t\t\t<\/div>\n\t\t\t\t\t<div class=\"helpful-tips__main-tip-text\">\n\t\t\t\t\t\tHaga click en \u00abSolicitar actualizaci\u00f3n de un reclamo existente\u00bb para completar el formulario electr\u00f3nico que ir\u00e1 directamente a nuestro equipo de reclamos. Por favor, aseg\u00farese de tener su n\u00famero de reclamo. Una vez que complete el formulario, nuestro equipo de reclamos se pondr\u00e1 en contacto con una actualizaci\u00f3n.\t\t\t\t\t<\/div>\n\t\t\t\t<\/div>\n\t\t\t\t\t\t\t\t<div class=\"helpful-tips__main-tip\">\n\t\t\t\t\t<div class=\"helpful-tips__main-tip-label\">\n\t\t\t\t\t\tImpresi\u00f3n de tarjetas de identificaci\u00f3n\t\t\t\t\t<\/div>\n\t\t\t\t\t<div class=\"helpful-tips__main-tip-text\">\n\t\t\t\t\t\tHaga click en \u00abTarjeta de identificaci\u00f3n\u00bb en el men\u00fa principal y seleccione su veh\u00edculo para obtener la tarjeta de identificaci\u00f3n espec\u00edfica de su veh\u00edculo. Puede descargarlo o imprimirlo.\t\t\t\t\t<\/div>\n\t\t\t\t<\/div>\n\t\t\t\t\t\t\t<\/div>\n\t\t<\/div>\n\t<\/div>\n<\/div>\n\n\n\n<div style=\"height:30px\" aria-hidden=\"true\" class=\"wp-block-spacer\"><\/div>\n\n\n<div class=\"wp-block-image\">\n<figure class=\"aligncenter size-full\"><img loading=\"lazy\" decoding=\"async\" width=\"142\" height=\"141\" src=\"https:\/\/magnuminsurance.com\/wp-content\/uploads\/2023\/03\/ico-manage-policy-app.png\" alt=\"\" class=\"wp-image-12256\"\/><\/figure>\n<\/div>\n\n\n<div style=\"height:10px\" aria-hidden=\"true\" class=\"wp-block-spacer\"><\/div>\n\n\n\n<h3 class=\"wp-block-heading has-text-align-center\"><strong>Obtenga la App m\u00f3vil Seguros Magnum<\/strong><\/h3>\n\n\n\n<p class=\"has-text-align-center\">Adem\u00e1s de las mismas excelentes funciones en l\u00ednea, nuestra aplicaci\u00f3n m\u00f3vil le brinda comodidades adicionales, como solicitar asistencia en el camino o agregar su tarjeta de identificaci\u00f3n a su billetera.<\/p>\n\n\n\n<div class=\"wp-block-buttons is-content-justification-center is-layout-flex wp-container-core-buttons-is-layout-16018d1d wp-block-buttons-is-layout-flex\">\n<div class=\"wp-block-button\"><a class=\"wp-block-button__link has-text-align-center wp-element-button\" href=\"https:\/\/magnuminsurance.com\/es\/mobile-app\/\">DESCARGAR AHORA<\/a><\/div>\n<\/div>\n","protected":false},"excerpt":{"rendered":"<p>Administrar P\u00f3liza Inicie sesi\u00f3n para administrar su cuenta 24\/7 Obtenga la App m\u00f3vil Seguros Magnum Adem\u00e1s de las mismas excelentes funciones en l\u00ednea, nuestra aplicaci\u00f3n m\u00f3vil le brinda comodidades adicionales, como solicitar asistencia en el camino o agregar su tarjeta de identificaci\u00f3n a su billetera.<\/p>\n","protected":false},"author":1,"featured_media":0,"parent":0,"menu_order":0,"comment_status":"closed","ping_status":"closed","template":"","meta":{"_acf_changed":false,"inline_featured_image":false,"footnotes":""},"class_list":["post-12420","page","type-page","status-publish","hentry"],"acf":[],"yoast_head":"<!-- This site is optimized with the Yoast SEO plugin v27.4 - https:\/\/yoast.com\/product\/yoast-seo-wordpress\/ -->\n<title>Inicie sesi\u00f3n y administre su p\u00f3liza - Seguros Magnum<\/title>\n<meta name=\"description\" content=\"Gestiona sin esfuerzo tu p\u00f3liza de seguro con Magnum Insurance. Inicie sesi\u00f3n para ver, actualizar y personalizar los detalles de su p\u00f3liza en l\u00ednea.\" \/>\n<meta name=\"robots\" content=\"index, follow, max-snippet:-1, max-image-preview:large, max-video-preview:-1\" \/>\n<link rel=\"canonical\" href=\"https:\/\/magnuminsurance.com\/es\/administrar-poliza\/\" \/>\n<meta property=\"og:locale\" content=\"es_ES\" \/>\n<meta property=\"og:type\" content=\"article\" \/>\n<meta property=\"og:title\" content=\"Inicie sesi\u00f3n y administre su p\u00f3liza - Seguros Magnum\" \/>\n<meta property=\"og:description\" content=\"Gestiona sin esfuerzo tu p\u00f3liza de seguro con Magnum Insurance. Inicie sesi\u00f3n para ver, actualizar y personalizar los detalles de su p\u00f3liza en l\u00ednea.\" \/>\n<meta property=\"og:url\" content=\"https:\/\/magnuminsurance.com\/es\/administrar-poliza\/\" \/>\n<meta property=\"og:site_name\" content=\"Seguros Magnum\" \/>\n<meta property=\"article:publisher\" content=\"https:\/\/www.facebook.com\/MagnumInsuranceAgency\/\" \/>\n<meta property=\"article:modified_time\" content=\"2024-07-02T20:30:58+00:00\" \/>\n<meta property=\"og:image\" content=\"https:\/\/magnuminsurance.com\/wp-content\/uploads\/2023\/03\/ico-manage-policy-app.png\" \/>\n<meta name=\"twitter:card\" content=\"summary_large_image\" \/>\n<meta name=\"twitter:site\" content=\"@magnumins\" \/>\n<meta name=\"twitter:label1\" content=\"Tiempo de lectura\" \/>\n\t<meta name=\"twitter:data1\" content=\"1 minuto\" \/>\n<script type=\"application\/ld+json\" class=\"yoast-schema-graph\">{\"@context\":\"https:\\\/\\\/schema.org\",\"@graph\":[{\"@type\":\"WebPage\",\"@id\":\"https:\\\/\\\/magnuminsurance.com\\\/es\\\/administrar-poliza\\\/\",\"url\":\"https:\\\/\\\/magnuminsurance.com\\\/es\\\/administrar-poliza\\\/\",\"name\":\"Inicie sesi\u00f3n y administre su p\u00f3liza - Seguros Magnum\",\"isPartOf\":{\"@id\":\"https:\\\/\\\/magnuminsurance.com\\\/es\\\/#website\"},\"primaryImageOfPage\":{\"@id\":\"https:\\\/\\\/magnuminsurance.com\\\/es\\\/administrar-poliza\\\/#primaryimage\"},\"image\":{\"@id\":\"https:\\\/\\\/magnuminsurance.com\\\/es\\\/administrar-poliza\\\/#primaryimage\"},\"thumbnailUrl\":\"https:\\\/\\\/magnuminsurance.com\\\/wp-content\\\/uploads\\\/2023\\\/03\\\/ico-manage-policy-app.png\",\"datePublished\":\"2023-03-15T14:00:46+00:00\",\"dateModified\":\"2024-07-02T20:30:58+00:00\",\"description\":\"Gestiona sin esfuerzo tu p\u00f3liza de seguro con Magnum Insurance. Inicie sesi\u00f3n para ver, actualizar y personalizar los detalles de su p\u00f3liza en l\u00ednea.\",\"breadcrumb\":{\"@id\":\"https:\\\/\\\/magnuminsurance.com\\\/es\\\/administrar-poliza\\\/#breadcrumb\"},\"inLanguage\":\"es\",\"potentialAction\":[{\"@type\":\"ReadAction\",\"target\":[\"https:\\\/\\\/magnuminsurance.com\\\/es\\\/administrar-poliza\\\/\"]}]},{\"@type\":\"ImageObject\",\"inLanguage\":\"es\",\"@id\":\"https:\\\/\\\/magnuminsurance.com\\\/es\\\/administrar-poliza\\\/#primaryimage\",\"url\":\"https:\\\/\\\/magnuminsurance.com\\\/wp-content\\\/uploads\\\/2023\\\/03\\\/ico-manage-policy-app.png\",\"contentUrl\":\"https:\\\/\\\/magnuminsurance.com\\\/wp-content\\\/uploads\\\/2023\\\/03\\\/ico-manage-policy-app.png\"},{\"@type\":\"BreadcrumbList\",\"@id\":\"https:\\\/\\\/magnuminsurance.com\\\/es\\\/administrar-poliza\\\/#breadcrumb\",\"itemListElement\":[{\"@type\":\"ListItem\",\"position\":1,\"name\":\"Home\",\"item\":\"https:\\\/\\\/magnuminsurance.com\\\/es\\\/\"},{\"@type\":\"ListItem\",\"position\":2,\"name\":\"Administrar p\u00f3liza\"}]},{\"@type\":\"WebSite\",\"@id\":\"https:\\\/\\\/magnuminsurance.com\\\/es\\\/#website\",\"url\":\"https:\\\/\\\/magnuminsurance.com\\\/es\\\/\",\"name\":\"Seguros Magnum\",\"description\":\"Agencia de Seguros en Chicago y Suburbios\",\"publisher\":{\"@id\":\"https:\\\/\\\/magnuminsurance.com\\\/es\\\/#organization\"},\"potentialAction\":[{\"@type\":\"SearchAction\",\"target\":{\"@type\":\"EntryPoint\",\"urlTemplate\":\"https:\\\/\\\/magnuminsurance.com\\\/es\\\/?s={search_term_string}\"},\"query-input\":{\"@type\":\"PropertyValueSpecification\",\"valueRequired\":true,\"valueName\":\"search_term_string\"}}],\"inLanguage\":\"es\"},{\"@type\":\"Organization\",\"@id\":\"https:\\\/\\\/magnuminsurance.com\\\/es\\\/#organization\",\"name\":\"Magnum Insurance Agency\",\"alternateName\":\"Seguros Magnum\",\"url\":\"https:\\\/\\\/magnuminsurance.com\\\/es\\\/\",\"logo\":{\"@type\":\"ImageObject\",\"inLanguage\":\"es\",\"@id\":\"https:\\\/\\\/magnuminsurance.com\\\/es\\\/#\\\/schema\\\/logo\\\/image\\\/\",\"url\":\"https:\\\/\\\/magnuminsurance.com\\\/wp-content\\\/uploads\\\/2021\\\/04\\\/MagnumEnglishColorLogo.jpg\",\"contentUrl\":\"https:\\\/\\\/magnuminsurance.com\\\/wp-content\\\/uploads\\\/2021\\\/04\\\/MagnumEnglishColorLogo.jpg\",\"width\":1000,\"height\":247,\"caption\":\"Magnum Insurance Agency\"},\"image\":{\"@id\":\"https:\\\/\\\/magnuminsurance.com\\\/es\\\/#\\\/schema\\\/logo\\\/image\\\/\"},\"sameAs\":[\"https:\\\/\\\/www.facebook.com\\\/MagnumInsuranceAgency\\\/\",\"https:\\\/\\\/x.com\\\/magnumins\",\"https:\\\/\\\/www.instagram.com\\\/magnuminsuranceagency\\\/\",\"https:\\\/\\\/www.youtube.com\\\/user\\\/SegurosMagnum\",\"https:\\\/\\\/www.tiktok.com\\\/@magnuminsurance\"]}]}<\/script>\n<!-- \/ Yoast SEO plugin. -->","yoast_head_json":{"title":"Inicie sesi\u00f3n y administre su p\u00f3liza - Seguros Magnum","description":"Gestiona sin esfuerzo tu p\u00f3liza de seguro con Magnum Insurance. Inicie sesi\u00f3n para ver, actualizar y personalizar los detalles de su p\u00f3liza en l\u00ednea.","robots":{"index":"index","follow":"follow","max-snippet":"max-snippet:-1","max-image-preview":"max-image-preview:large","max-video-preview":"max-video-preview:-1"},"canonical":"https:\/\/magnuminsurance.com\/es\/administrar-poliza\/","og_locale":"es_ES","og_type":"article","og_title":"Inicie sesi\u00f3n y administre su p\u00f3liza - Seguros Magnum","og_description":"Gestiona sin esfuerzo tu p\u00f3liza de seguro con Magnum Insurance. Inicie sesi\u00f3n para ver, actualizar y personalizar los detalles de su p\u00f3liza en l\u00ednea.","og_url":"https:\/\/magnuminsurance.com\/es\/administrar-poliza\/","og_site_name":"Seguros Magnum","article_publisher":"https:\/\/www.facebook.com\/MagnumInsuranceAgency\/","article_modified_time":"2024-07-02T20:30:58+00:00","og_image":[{"url":"https:\/\/magnuminsurance.com\/wp-content\/uploads\/2023\/03\/ico-manage-policy-app.png","type":"","width":"","height":""}],"twitter_card":"summary_large_image","twitter_site":"@magnumins","twitter_misc":{"Tiempo de lectura":"1 minuto"},"schema":{"@context":"https:\/\/schema.org","@graph":[{"@type":"WebPage","@id":"https:\/\/magnuminsurance.com\/es\/administrar-poliza\/","url":"https:\/\/magnuminsurance.com\/es\/administrar-poliza\/","name":"Inicie sesi\u00f3n y administre su p\u00f3liza - Seguros Magnum","isPartOf":{"@id":"https:\/\/magnuminsurance.com\/es\/#website"},"primaryImageOfPage":{"@id":"https:\/\/magnuminsurance.com\/es\/administrar-poliza\/#primaryimage"},"image":{"@id":"https:\/\/magnuminsurance.com\/es\/administrar-poliza\/#primaryimage"},"thumbnailUrl":"https:\/\/magnuminsurance.com\/wp-content\/uploads\/2023\/03\/ico-manage-policy-app.png","datePublished":"2023-03-15T14:00:46+00:00","dateModified":"2024-07-02T20:30:58+00:00","description":"Gestiona sin esfuerzo tu p\u00f3liza de seguro con Magnum Insurance. Inicie sesi\u00f3n para ver, actualizar y personalizar los detalles de su p\u00f3liza en l\u00ednea.","breadcrumb":{"@id":"https:\/\/magnuminsurance.com\/es\/administrar-poliza\/#breadcrumb"},"inLanguage":"es","potentialAction":[{"@type":"ReadAction","target":["https:\/\/magnuminsurance.com\/es\/administrar-poliza\/"]}]},{"@type":"ImageObject","inLanguage":"es","@id":"https:\/\/magnuminsurance.com\/es\/administrar-poliza\/#primaryimage","url":"https:\/\/magnuminsurance.com\/wp-content\/uploads\/2023\/03\/ico-manage-policy-app.png","contentUrl":"https:\/\/magnuminsurance.com\/wp-content\/uploads\/2023\/03\/ico-manage-policy-app.png"},{"@type":"BreadcrumbList","@id":"https:\/\/magnuminsurance.com\/es\/administrar-poliza\/#breadcrumb","itemListElement":[{"@type":"ListItem","position":1,"name":"Home","item":"https:\/\/magnuminsurance.com\/es\/"},{"@type":"ListItem","position":2,"name":"Administrar p\u00f3liza"}]},{"@type":"WebSite","@id":"https:\/\/magnuminsurance.com\/es\/#website","url":"https:\/\/magnuminsurance.com\/es\/","name":"Seguros Magnum","description":"Agencia de Seguros en Chicago y Suburbios","publisher":{"@id":"https:\/\/magnuminsurance.com\/es\/#organization"},"potentialAction":[{"@type":"SearchAction","target":{"@type":"EntryPoint","urlTemplate":"https:\/\/magnuminsurance.com\/es\/?s={search_term_string}"},"query-input":{"@type":"PropertyValueSpecification","valueRequired":true,"valueName":"search_term_string"}}],"inLanguage":"es"},{"@type":"Organization","@id":"https:\/\/magnuminsurance.com\/es\/#organization","name":"Magnum Insurance Agency","alternateName":"Seguros Magnum","url":"https:\/\/magnuminsurance.com\/es\/","logo":{"@type":"ImageObject","inLanguage":"es","@id":"https:\/\/magnuminsurance.com\/es\/#\/schema\/logo\/image\/","url":"https:\/\/magnuminsurance.com\/wp-content\/uploads\/2021\/04\/MagnumEnglishColorLogo.jpg","contentUrl":"https:\/\/magnuminsurance.com\/wp-content\/uploads\/2021\/04\/MagnumEnglishColorLogo.jpg","width":1000,"height":247,"caption":"Magnum Insurance Agency"},"image":{"@id":"https:\/\/magnuminsurance.com\/es\/#\/schema\/logo\/image\/"},"sameAs":["https:\/\/www.facebook.com\/MagnumInsuranceAgency\/","https:\/\/x.com\/magnumins","https:\/\/www.instagram.com\/magnuminsuranceagency\/","https:\/\/www.youtube.com\/user\/SegurosMagnum","https:\/\/www.tiktok.com\/@magnuminsurance"]}]}},"_links":{"self":[{"href":"https:\/\/magnuminsurance.com\/es\/wp-json\/wp\/v2\/pages\/12420","targetHints":{"allow":["GET"]}}],"collection":[{"href":"https:\/\/magnuminsurance.com\/es\/wp-json\/wp\/v2\/pages"}],"about":[{"href":"https:\/\/magnuminsurance.com\/es\/wp-json\/wp\/v2\/types\/page"}],"author":[{"embeddable":true,"href":"https:\/\/magnuminsurance.com\/es\/wp-json\/wp\/v2\/users\/1"}],"replies":[{"embeddable":true,"href":"https:\/\/magnuminsurance.com\/es\/wp-json\/wp\/v2\/comments?post=12420"}],"version-history":[{"count":40,"href":"https:\/\/magnuminsurance.com\/es\/wp-json\/wp\/v2\/pages\/12420\/revisions"}],"predecessor-version":[{"id":21243,"href":"https:\/\/magnuminsurance.com\/es\/wp-json\/wp\/v2\/pages\/12420\/revisions\/21243"}],"wp:attachment":[{"href":"https:\/\/magnuminsurance.com\/es\/wp-json\/wp\/v2\/media?parent=12420"}],"curies":[{"name":"wp","href":"https:\/\/api.w.org\/{rel}","templated":true}]}}