{"id":12452,"date":"2023-03-15T12:39:55","date_gmt":"2023-03-15T17:39:55","guid":{"rendered":"https:\/\/magnuminsurance.com\/magnum-insurance-mobile-app\/"},"modified":"2026-01-19T09:13:15","modified_gmt":"2026-01-19T15:13:15","slug":"app-movil-de-seguros-magnum","status":"publish","type":"page","link":"https:\/\/magnuminsurance.com\/es\/app-movil-de-seguros-magnum\/","title":{"rendered":"App M\u00f3vil de Seguros Magnum"},"content":{"rendered":"\n<h3 class=\"wp-block-heading\">Formas adicionales de acceder a su P\u00f3liza de Seguro Magnum.<\/h3>\n\n\n\n<p>Ya sea en casa o de viaje, tambi\u00e9n puede acceder a todos los detalles de su cuenta en nuestro sitio web iniciando sesi\u00f3n en su cuenta de la misma manera que lo har\u00eda en la App m\u00f3vil. Busque el \u00edcono de inicio de sesi\u00f3n y siga los pasos para acceder a las mismas excelentes funciones.<\/p>\n\n\n\n<p>\u2022 Informaci\u00f3n de la p\u00f3liza<br>\u2022 Tarjeta de identificaci\u00f3n<br>\u2022 Realizar un pago<br>\u2022 Reportar un reclamo<br>\u2022 Solicitar la actualizaci\u00f3n de un reclamo existente<br>\u2022 Encontrar un Agente<\/p>\n\n\n\n<h2 class=\"wp-block-heading\">Preguntas frecuentes<\/h2>\n\n\n\n<div\n\tid=\"accordion-block_a32b6e87e673640866238ebc90b8df90\"\n\tclass=\"accordion  alignfull\">\n\n\t<div class=\"accordion__content\">\n\n\t\t\n\t\t\t\t\t\n\t\t\t\t\t\t\t\t\t<div class=\"accordion__item\">\n\t\t\t\t\t\t\t\t\t\t\t\t\t<div class=\"accordion__item-header\">\u00bfNecesito una cuenta separada para usar la App m\u00f3vil de Seguros Magnum?<\/div>\n\t\t\t\t\t\t\n\t\t\t\t\t\t\t\t\t\t\t\t\t<div class=\"accordion__item-content\">\n\t\t\t\t\t\t\t\t<p>No. Una vez que configure una cuenta a trav\u00e9s del sitio web o la App m\u00f3vil, tendr\u00e1 acceso a ambos a trav\u00e9s de la misma cuenta.<\/p>\n\t\t\t\t\t\t\t<\/div>\n\t\t\t\t\t\t\t\t\t\t\t<\/div>\n\t\t\t\t\n\t\t\t\n\t\t\t\t\t\t\t\t\t<div class=\"accordion__item\">\n\t\t\t\t\t\t\t\t\t\t\t\t\t<div class=\"accordion__item-header\">\u00bfC\u00f3mo inicio sessi\u00f3n, con mi FaceID o huella digital?<\/div>\n\t\t\t\t\t\t\n\t\t\t\t\t\t\t\t\t\t\t\t\t<div class=\"accordion__item-content\">\n\t\t\t\t\t\t\t\t<p>Si tiene un dispositivo con FaceID\/TouchID o huella digital habilitado, marque la casilla debajo de su c\u00f3digo de verificaci\u00f3n para habilitar el uso de esta funci\u00f3n en su pr\u00f3ximo inicio de sesi\u00f3n.<\/p>\n\t\t\t\t\t\t\t<\/div>\n\t\t\t\t\t\t\t\t\t\t\t<\/div>\n\t\t\t\t\n\t\t\t\n\t\t\t\t\t\t\t\t\t<div class=\"accordion__item\">\n\t\t\t\t\t\t\t\t\t\t\t\t\t<div class=\"accordion__item-header\">\u00bfEstar\u00e9 permanentemente conectado a la App?<\/div>\n\t\t\t\t\t\t\n\t\t\t\t\t\t\t\t\t\t\t\t\t<div class=\"accordion__item-content\">\n\t\t\t\t\t\t\t\t<p>Para su comodidad, lo mantendremos conectado a la App para que pueda acceder f\u00e1cilmente a los detalles cuando los necesite. Si tiene habilitado el inicio de sesi\u00f3n biom\u00e9trico, puede volver a iniciar sesi\u00f3n f\u00e1cilmente si ha cerrado la sesi\u00f3n.<\/p>\n\t\t\t\t\t\t\t<\/div>\n\t\t\t\t\t\t\t\t\t\t\t<\/div>\n\t\t\t\t\n\t\t\t\n\t\t\t\t\t\t\t\t\t<div class=\"accordion__item\">\n\t\t\t\t\t\t\t\t\t\t\t\t\t<div class=\"accordion__item-header\">\u00bfC\u00f3mo guardo mi tarjeta de identificaci\u00f3n para acceder sin conexi\u00f3n?<\/div>\n\t\t\t\t\t\t\n\t\t\t\t\t\t\t\t\t\t\t\t\t<div class=\"accordion__item-content\">\n\t\t\t\t\t\t\t\t<p>Inicie sesi\u00f3n en la aplicaci\u00f3n, vea su tarjeta de identificaci\u00f3n y haga click en \u00abAgregar a Apple Wallet\u00bb (para usuarios de iPhone)<\/p>\n\t\t\t\t\t\t\t<\/div>\n\t\t\t\t\t\t\t\t\t\t\t<\/div>\n\t\t\t\t\n\t\t\t\n\t\t\t\t\t\t\t\t\t<div class=\"accordion__item\">\n\t\t\t\t\t\t\t\t\t\t\t\t\t<div class=\"accordion__item-header\">No puedo realizar un pago mensual<\/div>\n\t\t\t\t\t\t\n\t\t\t\t\t\t\t\t\t\t\t\t\t<div class=\"accordion__item-content\">\n\t\t\t\t\t\t\t\t<p>Si tiene alg\u00fan problema o no tiene fondos suficientes para realizar el pago completo en l\u00ednea, comun\u00edquese con nuestro equipo de atenci\u00f3n al cliente al 888-539-2102.<\/p>\n\t\t\t\t\t\t\t<\/div>\n\t\t\t\t\t\t\t\t\t\t\t<\/div>\n\t\t\t\t\n\t\t\t\t\t\n\t<\/div>\n\n\t\n<\/div>\n\n\n\n<div style=\"height:15px\" aria-hidden=\"true\" class=\"wp-block-spacer\"><\/div>\n\n\n<div class=\"wp-block-image\">\n<figure class=\"aligncenter size-full\"><img decoding=\"async\" src=\"https:\/\/magnuminsurance.com\/wp-content\/uploads\/2020\/06\/app-icon-easy.svg\" alt=\"\" class=\"wp-image-3731\"\/><\/figure>\n<\/div>\n\n\n<div style=\"height:15px\" aria-hidden=\"true\" class=\"wp-block-spacer\"><\/div>\n\n\n\n<h3 class=\"wp-block-heading has-text-align-center has-text-color has-link-color wp-elements-dc4d7c666c3239d887bce6488e0ceb9c\" style=\"color:#174078\"><strong>Obtenga la App m\u00f3vil de Seguros Magnum<\/strong><\/h3>\n\n\n\n<p class=\"has-text-align-center\">Adem\u00e1s de las mismas excelentes funciones en l\u00ednea, nuestra aplicaci\u00f3n m\u00f3vil le brinda comodidades adicionales, como solicitar asistencia en el camino o agregar su tarjeta de identificaci\u00f3n a su billetera<\/p>\n\n\n\n<div class=\"wp-block-buttons is-content-justification-center is-layout-flex wp-container-core-buttons-is-layout-16018d1d wp-block-buttons-is-layout-flex\">\n<div class=\"wp-block-button\"><a class=\"wp-block-button__link wp-element-button\" href=\"https:\/\/play.google.com\/store\/apps\/details?id=com.magnuminsurance.app&amp;hl=en_US\" target=\"_blank\" rel=\"noreferrer noopener\">DESCARGAR AHORA<\/a><\/div>\n<\/div>\n","protected":false},"excerpt":{"rendered":"<p>Formas adicionales de acceder a su P\u00f3liza de Seguro Magnum. Ya sea en casa o de viaje, tambi\u00e9n puede acceder a todos los detalles de su cuenta en nuestro sitio web iniciando sesi\u00f3n en su cuenta de la misma manera que lo har\u00eda en la App m\u00f3vil. Busque el \u00edcono de inicio de sesi\u00f3n y&#8230;<\/p>\n","protected":false},"author":1,"featured_media":0,"parent":0,"menu_order":0,"comment_status":"closed","ping_status":"closed","template":"","meta":{"_acf_changed":false,"inline_featured_image":false,"footnotes":""},"class_list":["post-12452","page","type-page","status-publish","hentry"],"acf":[],"yoast_head":"<!-- This site is optimized with the Yoast SEO plugin v27.4 - https:\/\/yoast.com\/product\/yoast-seo-wordpress\/ -->\n<title>Aplicaci\u00f3n m\u00f3vil Seguros Magnum - iOS y Android<\/title>\n<meta name=\"description\" content=\"Acceda a su seguro mientras viaja con la aplicaci\u00f3n m\u00f3vil Magnum Insurance. Administre p\u00f3lizas, presente reclamos y obtenga asistencia en cualquier momento y lugar.\" \/>\n<meta name=\"robots\" content=\"index, follow, max-snippet:-1, max-image-preview:large, max-video-preview:-1\" \/>\n<link rel=\"canonical\" href=\"https:\/\/magnuminsurance.com\/es\/app-movil-de-seguros-magnum\/\" \/>\n<meta property=\"og:locale\" content=\"es_ES\" \/>\n<meta property=\"og:type\" content=\"article\" \/>\n<meta property=\"og:title\" content=\"Aplicaci\u00f3n m\u00f3vil Seguros Magnum - iOS y Android\" \/>\n<meta property=\"og:description\" content=\"Acceda a su seguro mientras viaja con la aplicaci\u00f3n m\u00f3vil Magnum Insurance. Administre p\u00f3lizas, presente reclamos y obtenga asistencia en cualquier momento y lugar.\" \/>\n<meta property=\"og:url\" content=\"https:\/\/magnuminsurance.com\/es\/app-movil-de-seguros-magnum\/\" \/>\n<meta property=\"og:site_name\" content=\"Seguros Magnum\" \/>\n<meta property=\"article:publisher\" content=\"https:\/\/www.facebook.com\/MagnumInsuranceAgency\/\" \/>\n<meta property=\"article:modified_time\" content=\"2026-01-19T15:13:15+00:00\" \/>\n<meta property=\"og:image\" content=\"https:\/\/magnuminsurance.com\/wp-content\/uploads\/2025\/12\/magnum.jpg\" \/>\n\t<meta property=\"og:image:width\" content=\"1500\" \/>\n\t<meta property=\"og:image:height\" content=\"1500\" \/>\n\t<meta property=\"og:image:type\" content=\"image\/jpeg\" \/>\n<meta name=\"twitter:card\" content=\"summary_large_image\" \/>\n<meta name=\"twitter:site\" content=\"@magnumins\" \/>\n<meta name=\"twitter:label1\" content=\"Tiempo de lectura\" \/>\n\t<meta name=\"twitter:data1\" content=\"1 minuto\" \/>\n<script type=\"application\/ld+json\" class=\"yoast-schema-graph\">{\"@context\":\"https:\\\/\\\/schema.org\",\"@graph\":[{\"@type\":\"WebPage\",\"@id\":\"https:\\\/\\\/magnuminsurance.com\\\/es\\\/app-movil-de-seguros-magnum\\\/\",\"url\":\"https:\\\/\\\/magnuminsurance.com\\\/es\\\/app-movil-de-seguros-magnum\\\/\",\"name\":\"Aplicaci\u00f3n m\u00f3vil Seguros Magnum - iOS y Android\",\"isPartOf\":{\"@id\":\"https:\\\/\\\/magnuminsurance.com\\\/es\\\/#website\"},\"primaryImageOfPage\":{\"@id\":\"https:\\\/\\\/magnuminsurance.com\\\/es\\\/app-movil-de-seguros-magnum\\\/#primaryimage\"},\"image\":{\"@id\":\"https:\\\/\\\/magnuminsurance.com\\\/es\\\/app-movil-de-seguros-magnum\\\/#primaryimage\"},\"thumbnailUrl\":\"https:\\\/\\\/magnuminsurance.com\\\/wp-content\\\/uploads\\\/2020\\\/06\\\/app-icon-easy.svg\",\"datePublished\":\"2023-03-15T17:39:55+00:00\",\"dateModified\":\"2026-01-19T15:13:15+00:00\",\"description\":\"Acceda a su seguro mientras viaja con la aplicaci\u00f3n m\u00f3vil Magnum Insurance. Administre p\u00f3lizas, presente reclamos y obtenga asistencia en cualquier momento y lugar.\",\"breadcrumb\":{\"@id\":\"https:\\\/\\\/magnuminsurance.com\\\/es\\\/app-movil-de-seguros-magnum\\\/#breadcrumb\"},\"inLanguage\":\"es\",\"potentialAction\":[{\"@type\":\"ReadAction\",\"target\":[\"https:\\\/\\\/magnuminsurance.com\\\/es\\\/app-movil-de-seguros-magnum\\\/\"]}]},{\"@type\":\"ImageObject\",\"inLanguage\":\"es\",\"@id\":\"https:\\\/\\\/magnuminsurance.com\\\/es\\\/app-movil-de-seguros-magnum\\\/#primaryimage\",\"url\":\"https:\\\/\\\/magnuminsurance.com\\\/wp-content\\\/uploads\\\/2020\\\/06\\\/app-icon-easy.svg\",\"contentUrl\":\"https:\\\/\\\/magnuminsurance.com\\\/wp-content\\\/uploads\\\/2020\\\/06\\\/app-icon-easy.svg\"},{\"@type\":\"BreadcrumbList\",\"@id\":\"https:\\\/\\\/magnuminsurance.com\\\/es\\\/app-movil-de-seguros-magnum\\\/#breadcrumb\",\"itemListElement\":[{\"@type\":\"ListItem\",\"position\":1,\"name\":\"Home\",\"item\":\"https:\\\/\\\/magnuminsurance.com\\\/es\\\/\"},{\"@type\":\"ListItem\",\"position\":2,\"name\":\"App M\u00f3vil de Seguros Magnum\"}]},{\"@type\":\"WebSite\",\"@id\":\"https:\\\/\\\/magnuminsurance.com\\\/es\\\/#website\",\"url\":\"https:\\\/\\\/magnuminsurance.com\\\/es\\\/\",\"name\":\"Seguros Magnum\",\"description\":\"Agencia de Seguros en Chicago y Suburbios\",\"publisher\":{\"@id\":\"https:\\\/\\\/magnuminsurance.com\\\/es\\\/#organization\"},\"potentialAction\":[{\"@type\":\"SearchAction\",\"target\":{\"@type\":\"EntryPoint\",\"urlTemplate\":\"https:\\\/\\\/magnuminsurance.com\\\/es\\\/?s={search_term_string}\"},\"query-input\":{\"@type\":\"PropertyValueSpecification\",\"valueRequired\":true,\"valueName\":\"search_term_string\"}}],\"inLanguage\":\"es\"},{\"@type\":\"Organization\",\"@id\":\"https:\\\/\\\/magnuminsurance.com\\\/es\\\/#organization\",\"name\":\"Magnum Insurance Agency\",\"alternateName\":\"Seguros Magnum\",\"url\":\"https:\\\/\\\/magnuminsurance.com\\\/es\\\/\",\"logo\":{\"@type\":\"ImageObject\",\"inLanguage\":\"es\",\"@id\":\"https:\\\/\\\/magnuminsurance.com\\\/es\\\/#\\\/schema\\\/logo\\\/image\\\/\",\"url\":\"https:\\\/\\\/magnuminsurance.com\\\/wp-content\\\/uploads\\\/2021\\\/04\\\/MagnumEnglishColorLogo.jpg\",\"contentUrl\":\"https:\\\/\\\/magnuminsurance.com\\\/wp-content\\\/uploads\\\/2021\\\/04\\\/MagnumEnglishColorLogo.jpg\",\"width\":1000,\"height\":247,\"caption\":\"Magnum Insurance Agency\"},\"image\":{\"@id\":\"https:\\\/\\\/magnuminsurance.com\\\/es\\\/#\\\/schema\\\/logo\\\/image\\\/\"},\"sameAs\":[\"https:\\\/\\\/www.facebook.com\\\/MagnumInsuranceAgency\\\/\",\"https:\\\/\\\/x.com\\\/magnumins\",\"https:\\\/\\\/www.instagram.com\\\/magnuminsuranceagency\\\/\",\"https:\\\/\\\/www.youtube.com\\\/user\\\/SegurosMagnum\",\"https:\\\/\\\/www.tiktok.com\\\/@magnuminsurance\"]}]}<\/script>\n<!-- \/ Yoast SEO plugin. -->","yoast_head_json":{"title":"Aplicaci\u00f3n m\u00f3vil Seguros Magnum - iOS y Android","description":"Acceda a su seguro mientras viaja con la aplicaci\u00f3n m\u00f3vil Magnum Insurance. Administre p\u00f3lizas, presente reclamos y obtenga asistencia en cualquier momento y lugar.","robots":{"index":"index","follow":"follow","max-snippet":"max-snippet:-1","max-image-preview":"max-image-preview:large","max-video-preview":"max-video-preview:-1"},"canonical":"https:\/\/magnuminsurance.com\/es\/app-movil-de-seguros-magnum\/","og_locale":"es_ES","og_type":"article","og_title":"Aplicaci\u00f3n m\u00f3vil Seguros Magnum - iOS y Android","og_description":"Acceda a su seguro mientras viaja con la aplicaci\u00f3n m\u00f3vil Magnum Insurance. Administre p\u00f3lizas, presente reclamos y obtenga asistencia en cualquier momento y lugar.","og_url":"https:\/\/magnuminsurance.com\/es\/app-movil-de-seguros-magnum\/","og_site_name":"Seguros Magnum","article_publisher":"https:\/\/www.facebook.com\/MagnumInsuranceAgency\/","article_modified_time":"2026-01-19T15:13:15+00:00","og_image":[{"width":1500,"height":1500,"url":"https:\/\/magnuminsurance.com\/wp-content\/uploads\/2025\/12\/magnum.jpg","type":"image\/jpeg"}],"twitter_card":"summary_large_image","twitter_site":"@magnumins","twitter_misc":{"Tiempo de lectura":"1 minuto"},"schema":{"@context":"https:\/\/schema.org","@graph":[{"@type":"WebPage","@id":"https:\/\/magnuminsurance.com\/es\/app-movil-de-seguros-magnum\/","url":"https:\/\/magnuminsurance.com\/es\/app-movil-de-seguros-magnum\/","name":"Aplicaci\u00f3n m\u00f3vil Seguros Magnum - iOS y Android","isPartOf":{"@id":"https:\/\/magnuminsurance.com\/es\/#website"},"primaryImageOfPage":{"@id":"https:\/\/magnuminsurance.com\/es\/app-movil-de-seguros-magnum\/#primaryimage"},"image":{"@id":"https:\/\/magnuminsurance.com\/es\/app-movil-de-seguros-magnum\/#primaryimage"},"thumbnailUrl":"https:\/\/magnuminsurance.com\/wp-content\/uploads\/2020\/06\/app-icon-easy.svg","datePublished":"2023-03-15T17:39:55+00:00","dateModified":"2026-01-19T15:13:15+00:00","description":"Acceda a su seguro mientras viaja con la aplicaci\u00f3n m\u00f3vil Magnum Insurance. Administre p\u00f3lizas, presente reclamos y obtenga asistencia en cualquier momento y lugar.","breadcrumb":{"@id":"https:\/\/magnuminsurance.com\/es\/app-movil-de-seguros-magnum\/#breadcrumb"},"inLanguage":"es","potentialAction":[{"@type":"ReadAction","target":["https:\/\/magnuminsurance.com\/es\/app-movil-de-seguros-magnum\/"]}]},{"@type":"ImageObject","inLanguage":"es","@id":"https:\/\/magnuminsurance.com\/es\/app-movil-de-seguros-magnum\/#primaryimage","url":"https:\/\/magnuminsurance.com\/wp-content\/uploads\/2020\/06\/app-icon-easy.svg","contentUrl":"https:\/\/magnuminsurance.com\/wp-content\/uploads\/2020\/06\/app-icon-easy.svg"},{"@type":"BreadcrumbList","@id":"https:\/\/magnuminsurance.com\/es\/app-movil-de-seguros-magnum\/#breadcrumb","itemListElement":[{"@type":"ListItem","position":1,"name":"Home","item":"https:\/\/magnuminsurance.com\/es\/"},{"@type":"ListItem","position":2,"name":"App M\u00f3vil de Seguros Magnum"}]},{"@type":"WebSite","@id":"https:\/\/magnuminsurance.com\/es\/#website","url":"https:\/\/magnuminsurance.com\/es\/","name":"Seguros Magnum","description":"Agencia de Seguros en Chicago y Suburbios","publisher":{"@id":"https:\/\/magnuminsurance.com\/es\/#organization"},"potentialAction":[{"@type":"SearchAction","target":{"@type":"EntryPoint","urlTemplate":"https:\/\/magnuminsurance.com\/es\/?s={search_term_string}"},"query-input":{"@type":"PropertyValueSpecification","valueRequired":true,"valueName":"search_term_string"}}],"inLanguage":"es"},{"@type":"Organization","@id":"https:\/\/magnuminsurance.com\/es\/#organization","name":"Magnum Insurance Agency","alternateName":"Seguros Magnum","url":"https:\/\/magnuminsurance.com\/es\/","logo":{"@type":"ImageObject","inLanguage":"es","@id":"https:\/\/magnuminsurance.com\/es\/#\/schema\/logo\/image\/","url":"https:\/\/magnuminsurance.com\/wp-content\/uploads\/2021\/04\/MagnumEnglishColorLogo.jpg","contentUrl":"https:\/\/magnuminsurance.com\/wp-content\/uploads\/2021\/04\/MagnumEnglishColorLogo.jpg","width":1000,"height":247,"caption":"Magnum Insurance Agency"},"image":{"@id":"https:\/\/magnuminsurance.com\/es\/#\/schema\/logo\/image\/"},"sameAs":["https:\/\/www.facebook.com\/MagnumInsuranceAgency\/","https:\/\/x.com\/magnumins","https:\/\/www.instagram.com\/magnuminsuranceagency\/","https:\/\/www.youtube.com\/user\/SegurosMagnum","https:\/\/www.tiktok.com\/@magnuminsurance"]}]}},"_links":{"self":[{"href":"https:\/\/magnuminsurance.com\/es\/wp-json\/wp\/v2\/pages\/12452","targetHints":{"allow":["GET"]}}],"collection":[{"href":"https:\/\/magnuminsurance.com\/es\/wp-json\/wp\/v2\/pages"}],"about":[{"href":"https:\/\/magnuminsurance.com\/es\/wp-json\/wp\/v2\/types\/page"}],"author":[{"embeddable":true,"href":"https:\/\/magnuminsurance.com\/es\/wp-json\/wp\/v2\/users\/1"}],"replies":[{"embeddable":true,"href":"https:\/\/magnuminsurance.com\/es\/wp-json\/wp\/v2\/comments?post=12452"}],"version-history":[{"count":45,"href":"https:\/\/magnuminsurance.com\/es\/wp-json\/wp\/v2\/pages\/12452\/revisions"}],"predecessor-version":[{"id":29588,"href":"https:\/\/magnuminsurance.com\/es\/wp-json\/wp\/v2\/pages\/12452\/revisions\/29588"}],"wp:attachment":[{"href":"https:\/\/magnuminsurance.com\/es\/wp-json\/wp\/v2\/media?parent=12452"}],"curies":[{"name":"wp","href":"https:\/\/api.w.org\/{rel}","templated":true}]}}