{"id":21933,"date":"2021-03-05T17:33:08","date_gmt":"2021-03-05T17:33:08","guid":{"rendered":"https:\/\/dev.magnuminsurance.com\/privacy-security\/"},"modified":"2025-09-02T16:22:02","modified_gmt":"2025-09-02T21:22:02","slug":"privacy-security","status":"publish","type":"page","link":"https:\/\/magnuminsurance.com\/es\/privacy-security\/","title":{"rendered":"Privacy &#038; Security"},"content":{"rendered":"\n<h1 class=\"wp-block-heading has-text-align-center\"><strong>Declaraci\u00f3n de Privacidad<\/strong><\/h1>\n\n\n\n<hr class=\"wp-block-separator has-alpha-channel-opacity\"\/>\n\n\n\n<p>La siguiente Declaraci\u00f3n de Privacidad establece las pol\u00edticas para la recopilaci\u00f3n y el uso de la informaci\u00f3n de identificaci\u00f3n personal (\u201cInformaci\u00f3n\u201d) por parte de <strong>Magnum Insurance Agency Co Inc, LLC<\/strong> (\u201cMagnum Insurance Agency Co Inc\u201d). Esta Declaraci\u00f3n cubre el funcionamiento de su(s) sitio(s) web <strong><a class=\"\" href=\"https:\/\/magnuminsurance.com\">https:\/\/magnuminsurance.com<\/a><\/strong> y <strong><a href=\"https:\/\/www.magnuminsurance.com\/es\">http:\/\/www.magnuminsurance.com\/es<\/a><\/strong> (el \u201cSitio\u201d) y de sus <strong>servicios de mensajer\u00eda de marca blanca<\/strong>, operados en nombre de terceros (sus \u201cClientes\u201d), y sustituye cualquier declaraci\u00f3n anterior de dichas pol\u00edticas. (En esta Declaraci\u00f3n, el Sitio y el servicio de marca blanca se denominan, en conjunto, el \u201cNegocio\u201d). Magnum Insurance Agency Co Inc se toma muy en serio sus obligaciones en materia de privacidad y desea asegurarse de que sus Clientes est\u00e9n plenamente informados sobre la Informaci\u00f3n que proporcionan. \u201cInformaci\u00f3n de identificaci\u00f3n personal\u201d se refiere a datos que pueden identificar a una persona, como un nombre o una direcci\u00f3n de correo electr\u00f3nico. Env\u00eda tus preguntas sobre este Sitio o sobre esta Declaraci\u00f3n de Privacidad a <strong><a>privacy@magnuminsurance.com<\/a><\/strong>.<\/p>\n\n\n\n<h2 class=\"wp-block-heading\">Recopilaci\u00f3n de informaci\u00f3n<\/h2>\n\n\n\n<p>Recopilamos informaci\u00f3n personal en el Sitio para facilitar los servicios que se te ofrecen durante el uso del Negocio. Los Clientes deben registrar una cuenta en el Sitio antes de acceder a cualquier servicio. Para registrar una cuenta, podemos solicitar nombre, correo electr\u00f3nico, n\u00famero de tel\u00e9fono y domicilio, as\u00ed como informaci\u00f3n financiera confidencial \u2014incluidos n\u00fameros de tarjeta de cr\u00e9dito\u2014 para procesar el registro. Cuando corresponda, tambi\u00e9n recopilamos informaci\u00f3n personal de terceros si el administrador registrado es distinto de quien inicia el registro del servicio. Al registrarte, la plataforma permite que los Clientes ingresen informaci\u00f3n personal de terceros en su cuenta para utilizar los servicios del Negocio; esta informaci\u00f3n puede incluir, entre otros, n\u00fameros de tel\u00e9fono celular, nombres asociados, notas y direcciones de correo electr\u00f3nico. Ninguna de esta informaci\u00f3n personal se utiliza con fines promocionales ni se comparte con terceros para sus fines promocionales por parte de Magnum Insurance Agency Co Inc.<\/p>\n\n\n\n<p>Magnum Insurance Agency Co Inc tambi\u00e9n puede recopilar informaci\u00f3n no identificable personalmente de los Clientes mediante \u201ccookies\u201d (peque\u00f1os archivos de texto colocados por Magnum Insurance Agency Co Inc en las computadoras de los usuarios), archivos GIF de un solo p\u00edxel (tambi\u00e9n llamados \u201cbalizas web\u201d), an\u00e1lisis de registros de servidores web y otros medios tecnol\u00f3gicos similares. Tambi\u00e9n recibimos informaci\u00f3n de navegaci\u00f3n del sitio, como la direcci\u00f3n IP y la URL de referencia, cuando se visita nuestro Sitio. Dicha informaci\u00f3n puede usarse para analizar tendencias del sitio y mejorar la experiencia del usuario, y puede compartirse con terceros en forma agregada y no identificable personalmente. En la medida en que terceros publiquen publicidad en el Sitio, estos pueden usar cookies u otros medios tecnol\u00f3gicos dentro de la publicidad para recopilar y usar informaci\u00f3n no identificable personalmente. Magnum Insurance Agency Co Inc no se hace responsable de la informaci\u00f3n recopilada por terceros de este modo ni de la recopilaci\u00f3n o uso de Informaci\u00f3n por parte de otros sitios a los que enlaza el Sitio.<\/p>\n\n\n\n<h2 class=\"wp-block-heading\">Menores<\/h2>\n\n\n\n<p>Este Sitio no est\u00e1 dirigido a usuarios menores de 18 a\u00f1os, ni Magnum Insurance Agency Co Inc recopila o conserva deliberadamente Informaci\u00f3n de menores de 13 a\u00f1os.<\/p>\n\n\n\n<h2 class=\"wp-block-heading\">Uso de la Informaci\u00f3n<\/h2>\n\n\n\n<p>Magnum Insurance Agency Co Inc utiliza la Informaci\u00f3n recopilada en relaci\u00f3n con el Sitio de las siguientes maneras:<\/p>\n\n\n\n<ol class=\"wp-block-list\">\n<li>Para proporcionar, a trav\u00e9s del Sitio, la informaci\u00f3n, los productos y los servicios solicitados por los usuarios.<\/li>\n\n\n\n<li>Para mejorar la experiencia del usuario con el\/los Sitio(s).<\/li>\n\n\n\n<li>En relaci\u00f3n con la operaci\u00f3n del\/los Sitio(s).<\/li>\n\n\n\n<li>Para que los usuarios obtengan informaci\u00f3n y ofertas sobre productos y servicios ofrecidos por Magnum Insurance Agency Co Inc.<\/li>\n<\/ol>\n\n\n\n<p>La informaci\u00f3n de tel\u00e9fonos m\u00f3viles no se compartir\u00e1 con terceros ni con afiliados con fines de mercadeo o promoci\u00f3n. Todas las dem\u00e1s categor\u00edas excluyen los datos de consentimiento y suscripci\u00f3n al env\u00edo de mensajes de texto; esta informaci\u00f3n no se compartir\u00e1 con ning\u00fan tercero.<\/p>\n\n\n\n<h2 class=\"wp-block-heading\">Seguridad<\/h2>\n\n\n\n<p>Magnum Insurance Agency Co Inc emplea est\u00e1ndares de seguridad f\u00edsicos y electr\u00f3nicos aceptados por la industria para reducir el riesgo de acceso inadecuado o de manipulaci\u00f3n de la Informaci\u00f3n durante la transmisi\u00f3n y el almacenamiento. Utilizamos tecnolog\u00eda <strong>SSL (Secure Socket Layer)<\/strong> para proteger tu informaci\u00f3n sensible durante la transmisi\u00f3n. Si bien tomamos todas las precauciones para garantizar la seguridad, ning\u00fan m\u00e9todo es 100 % infalible; te recomendamos actuar con criterio al enviar tu informaci\u00f3n.<\/p>\n\n\n\n<h2 class=\"wp-block-heading\">Divulgaci\u00f3n de informaci\u00f3n<\/h2>\n\n\n\n<p>Magnum Insurance Agency Co Inc puede tener la obligaci\u00f3n legal de divulgar informaci\u00f3n al gobierno o a terceros en determinadas circunstancias, como actividad ilegal en nuestro Sitio. Magnum Insurance Agency Co Inc se reserva el derecho de divulgar informaci\u00f3n personal a sus proveedores de servicios, a cuerpos de seguridad u otros funcionarios gubernamentales, o en respuesta a una solicitud formal en una acci\u00f3n civil, orden judicial o proceso legal, seg\u00fan consideremos, a nuestro exclusivo y absoluto criterio, necesario o apropiado.<\/p>\n\n\n\n<p>Adem\u00e1s, en caso de fusi\u00f3n, venta o adquisici\u00f3n de la totalidad o parte de los activos de Magnum Insurance Agency Co Inc, tu informaci\u00f3n personal podr\u00eda formar parte de los activos transferidos. En tal caso, te notificaremos mediante un aviso en la p\u00e1gina de inicio. Se se\u00f1alar\u00e1n los cambios en las pr\u00e1cticas relativas a tu informaci\u00f3n y tus opciones. El Sitio utiliza un procesador de pagos externo para procesar los pagos que se nos realizan. Este tercero no est\u00e1 autorizado a usar esta informaci\u00f3n para ning\u00fan prop\u00f3sito m\u00e1s all\u00e1 de facilitar este servicio en nuestro nombre.<\/p>\n\n\n\n<p>Publicamos testimonios de clientes en nuestro Sitio que pueden incluir el nombre del usuario y su correo electr\u00f3nico [no visible]. Obtenemos el permiso de nuestros Clientes antes de publicar sus testimonios. Cuando eliges comentar en una publicaci\u00f3n del blog, ten en cuenta que cualquier informaci\u00f3n personal que env\u00edes all\u00ed ser\u00e1 p\u00fablica para otros usuarios del Sitio y puede utilizarse para enviar mensajes no solicitados. Magnum Insurance Agency Co Inc no es responsable de la informaci\u00f3n personal que un usuario decida divulgar en un foro p\u00fablico.<\/p>\n\n\n\n<h2 class=\"wp-block-heading\">C\u00f3mo dejar de recibir ofertas de Magnum Insurance Agency Co Inc<\/h2>\n\n\n\n<p>Puedes dejar de recibir nuestros boletines haciendo clic en el enlace para cancelar suscripci\u00f3n incluido en cada correo que enviamos, o escribiendo a <strong><a>privacy@magnuminsurance.com<\/a><\/strong>.<\/p>\n\n\n\n<p>Las ofertas de servicio de Magnum Insurance Agency Co Inc incluyen actuar como proveedor para nuestros clientes al ofrecer una plataforma de \u201copt-out\u201d para sus destinatarios (usuarios finales). En cualquier momento, los destinatarios pueden dejar de recibir ofertas por SMS enviando el mensaje <strong>\u201cSTOP\u201d<\/strong> al <em>shortcode<\/em> correspondiente. Adem\u00e1s, los usuarios finales pueden dejar de recibir ofertas de un cliente en particular enviando <strong>STOP<\/strong> al <em>shortcode<\/em> espec\u00edfico de ese Cliente, o siguiendo otras instrucciones proporcionadas por dicho Cliente. La baja respecto de un Cliente no se aplica a comunicaciones de otros Clientes. Toda la informaci\u00f3n proporcionada a los clientes de Magnum Insurance Agency Co Inc es propiedad de dicho cliente y est\u00e1 sujeta a su propia pol\u00edtica de privacidad. No somos responsables de sus pr\u00e1cticas de privacidad cuando actuamos como su proveedor de servicios.<\/p>\n\n\n\n<h2 class=\"wp-block-heading\">Acceso a la Informaci\u00f3n<\/h2>\n\n\n\n<p>Todos los Clientes que proporcionen su Informaci\u00f3n a Magnum Insurance Agency Co Inc pueden modificarla y corregirla escribi\u00e9ndonos a <strong><a>info@magnumia.com<\/a><\/strong>; los clientes registrados pueden modificar su informaci\u00f3n personal y sus cuentas iniciando sesi\u00f3n desde nuestra p\u00e1gina de inicio y actualizando sus preferencias.<\/p>\n\n\n\n<h2 class=\"wp-block-heading\">Derechos de privacidad en California<\/h2>\n\n\n\n<p>A partir del <strong>1 de enero de 2005<\/strong>, la Secci\u00f3n <strong>1798.83<\/strong> del C\u00f3digo Civil de California permite a los clientes de Magnum Insurance Agency Co Inc que residan en California solicitar determinada informaci\u00f3n sobre la divulgaci\u00f3n de informaci\u00f3n personal a terceros para fines de mercadotecnia directa de dichos terceros. Para realizar esa solicitud, escribe a <strong><a>info@magnumia.com<\/a><\/strong>.<\/p>\n\n\n\n<h2 class=\"wp-block-heading\">Cambios a esta Pol\u00edtica de Privacidad<\/h2>\n\n\n\n<p>Magnum Insurance Agency Co Inc se reserva el derecho de revisar y actualizar esta Pol\u00edtica de Privacidad en cualquier momento. Cualquier revisi\u00f3n ser\u00e1 efectiva a partir de la fecha de su publicaci\u00f3n en el Sitio y se aplicar\u00e1 a toda la informaci\u00f3n recopilada por Magnum Insurance Agency Co Inc antes y despu\u00e9s de la fecha de entrada en vigor. Tu uso del Sitio tras dichas revisiones se considerar\u00e1 como aceptaci\u00f3n de las mismas. Te recomendamos visitar peri\u00f3dicamente esta p\u00e1gina para consultar las pol\u00edticas vigentes sobre la Informaci\u00f3n. Si realizamos un cambio sustancial en la manera en que recopilamos, usamos o almacenamos informaci\u00f3n, te notificaremos mediante una notificaci\u00f3n del sistema al iniciar sesi\u00f3n.<\/p>\n\n\n\n<h2 class=\"wp-block-heading\">C\u00f3mo contactarnos<\/h2>\n\n\n\n<p>Puedes comunicarte con Magnum Insurance Agency Co Inc con tus preguntas o inquietudes en <strong><a>info@magnumia.com<\/a><\/strong>.<br>O por correo postal a: <strong>2250 E Devon, Suite 329, Des Plaines, IL 60018<\/strong>.<br><strong>Magnum Insurance Agency Co Inc \u2013 Cumplimiento<\/strong><\/p>\n\n\n\n<p><strong>Vigente desde:<\/strong> 19 de octubre de 2020.<\/p>\n\n\n\n<p><\/p>\n","protected":false},"excerpt":{"rendered":"<p>Declaraci\u00f3n de Privacidad La siguiente Declaraci\u00f3n de Privacidad establece las pol\u00edticas para la recopilaci\u00f3n y el uso de la informaci\u00f3n de identificaci\u00f3n personal (\u201cInformaci\u00f3n\u201d) por parte de Magnum Insurance Agency Co Inc, LLC (\u201cMagnum Insurance Agency Co Inc\u201d). Esta Declaraci\u00f3n cubre el funcionamiento de su(s) sitio(s) web https:\/\/magnuminsurance.com y http:\/\/www.magnuminsurance.com\/es (el \u201cSitio\u201d) y de sus&#8230;<\/p>\n","protected":false},"author":5,"featured_media":0,"parent":0,"menu_order":0,"comment_status":"closed","ping_status":"closed","template":"","meta":{"_acf_changed":false,"inline_featured_image":false,"footnotes":""},"class_list":["post-21933","page","type-page","status-publish","hentry"],"acf":[],"yoast_head":"<!-- This site is optimized with the Yoast SEO plugin v27.4 - https:\/\/yoast.com\/product\/yoast-seo-wordpress\/ -->\n<title>Privacy &amp; Security - Seguros Magnum<\/title>\n<meta name=\"description\" content=\"Conoce c\u00f3mo Seguros Magnum protege tu informaci\u00f3n personal mediante pr\u00e1cticas seguras de recopilaci\u00f3n, uso y almacenamiento. Inf\u00f3rmate sobre tus derechos, opciones de exclusi\u00f3n y pol\u00edticas de privacidad.\" \/>\n<meta name=\"robots\" content=\"index, follow, max-snippet:-1, max-image-preview:large, max-video-preview:-1\" \/>\n<link rel=\"canonical\" href=\"https:\/\/magnuminsurance.com\/es\/privacy-security\/\" \/>\n<meta property=\"og:locale\" content=\"es_ES\" \/>\n<meta property=\"og:type\" content=\"article\" \/>\n<meta property=\"og:title\" content=\"Privacy &amp; Security - Seguros Magnum\" \/>\n<meta property=\"og:description\" content=\"Conoce c\u00f3mo Seguros Magnum protege tu informaci\u00f3n personal mediante pr\u00e1cticas seguras de recopilaci\u00f3n, uso y almacenamiento. Inf\u00f3rmate sobre tus derechos, opciones de exclusi\u00f3n y pol\u00edticas de privacidad.\" \/>\n<meta property=\"og:url\" content=\"https:\/\/magnuminsurance.com\/es\/privacy-security\/\" \/>\n<meta property=\"og:site_name\" content=\"Seguros Magnum\" \/>\n<meta property=\"article:publisher\" content=\"https:\/\/www.facebook.com\/MagnumInsuranceAgency\/\" \/>\n<meta property=\"article:modified_time\" content=\"2025-09-02T21:22:02+00:00\" \/>\n<meta property=\"og:image\" content=\"https:\/\/magnuminsurance.com\/wp-content\/uploads\/2025\/12\/magnum.jpg\" \/>\n\t<meta property=\"og:image:width\" content=\"1500\" \/>\n\t<meta property=\"og:image:height\" content=\"1500\" \/>\n\t<meta property=\"og:image:type\" content=\"image\/jpeg\" \/>\n<meta name=\"twitter:card\" content=\"summary_large_image\" \/>\n<meta name=\"twitter:site\" content=\"@magnumins\" \/>\n<meta name=\"twitter:label1\" content=\"Tiempo de lectura\" \/>\n\t<meta name=\"twitter:data1\" content=\"7 minutos\" \/>\n<script type=\"application\/ld+json\" class=\"yoast-schema-graph\">{\"@context\":\"https:\\\/\\\/schema.org\",\"@graph\":[{\"@type\":\"WebPage\",\"@id\":\"https:\\\/\\\/magnuminsurance.com\\\/es\\\/privacy-security\\\/\",\"url\":\"https:\\\/\\\/magnuminsurance.com\\\/es\\\/privacy-security\\\/\",\"name\":\"Privacy & Security - Seguros Magnum\",\"isPartOf\":{\"@id\":\"https:\\\/\\\/magnuminsurance.com\\\/es\\\/#website\"},\"datePublished\":\"2021-03-05T17:33:08+00:00\",\"dateModified\":\"2025-09-02T21:22:02+00:00\",\"description\":\"Conoce c\u00f3mo Seguros Magnum protege tu informaci\u00f3n personal mediante pr\u00e1cticas seguras de recopilaci\u00f3n, uso y almacenamiento. Inf\u00f3rmate sobre tus derechos, opciones de exclusi\u00f3n y pol\u00edticas de privacidad.\",\"breadcrumb\":{\"@id\":\"https:\\\/\\\/magnuminsurance.com\\\/es\\\/privacy-security\\\/#breadcrumb\"},\"inLanguage\":\"es\",\"potentialAction\":[{\"@type\":\"ReadAction\",\"target\":[\"https:\\\/\\\/magnuminsurance.com\\\/es\\\/privacy-security\\\/\"]}]},{\"@type\":\"BreadcrumbList\",\"@id\":\"https:\\\/\\\/magnuminsurance.com\\\/es\\\/privacy-security\\\/#breadcrumb\",\"itemListElement\":[{\"@type\":\"ListItem\",\"position\":1,\"name\":\"Home\",\"item\":\"https:\\\/\\\/magnuminsurance.com\\\/es\\\/\"},{\"@type\":\"ListItem\",\"position\":2,\"name\":\"Privacy &#038; Security\"}]},{\"@type\":\"WebSite\",\"@id\":\"https:\\\/\\\/magnuminsurance.com\\\/es\\\/#website\",\"url\":\"https:\\\/\\\/magnuminsurance.com\\\/es\\\/\",\"name\":\"Seguros Magnum\",\"description\":\"Agencia de Seguros en Chicago y Suburbios\",\"publisher\":{\"@id\":\"https:\\\/\\\/magnuminsurance.com\\\/es\\\/#organization\"},\"potentialAction\":[{\"@type\":\"SearchAction\",\"target\":{\"@type\":\"EntryPoint\",\"urlTemplate\":\"https:\\\/\\\/magnuminsurance.com\\\/es\\\/?s={search_term_string}\"},\"query-input\":{\"@type\":\"PropertyValueSpecification\",\"valueRequired\":true,\"valueName\":\"search_term_string\"}}],\"inLanguage\":\"es\"},{\"@type\":\"Organization\",\"@id\":\"https:\\\/\\\/magnuminsurance.com\\\/es\\\/#organization\",\"name\":\"Magnum Insurance Agency\",\"alternateName\":\"Seguros Magnum\",\"url\":\"https:\\\/\\\/magnuminsurance.com\\\/es\\\/\",\"logo\":{\"@type\":\"ImageObject\",\"inLanguage\":\"es\",\"@id\":\"https:\\\/\\\/magnuminsurance.com\\\/es\\\/#\\\/schema\\\/logo\\\/image\\\/\",\"url\":\"https:\\\/\\\/magnuminsurance.com\\\/wp-content\\\/uploads\\\/2021\\\/04\\\/MagnumEnglishColorLogo.jpg\",\"contentUrl\":\"https:\\\/\\\/magnuminsurance.com\\\/wp-content\\\/uploads\\\/2021\\\/04\\\/MagnumEnglishColorLogo.jpg\",\"width\":1000,\"height\":247,\"caption\":\"Magnum Insurance Agency\"},\"image\":{\"@id\":\"https:\\\/\\\/magnuminsurance.com\\\/es\\\/#\\\/schema\\\/logo\\\/image\\\/\"},\"sameAs\":[\"https:\\\/\\\/www.facebook.com\\\/MagnumInsuranceAgency\\\/\",\"https:\\\/\\\/x.com\\\/magnumins\",\"https:\\\/\\\/www.instagram.com\\\/magnuminsuranceagency\\\/\",\"https:\\\/\\\/www.youtube.com\\\/user\\\/SegurosMagnum\",\"https:\\\/\\\/www.tiktok.com\\\/@magnuminsurance\"]}]}<\/script>\n<!-- \/ Yoast SEO plugin. -->","yoast_head_json":{"title":"Privacy & Security - Seguros Magnum","description":"Conoce c\u00f3mo Seguros Magnum protege tu informaci\u00f3n personal mediante pr\u00e1cticas seguras de recopilaci\u00f3n, uso y almacenamiento. Inf\u00f3rmate sobre tus derechos, opciones de exclusi\u00f3n y pol\u00edticas de privacidad.","robots":{"index":"index","follow":"follow","max-snippet":"max-snippet:-1","max-image-preview":"max-image-preview:large","max-video-preview":"max-video-preview:-1"},"canonical":"https:\/\/magnuminsurance.com\/es\/privacy-security\/","og_locale":"es_ES","og_type":"article","og_title":"Privacy & Security - Seguros Magnum","og_description":"Conoce c\u00f3mo Seguros Magnum protege tu informaci\u00f3n personal mediante pr\u00e1cticas seguras de recopilaci\u00f3n, uso y almacenamiento. Inf\u00f3rmate sobre tus derechos, opciones de exclusi\u00f3n y pol\u00edticas de privacidad.","og_url":"https:\/\/magnuminsurance.com\/es\/privacy-security\/","og_site_name":"Seguros Magnum","article_publisher":"https:\/\/www.facebook.com\/MagnumInsuranceAgency\/","article_modified_time":"2025-09-02T21:22:02+00:00","og_image":[{"width":1500,"height":1500,"url":"https:\/\/magnuminsurance.com\/wp-content\/uploads\/2025\/12\/magnum.jpg","type":"image\/jpeg"}],"twitter_card":"summary_large_image","twitter_site":"@magnumins","twitter_misc":{"Tiempo de lectura":"7 minutos"},"schema":{"@context":"https:\/\/schema.org","@graph":[{"@type":"WebPage","@id":"https:\/\/magnuminsurance.com\/es\/privacy-security\/","url":"https:\/\/magnuminsurance.com\/es\/privacy-security\/","name":"Privacy & Security - Seguros Magnum","isPartOf":{"@id":"https:\/\/magnuminsurance.com\/es\/#website"},"datePublished":"2021-03-05T17:33:08+00:00","dateModified":"2025-09-02T21:22:02+00:00","description":"Conoce c\u00f3mo Seguros Magnum protege tu informaci\u00f3n personal mediante pr\u00e1cticas seguras de recopilaci\u00f3n, uso y almacenamiento. Inf\u00f3rmate sobre tus derechos, opciones de exclusi\u00f3n y pol\u00edticas de privacidad.","breadcrumb":{"@id":"https:\/\/magnuminsurance.com\/es\/privacy-security\/#breadcrumb"},"inLanguage":"es","potentialAction":[{"@type":"ReadAction","target":["https:\/\/magnuminsurance.com\/es\/privacy-security\/"]}]},{"@type":"BreadcrumbList","@id":"https:\/\/magnuminsurance.com\/es\/privacy-security\/#breadcrumb","itemListElement":[{"@type":"ListItem","position":1,"name":"Home","item":"https:\/\/magnuminsurance.com\/es\/"},{"@type":"ListItem","position":2,"name":"Privacy &#038; Security"}]},{"@type":"WebSite","@id":"https:\/\/magnuminsurance.com\/es\/#website","url":"https:\/\/magnuminsurance.com\/es\/","name":"Seguros Magnum","description":"Agencia de Seguros en Chicago y Suburbios","publisher":{"@id":"https:\/\/magnuminsurance.com\/es\/#organization"},"potentialAction":[{"@type":"SearchAction","target":{"@type":"EntryPoint","urlTemplate":"https:\/\/magnuminsurance.com\/es\/?s={search_term_string}"},"query-input":{"@type":"PropertyValueSpecification","valueRequired":true,"valueName":"search_term_string"}}],"inLanguage":"es"},{"@type":"Organization","@id":"https:\/\/magnuminsurance.com\/es\/#organization","name":"Magnum Insurance Agency","alternateName":"Seguros Magnum","url":"https:\/\/magnuminsurance.com\/es\/","logo":{"@type":"ImageObject","inLanguage":"es","@id":"https:\/\/magnuminsurance.com\/es\/#\/schema\/logo\/image\/","url":"https:\/\/magnuminsurance.com\/wp-content\/uploads\/2021\/04\/MagnumEnglishColorLogo.jpg","contentUrl":"https:\/\/magnuminsurance.com\/wp-content\/uploads\/2021\/04\/MagnumEnglishColorLogo.jpg","width":1000,"height":247,"caption":"Magnum Insurance Agency"},"image":{"@id":"https:\/\/magnuminsurance.com\/es\/#\/schema\/logo\/image\/"},"sameAs":["https:\/\/www.facebook.com\/MagnumInsuranceAgency\/","https:\/\/x.com\/magnumins","https:\/\/www.instagram.com\/magnuminsuranceagency\/","https:\/\/www.youtube.com\/user\/SegurosMagnum","https:\/\/www.tiktok.com\/@magnuminsurance"]}]}},"_links":{"self":[{"href":"https:\/\/magnuminsurance.com\/es\/wp-json\/wp\/v2\/pages\/21933","targetHints":{"allow":["GET"]}}],"collection":[{"href":"https:\/\/magnuminsurance.com\/es\/wp-json\/wp\/v2\/pages"}],"about":[{"href":"https:\/\/magnuminsurance.com\/es\/wp-json\/wp\/v2\/types\/page"}],"author":[{"embeddable":true,"href":"https:\/\/magnuminsurance.com\/es\/wp-json\/wp\/v2\/users\/5"}],"replies":[{"embeddable":true,"href":"https:\/\/magnuminsurance.com\/es\/wp-json\/wp\/v2\/comments?post=21933"}],"version-history":[{"count":4,"href":"https:\/\/magnuminsurance.com\/es\/wp-json\/wp\/v2\/pages\/21933\/revisions"}],"predecessor-version":[{"id":26477,"href":"https:\/\/magnuminsurance.com\/es\/wp-json\/wp\/v2\/pages\/21933\/revisions\/26477"}],"wp:attachment":[{"href":"https:\/\/magnuminsurance.com\/es\/wp-json\/wp\/v2\/media?parent=21933"}],"curies":[{"name":"wp","href":"https:\/\/api.w.org\/{rel}","templated":true}]}}