{"id":2603,"date":"2020-06-05T15:38:05","date_gmt":"2020-06-05T15:38:05","guid":{"rendered":"https:\/\/magnuminsurance.com\/?page_id=2603"},"modified":"2025-10-07T15:26:31","modified_gmt":"2025-10-07T20:26:31","slug":"acerca-de-nosotros","status":"publish","type":"page","link":"https:\/\/magnuminsurance.com\/es\/acerca-de-nosotros\/","title":{"rendered":"Acerca de Nosotros"},"content":{"rendered":"\n<h1 class=\"wp-block-heading has-text-align-center\">ACERCA DE NOSOTROS<\/h1>\n\n\n\n<p><strong>Seguros Magnum<\/strong>\u00a0es un nombre de confianza cuando se trata de <a href=\"https:\/\/magnuminsurance.com\/es\/perspectivas-de-seguros\/agentes-de-seguros-independientes\/\">cobertura de seguros independientes<\/a> en\u00a0los estados unidos. Nuestros agentes especializados est\u00e1n listos para encontrarte la mejor cobertura a la\u00a0<strong>tarifa m\u00e1s accesible posible<\/strong>. No estamos vendiendo seguros de autom\u00f3viles baratos,\u00a0<strong>estamos ofreciendo una cobertura de calidad que se adapte a tu presupuesto y necesidades<\/strong>. Los clientes recibir\u00e1n los precios de seguro m\u00e1s competitivos con pagos mensuales bajos, flexibles y financiamiento que se ajuste a su presupuesto.<\/p>\n\n\n\n<p>Somos m\u00e1s que s\u00f3lo un seguro de Auto. Como una de las mejores agencias de seguros,&nbsp;<strong>proporcionamos a todos y cada uno de nuestros clientes un servicio al cliente superior<\/strong>. En Seguros Magnum, nos movemos a la velocidad de tu vida prepar\u00e1ndote para las siguientes etapas de tu vida mientras te encontramos descuentos de cobertura en el camino. Ya sea que busques tu primer vivienda, compres un auto, alquiles una casa, esperes un hijo o simplemente quieras cambiar y ahorrar en tu proveedor de seguros actual,&nbsp;<strong>nosotros hacemos que el encontrar precios de seguros accesibles sea f\u00e1cil para que puedas ahorrar tiempo y dinero<\/strong>.<\/p>\n\n\n\n<div style=\"height:15px\" aria-hidden=\"true\" class=\"wp-block-spacer\"><\/div>\n\n\n\n<div\n\tid=\"team-members-block_83b1f93e5c0079e4d8d518565c7c653f\"\n\tclass=\"team-members  alignfull\">\n\n\t\t<div class=\"team-members__item\">\n\t\t<div class=\"team-members__img\">\n\t\t\t<img \n\t\t\t\tsrc=\"https:\/\/magnuminsurance.com\/wp-content\/uploads\/2020\/07\/about-learn-more.jpg\" \n\t\t\t\talt=\"Team Member\"\n\t\t\t\twidth=\"250\"\n\t\t\t\theight=\"250\"\n\t\t\t\tloading=\"lazy\"\n\t\t\t\tdecoding=\"async\">\n\t\t<\/div>\n\t\t<h6 class=\"team-members__title\">\n\t\t\tObt\u00e9n m\u00e1s informaci\u00f3n sobre los productos de seguro que cubrimos\t\t<\/h6>\n\t\t<div class=\"team-members__text\">\n\t\t\t<p><a href=\"\/es\/seguro-del-auto\/\">Seguros de Auto<\/a>,<br \/>\n<a href=\"\/es\/seguro-motocicleta\/\">seguros de motocicleta insurance<\/a>,<br \/>\n<a href=\"\/es\/seguro-sr22\/\">seguros SR22<\/a>,<br \/>\n<a href=\"\/es\/seguro-auto-mexico\/\">seguros de autos en M\u00e9xico<\/a>,<br \/>\n<a href=\"\/es\/seguro-casa\/\">seguro de la vivienda<\/a>,<br \/>\n<a href=\"\/es\/seguro-condominio\/\">seguro de condominio<\/a>,<br \/>\n<a href=\"\/es\/seguro-de-inquilino\/\">seguro para inquilinos<\/a>,<br \/>\n<a href=\"\/es\/seguro-comercial\/\">seguros comerciales<\/a>,<br \/>\n<a href=\"\/es\/seguro-de-vida\/\">seguros de vida<\/a>,<br \/>\n<a href=\"\/es\/seguro-de-salud\/\">seguros de salud<\/a>,<br \/>\n<a href=\"\/es\/asistencia-en-carretera\/\">asistencia en carretera<\/a>,<br \/>\n<a href=\"\/es\/fianza-de-garantia\">fianzas de garantia<\/a>,<br \/>\n<a href=\"\/es\/seguro-de-embarcaciones\">seguro de embarcaciones<\/a>,<br \/>\n<a href=\"\/es\/paquete-seguro-casa\/\">combinaci\u00f3n casa y auto<\/a>.<\/p>\n\t\t<\/div>\n\t<\/div>\n\t\t<div class=\"team-members__item\">\n\t\t<div class=\"team-members__img\">\n\t\t\t<img \n\t\t\t\tsrc=\"https:\/\/magnuminsurance.com\/wp-content\/uploads\/2020\/07\/about-ensure-everyone.jpg\" \n\t\t\t\talt=\"Team Member\"\n\t\t\t\twidth=\"250\"\n\t\t\t\theight=\"250\"\n\t\t\t\tloading=\"lazy\"\n\t\t\t\tdecoding=\"async\">\n\t\t<\/div>\n\t\t<h6 class=\"team-members__title\">\n\t\t\tAseguramos a todos\t\t<\/h6>\n\t\t<div class=\"team-members__text\">\n\t\t\t<p>En Seguros Magnum, te ayudaremos a encontrar la protecci\u00f3n m\u00e1s accesible independientemente de tu historial y cr\u00e9dito para que puedas cumplir con los requisitos m\u00ednimos de responsabilidad civil. SR22, multas o accidentes, licencias suspendidas \/ revocadas, conductores Uber \/ Lyft, DUI (Conducir bajo influencia), Licencia fuera del estado o internacional, sin licencia. No hay problema. Te tenemos cubierto.<\/p>\n\t\t<\/div>\n\t<\/div>\n\t\t<div class=\"team-members__item\">\n\t\t<div class=\"team-members__img\">\n\t\t\t<img \n\t\t\t\tsrc=\"https:\/\/magnuminsurance.com\/wp-content\/uploads\/2020\/07\/about-flexible-payments.jpg\" \n\t\t\t\talt=\"Team Member\"\n\t\t\t\twidth=\"250\"\n\t\t\t\theight=\"250\"\n\t\t\t\tloading=\"lazy\"\n\t\t\t\tdecoding=\"async\">\n\t\t<\/div>\n\t\t<h6 class=\"team-members__title\">\n\t\t\tPagos flexibles\t\t<\/h6>\n\t\t<div class=\"team-members__text\">\n\t\t\t<p>Seguros Magnum ofrece financiamiento para tu cobertura de seguro con planes de pago que te brindan la mejor cobertura para tu presupuesto. Buscamos y comparamos los proveedores de seguros m\u00e1s valorados para encontrarte pagos iniciales econ\u00f3micos y pagos mensuales reducidos. Aceptamos tanto pagos en efectivo en todas nuestras tiendas locales, como as\u00ed tambi\u00e9n con tarjetas de cr\u00e9dito \/ d\u00e9bito ya sea en l\u00ednea, en persona o por tel\u00e9fono.<\/p>\n\t\t<\/div>\n\t<\/div>\n\t\t<div class=\"team-members__item\">\n\t\t<div class=\"team-members__img\">\n\t\t\t<img \n\t\t\t\tsrc=\"https:\/\/magnuminsurance.com\/wp-content\/uploads\/2020\/07\/about-easy-comparisons-.jpg\" \n\t\t\t\talt=\"Team Member\"\n\t\t\t\twidth=\"250\"\n\t\t\t\theight=\"250\"\n\t\t\t\tloading=\"lazy\"\n\t\t\t\tdecoding=\"async\">\n\t\t<\/div>\n\t\t<h6 class=\"team-members__title\">\n\t\t\tComparaciones sencillas de seguros\t\t<\/h6>\n\t\t<div class=\"team-members__text\">\n\t\t\t<p>Constituir una p\u00f3liza de seguro deber\u00eda ser f\u00e1cil, y ahora lo es. Nuestro exclusivo sistema de cotizaci\u00f3n en l\u00ednea elimina el estr\u00e9s de encontrar un seguro de auto brind\u00e1ndote m\u00faltiples opciones. No necesitas perder innumerables horas visitando sitios web para obtener cobertura de seguro, conf\u00eda en que Magnum haga el trabajo por ti.<\/p>\n\t\t<\/div>\n\t<\/div>\n\t\n<\/div>\n","protected":false},"excerpt":{"rendered":"<p>ACERCA DE NOSOTROS Seguros Magnum\u00a0es un nombre de confianza cuando se trata de cobertura de seguros independientes en\u00a0los estados unidos. Nuestros agentes especializados est\u00e1n listos para encontrarte la mejor cobertura a la\u00a0tarifa m\u00e1s accesible posible. No estamos vendiendo seguros de autom\u00f3viles baratos,\u00a0estamos ofreciendo una cobertura de calidad que se adapte a tu presupuesto y necesidades&#8230;.<\/p>\n","protected":false},"author":5,"featured_media":3860,"parent":0,"menu_order":0,"comment_status":"closed","ping_status":"closed","template":"page-header-image.php","meta":{"_acf_changed":false,"inline_featured_image":false,"footnotes":""},"class_list":["post-2603","page","type-page","status-publish","has-post-thumbnail","hentry"],"acf":[],"yoast_head":"<!-- This site is optimized with the Yoast SEO plugin v27.4 - https:\/\/yoast.com\/product\/yoast-seo-wordpress\/ -->\n<title>Acerca de Nosotros - Seguros Magnum<\/title>\n<meta name=\"description\" content=\"Magnum Insurance es una de las agencias de seguros l\u00edderes en Illinois e Indiana. Ofrecemos cobertura de seguro de calidad que se ajusta a su presupuesto y necesidades de autom\u00f3vil, hogar, negocios, salud y m\u00e1s.\" \/>\n<meta name=\"robots\" content=\"index, follow, max-snippet:-1, max-image-preview:large, max-video-preview:-1\" \/>\n<link rel=\"canonical\" href=\"https:\/\/magnuminsurance.com\/es\/acerca-de-nosotros\/\" \/>\n<meta property=\"og:locale\" content=\"es_ES\" \/>\n<meta property=\"og:type\" content=\"article\" \/>\n<meta property=\"og:title\" content=\"Acerca de Nosotros - Seguros Magnum\" \/>\n<meta property=\"og:description\" content=\"Magnum Insurance es una de las agencias de seguros l\u00edderes en Illinois e Indiana. Ofrecemos cobertura de seguro de calidad que se ajusta a su presupuesto y necesidades de autom\u00f3vil, hogar, negocios, salud y m\u00e1s.\" \/>\n<meta property=\"og:url\" content=\"https:\/\/magnuminsurance.com\/es\/acerca-de-nosotros\/\" \/>\n<meta property=\"og:site_name\" content=\"Seguros Magnum\" \/>\n<meta property=\"article:publisher\" content=\"https:\/\/www.facebook.com\/MagnumInsuranceAgency\/\" \/>\n<meta property=\"article:modified_time\" content=\"2025-10-07T20:26:31+00:00\" \/>\n<meta property=\"og:image\" content=\"https:\/\/magnuminsurance.com\/wp-content\/uploads\/2020\/08\/about-us-.jpg\" \/>\n\t<meta property=\"og:image:width\" content=\"1920\" \/>\n\t<meta property=\"og:image:height\" content=\"350\" \/>\n\t<meta property=\"og:image:type\" content=\"image\/jpeg\" \/>\n<meta name=\"twitter:card\" content=\"summary_large_image\" \/>\n<meta name=\"twitter:site\" content=\"@magnumins\" \/>\n<meta name=\"twitter:label1\" content=\"Tiempo de lectura\" \/>\n\t<meta name=\"twitter:data1\" content=\"2 minutos\" \/>\n<script type=\"application\/ld+json\" class=\"yoast-schema-graph\">{\"@context\":\"https:\\\/\\\/schema.org\",\"@graph\":[{\"@type\":\"WebPage\",\"@id\":\"https:\\\/\\\/magnuminsurance.com\\\/es\\\/acerca-de-nosotros\\\/\",\"url\":\"https:\\\/\\\/magnuminsurance.com\\\/es\\\/acerca-de-nosotros\\\/\",\"name\":\"Acerca de Nosotros - Seguros Magnum\",\"isPartOf\":{\"@id\":\"https:\\\/\\\/magnuminsurance.com\\\/es\\\/#website\"},\"primaryImageOfPage\":{\"@id\":\"https:\\\/\\\/magnuminsurance.com\\\/es\\\/acerca-de-nosotros\\\/#primaryimage\"},\"image\":{\"@id\":\"https:\\\/\\\/magnuminsurance.com\\\/es\\\/acerca-de-nosotros\\\/#primaryimage\"},\"thumbnailUrl\":\"https:\\\/\\\/magnuminsurance.com\\\/wp-content\\\/uploads\\\/2020\\\/08\\\/about-us-.jpg\",\"datePublished\":\"2020-06-05T15:38:05+00:00\",\"dateModified\":\"2025-10-07T20:26:31+00:00\",\"description\":\"Magnum Insurance es una de las agencias de seguros l\u00edderes en Illinois e Indiana. Ofrecemos cobertura de seguro de calidad que se ajusta a su presupuesto y necesidades de autom\u00f3vil, hogar, negocios, salud y m\u00e1s.\",\"breadcrumb\":{\"@id\":\"https:\\\/\\\/magnuminsurance.com\\\/es\\\/acerca-de-nosotros\\\/#breadcrumb\"},\"inLanguage\":\"es\",\"potentialAction\":[{\"@type\":\"ReadAction\",\"target\":[\"https:\\\/\\\/magnuminsurance.com\\\/es\\\/acerca-de-nosotros\\\/\"]}]},{\"@type\":\"ImageObject\",\"inLanguage\":\"es\",\"@id\":\"https:\\\/\\\/magnuminsurance.com\\\/es\\\/acerca-de-nosotros\\\/#primaryimage\",\"url\":\"https:\\\/\\\/magnuminsurance.com\\\/wp-content\\\/uploads\\\/2020\\\/08\\\/about-us-.jpg\",\"contentUrl\":\"https:\\\/\\\/magnuminsurance.com\\\/wp-content\\\/uploads\\\/2020\\\/08\\\/about-us-.jpg\",\"width\":1920,\"height\":350},{\"@type\":\"BreadcrumbList\",\"@id\":\"https:\\\/\\\/magnuminsurance.com\\\/es\\\/acerca-de-nosotros\\\/#breadcrumb\",\"itemListElement\":[{\"@type\":\"ListItem\",\"position\":1,\"name\":\"Home\",\"item\":\"https:\\\/\\\/magnuminsurance.com\\\/es\\\/\"},{\"@type\":\"ListItem\",\"position\":2,\"name\":\"Acerca de Nosotros\"}]},{\"@type\":\"WebSite\",\"@id\":\"https:\\\/\\\/magnuminsurance.com\\\/es\\\/#website\",\"url\":\"https:\\\/\\\/magnuminsurance.com\\\/es\\\/\",\"name\":\"Seguros Magnum\",\"description\":\"Agencia de Seguros en Chicago y Suburbios\",\"publisher\":{\"@id\":\"https:\\\/\\\/magnuminsurance.com\\\/es\\\/#organization\"},\"potentialAction\":[{\"@type\":\"SearchAction\",\"target\":{\"@type\":\"EntryPoint\",\"urlTemplate\":\"https:\\\/\\\/magnuminsurance.com\\\/es\\\/?s={search_term_string}\"},\"query-input\":{\"@type\":\"PropertyValueSpecification\",\"valueRequired\":true,\"valueName\":\"search_term_string\"}}],\"inLanguage\":\"es\"},{\"@type\":\"Organization\",\"@id\":\"https:\\\/\\\/magnuminsurance.com\\\/es\\\/#organization\",\"name\":\"Magnum Insurance Agency\",\"alternateName\":\"Seguros Magnum\",\"url\":\"https:\\\/\\\/magnuminsurance.com\\\/es\\\/\",\"logo\":{\"@type\":\"ImageObject\",\"inLanguage\":\"es\",\"@id\":\"https:\\\/\\\/magnuminsurance.com\\\/es\\\/#\\\/schema\\\/logo\\\/image\\\/\",\"url\":\"https:\\\/\\\/magnuminsurance.com\\\/wp-content\\\/uploads\\\/2021\\\/04\\\/MagnumEnglishColorLogo.jpg\",\"contentUrl\":\"https:\\\/\\\/magnuminsurance.com\\\/wp-content\\\/uploads\\\/2021\\\/04\\\/MagnumEnglishColorLogo.jpg\",\"width\":1000,\"height\":247,\"caption\":\"Magnum Insurance Agency\"},\"image\":{\"@id\":\"https:\\\/\\\/magnuminsurance.com\\\/es\\\/#\\\/schema\\\/logo\\\/image\\\/\"},\"sameAs\":[\"https:\\\/\\\/www.facebook.com\\\/MagnumInsuranceAgency\\\/\",\"https:\\\/\\\/x.com\\\/magnumins\",\"https:\\\/\\\/www.instagram.com\\\/magnuminsuranceagency\\\/\",\"https:\\\/\\\/www.youtube.com\\\/user\\\/SegurosMagnum\",\"https:\\\/\\\/www.tiktok.com\\\/@magnuminsurance\"]}]}<\/script>\n<!-- \/ Yoast SEO plugin. -->","yoast_head_json":{"title":"Acerca de Nosotros - Seguros Magnum","description":"Magnum Insurance es una de las agencias de seguros l\u00edderes en Illinois e Indiana. Ofrecemos cobertura de seguro de calidad que se ajusta a su presupuesto y necesidades de autom\u00f3vil, hogar, negocios, salud y m\u00e1s.","robots":{"index":"index","follow":"follow","max-snippet":"max-snippet:-1","max-image-preview":"max-image-preview:large","max-video-preview":"max-video-preview:-1"},"canonical":"https:\/\/magnuminsurance.com\/es\/acerca-de-nosotros\/","og_locale":"es_ES","og_type":"article","og_title":"Acerca de Nosotros - Seguros Magnum","og_description":"Magnum Insurance es una de las agencias de seguros l\u00edderes en Illinois e Indiana. Ofrecemos cobertura de seguro de calidad que se ajusta a su presupuesto y necesidades de autom\u00f3vil, hogar, negocios, salud y m\u00e1s.","og_url":"https:\/\/magnuminsurance.com\/es\/acerca-de-nosotros\/","og_site_name":"Seguros Magnum","article_publisher":"https:\/\/www.facebook.com\/MagnumInsuranceAgency\/","article_modified_time":"2025-10-07T20:26:31+00:00","og_image":[{"width":1920,"height":350,"url":"https:\/\/magnuminsurance.com\/wp-content\/uploads\/2020\/08\/about-us-.jpg","type":"image\/jpeg"}],"twitter_card":"summary_large_image","twitter_site":"@magnumins","twitter_misc":{"Tiempo de lectura":"2 minutos"},"schema":{"@context":"https:\/\/schema.org","@graph":[{"@type":"WebPage","@id":"https:\/\/magnuminsurance.com\/es\/acerca-de-nosotros\/","url":"https:\/\/magnuminsurance.com\/es\/acerca-de-nosotros\/","name":"Acerca de Nosotros - Seguros Magnum","isPartOf":{"@id":"https:\/\/magnuminsurance.com\/es\/#website"},"primaryImageOfPage":{"@id":"https:\/\/magnuminsurance.com\/es\/acerca-de-nosotros\/#primaryimage"},"image":{"@id":"https:\/\/magnuminsurance.com\/es\/acerca-de-nosotros\/#primaryimage"},"thumbnailUrl":"https:\/\/magnuminsurance.com\/wp-content\/uploads\/2020\/08\/about-us-.jpg","datePublished":"2020-06-05T15:38:05+00:00","dateModified":"2025-10-07T20:26:31+00:00","description":"Magnum Insurance es una de las agencias de seguros l\u00edderes en Illinois e Indiana. Ofrecemos cobertura de seguro de calidad que se ajusta a su presupuesto y necesidades de autom\u00f3vil, hogar, negocios, salud y m\u00e1s.","breadcrumb":{"@id":"https:\/\/magnuminsurance.com\/es\/acerca-de-nosotros\/#breadcrumb"},"inLanguage":"es","potentialAction":[{"@type":"ReadAction","target":["https:\/\/magnuminsurance.com\/es\/acerca-de-nosotros\/"]}]},{"@type":"ImageObject","inLanguage":"es","@id":"https:\/\/magnuminsurance.com\/es\/acerca-de-nosotros\/#primaryimage","url":"https:\/\/magnuminsurance.com\/wp-content\/uploads\/2020\/08\/about-us-.jpg","contentUrl":"https:\/\/magnuminsurance.com\/wp-content\/uploads\/2020\/08\/about-us-.jpg","width":1920,"height":350},{"@type":"BreadcrumbList","@id":"https:\/\/magnuminsurance.com\/es\/acerca-de-nosotros\/#breadcrumb","itemListElement":[{"@type":"ListItem","position":1,"name":"Home","item":"https:\/\/magnuminsurance.com\/es\/"},{"@type":"ListItem","position":2,"name":"Acerca de Nosotros"}]},{"@type":"WebSite","@id":"https:\/\/magnuminsurance.com\/es\/#website","url":"https:\/\/magnuminsurance.com\/es\/","name":"Seguros Magnum","description":"Agencia de Seguros en Chicago y Suburbios","publisher":{"@id":"https:\/\/magnuminsurance.com\/es\/#organization"},"potentialAction":[{"@type":"SearchAction","target":{"@type":"EntryPoint","urlTemplate":"https:\/\/magnuminsurance.com\/es\/?s={search_term_string}"},"query-input":{"@type":"PropertyValueSpecification","valueRequired":true,"valueName":"search_term_string"}}],"inLanguage":"es"},{"@type":"Organization","@id":"https:\/\/magnuminsurance.com\/es\/#organization","name":"Magnum Insurance Agency","alternateName":"Seguros Magnum","url":"https:\/\/magnuminsurance.com\/es\/","logo":{"@type":"ImageObject","inLanguage":"es","@id":"https:\/\/magnuminsurance.com\/es\/#\/schema\/logo\/image\/","url":"https:\/\/magnuminsurance.com\/wp-content\/uploads\/2021\/04\/MagnumEnglishColorLogo.jpg","contentUrl":"https:\/\/magnuminsurance.com\/wp-content\/uploads\/2021\/04\/MagnumEnglishColorLogo.jpg","width":1000,"height":247,"caption":"Magnum Insurance Agency"},"image":{"@id":"https:\/\/magnuminsurance.com\/es\/#\/schema\/logo\/image\/"},"sameAs":["https:\/\/www.facebook.com\/MagnumInsuranceAgency\/","https:\/\/x.com\/magnumins","https:\/\/www.instagram.com\/magnuminsuranceagency\/","https:\/\/www.youtube.com\/user\/SegurosMagnum","https:\/\/www.tiktok.com\/@magnuminsurance"]}]}},"_links":{"self":[{"href":"https:\/\/magnuminsurance.com\/es\/wp-json\/wp\/v2\/pages\/2603","targetHints":{"allow":["GET"]}}],"collection":[{"href":"https:\/\/magnuminsurance.com\/es\/wp-json\/wp\/v2\/pages"}],"about":[{"href":"https:\/\/magnuminsurance.com\/es\/wp-json\/wp\/v2\/types\/page"}],"author":[{"embeddable":true,"href":"https:\/\/magnuminsurance.com\/es\/wp-json\/wp\/v2\/users\/5"}],"replies":[{"embeddable":true,"href":"https:\/\/magnuminsurance.com\/es\/wp-json\/wp\/v2\/comments?post=2603"}],"version-history":[{"count":40,"href":"https:\/\/magnuminsurance.com\/es\/wp-json\/wp\/v2\/pages\/2603\/revisions"}],"predecessor-version":[{"id":27334,"href":"https:\/\/magnuminsurance.com\/es\/wp-json\/wp\/v2\/pages\/2603\/revisions\/27334"}],"wp:featuredmedia":[{"embeddable":true,"href":"https:\/\/magnuminsurance.com\/es\/wp-json\/wp\/v2\/media\/3860"}],"wp:attachment":[{"href":"https:\/\/magnuminsurance.com\/es\/wp-json\/wp\/v2\/media?parent=2603"}],"curies":[{"name":"wp","href":"https:\/\/api.w.org\/{rel}","templated":true}]}}