{"id":2761,"date":"2020-06-06T17:18:01","date_gmt":"2020-06-06T17:18:01","guid":{"rendered":"https:\/\/magnuminsurance.com\/?page_id=2761"},"modified":"2025-08-19T11:41:47","modified_gmt":"2025-08-19T16:41:47","slug":"reclamos","status":"publish","type":"page","link":"https:\/\/magnuminsurance.com\/es\/reclamos\/","title":{"rendered":"Reclamos"},"content":{"rendered":"\n<h1 class=\"wp-block-heading has-text-align-center\">RECLAMOS DE SEGURO<\/h1>\n\n\n\n<h3 class=\"wp-block-heading has-text-align-center\">Estamos listos para ayudar<\/h3>\n\n\n\n<p class=\"has-text-align-center\">La primera regla cuando tienes un accidente automovil\u00edstico es permanecer en calma.<br>Podemos ayudarte a trav\u00e9s de cada paso de tu reclamo y hacer que el proceso sea lo m\u00e1s simple y f\u00e1cil posible.<\/p>\n\n\n\n<p class=\"has-text-align-center\">Simplemente&nbsp;<strong>ll\u00e1manos al 1-888-539-2102<\/strong>&nbsp;o reporte el reclamo aqu\u00ed.<\/p>\n\n\n\n<p class=\"has-text-align-center\"><strong>Completa el siguiente formulario para reportar un accidente automovil\u00edstico, y uno de nuestros agentes se pondr\u00e1 en contacto contigo en breve.<\/strong> <strong>Verifica la informaci\u00f3n que tenemos sobre ti.<\/strong><\/p>\n\n\n\n<div style=\"height:15px\" aria-hidden=\"true\" class=\"wp-block-spacer\"><\/div>\n\n\n\n<div class=\"wp-block-buttons is-content-justification-center is-layout-flex wp-container-core-buttons-is-layout-16018d1d wp-block-buttons-is-layout-flex\">\n<div class=\"wp-block-button\"><a class=\"wp-block-button__link has-background has-text-align-center wp-element-button\" href=\"https:\/\/magnuminsurance.com\/es\/area-de-clientes-inicia-un-reclamo\/\" style=\"border-radius:5px;background-color:#f26923\">Reportar un nuevo accidente<\/a><\/div>\n<\/div>\n\n\n\n<div style=\"height:15px\" aria-hidden=\"true\" class=\"wp-block-spacer\"><\/div>\n\n\n\n<p class=\"has-text-align-center\"><strong>Para solicitar una actualizaci\u00f3n de un siniestro existente, complete el siguiente formulario y un agente se pondr\u00e1 en contacto con usted para informarle de la situaci\u00f3n.<\/strong><\/p>\n\n\n\n<div style=\"height:15px\" aria-hidden=\"true\" class=\"wp-block-spacer\"><\/div>\n\n\n\n<div class=\"wp-block-buttons is-content-justification-center is-layout-flex wp-container-core-buttons-is-layout-16018d1d wp-block-buttons-is-layout-flex\">\n<div class=\"wp-block-button\"><a class=\"wp-block-button__link has-background wp-element-button\" href=\"https:\/\/magnuminsurance.com\/es\/client-area-actualizacion-del-reclamo\/\" style=\"border-radius:5px;background-color:#f26923\">Preguntas sobre un accidente previo<\/a><\/div>\n<\/div>\n\n\n\n<div style=\"height:15px\" aria-hidden=\"true\" class=\"wp-block-spacer\"><\/div>\n\n\n\n<h6 class=\"wp-block-heading has-text-align-center\"><strong>Qu\u00e9 hacer si tienes un accidente automovil\u00edstico<\/strong><\/h6>\n\n\n\n<p class=\"has-text-align-center\"><strong>1. Colisi\u00f3n y fuga, vandalismo y cualquier caso en el que no tengas informaci\u00f3n de las otras partes, aseg\u00farate de que el informe policial se complete dentro de las 24 horas.<br>2. Toma fotos de la escena del accidente y todos los da\u00f1os ocasionados.<br>3. Informa todos los accidentes a tu compa\u00f1\u00eda aseguradora (seas culpable o no).<\/strong><\/p>\n","protected":false},"excerpt":{"rendered":"<p>RECLAMOS DE SEGURO Estamos listos para ayudar La primera regla cuando tienes un accidente automovil\u00edstico es permanecer en calma.Podemos ayudarte a trav\u00e9s de cada paso de tu reclamo y hacer que el proceso sea lo m\u00e1s simple y f\u00e1cil posible. Simplemente&nbsp;ll\u00e1manos al 1-888-539-2102&nbsp;o reporte el reclamo aqu\u00ed. Completa el siguiente formulario para reportar un accidente&#8230;<\/p>\n","protected":false},"author":5,"featured_media":3003,"parent":0,"menu_order":0,"comment_status":"closed","ping_status":"closed","template":"page-header-image.php","meta":{"_acf_changed":false,"inline_featured_image":false,"footnotes":""},"class_list":["post-2761","page","type-page","status-publish","has-post-thumbnail","hentry"],"acf":[],"yoast_head":"<!-- This site is optimized with the Yoast SEO plugin v27.4 - https:\/\/yoast.com\/product\/yoast-seo-wordpress\/ -->\n<title>Reclamos de seguro - Seguros Magnum<\/title>\n<meta name=\"description\" content=\"Complete el informe de reclamos de seguros o simplemente ll\u00e1menos al 1-888-539-2102 para informar un accidente y los agentes de Magnum Insurance lo ayudar\u00e1n a trav\u00e9s del proceso y lo har\u00e1n simple y f\u00e1cil.\" \/>\n<meta name=\"robots\" content=\"index, follow, max-snippet:-1, max-image-preview:large, max-video-preview:-1\" \/>\n<link rel=\"canonical\" href=\"https:\/\/magnuminsurance.com\/es\/reclamos\/\" \/>\n<meta property=\"og:locale\" content=\"es_ES\" \/>\n<meta property=\"og:type\" content=\"article\" \/>\n<meta property=\"og:title\" content=\"Reclamos de seguro - Seguros Magnum\" \/>\n<meta property=\"og:description\" content=\"Complete el informe de reclamos de seguros o simplemente ll\u00e1menos al 1-888-539-2102 para informar un accidente y los agentes de Magnum Insurance lo ayudar\u00e1n a trav\u00e9s del proceso y lo har\u00e1n simple y f\u00e1cil.\" \/>\n<meta property=\"og:url\" content=\"https:\/\/magnuminsurance.com\/es\/reclamos\/\" \/>\n<meta property=\"og:site_name\" content=\"Seguros Magnum\" \/>\n<meta property=\"article:publisher\" content=\"https:\/\/www.facebook.com\/MagnumInsuranceAgency\/\" \/>\n<meta property=\"article:modified_time\" content=\"2025-08-19T16:41:47+00:00\" \/>\n<meta property=\"og:image\" content=\"https:\/\/magnuminsurance.com\/wp-content\/uploads\/2020\/06\/claims.jpg\" \/>\n\t<meta property=\"og:image:width\" content=\"1920\" \/>\n\t<meta property=\"og:image:height\" content=\"350\" \/>\n\t<meta property=\"og:image:type\" content=\"image\/jpeg\" \/>\n<meta name=\"twitter:card\" content=\"summary_large_image\" \/>\n<meta name=\"twitter:site\" content=\"@magnumins\" \/>\n<meta name=\"twitter:label1\" content=\"Tiempo de lectura\" \/>\n\t<meta name=\"twitter:data1\" content=\"1 minuto\" \/>\n<script type=\"application\/ld+json\" class=\"yoast-schema-graph\">{\"@context\":\"https:\\\/\\\/schema.org\",\"@graph\":[{\"@type\":\"WebPage\",\"@id\":\"https:\\\/\\\/magnuminsurance.com\\\/es\\\/reclamos\\\/\",\"url\":\"https:\\\/\\\/magnuminsurance.com\\\/es\\\/reclamos\\\/\",\"name\":\"Reclamos de seguro - Seguros Magnum\",\"isPartOf\":{\"@id\":\"https:\\\/\\\/magnuminsurance.com\\\/es\\\/#website\"},\"primaryImageOfPage\":{\"@id\":\"https:\\\/\\\/magnuminsurance.com\\\/es\\\/reclamos\\\/#primaryimage\"},\"image\":{\"@id\":\"https:\\\/\\\/magnuminsurance.com\\\/es\\\/reclamos\\\/#primaryimage\"},\"thumbnailUrl\":\"https:\\\/\\\/magnuminsurance.com\\\/wp-content\\\/uploads\\\/2020\\\/06\\\/claims.jpg\",\"datePublished\":\"2020-06-06T17:18:01+00:00\",\"dateModified\":\"2025-08-19T16:41:47+00:00\",\"description\":\"Complete el informe de reclamos de seguros o simplemente ll\u00e1menos al 1-888-539-2102 para informar un accidente y los agentes de Magnum Insurance lo ayudar\u00e1n a trav\u00e9s del proceso y lo har\u00e1n simple y f\u00e1cil.\",\"breadcrumb\":{\"@id\":\"https:\\\/\\\/magnuminsurance.com\\\/es\\\/reclamos\\\/#breadcrumb\"},\"inLanguage\":\"es\",\"potentialAction\":[{\"@type\":\"ReadAction\",\"target\":[\"https:\\\/\\\/magnuminsurance.com\\\/es\\\/reclamos\\\/\"]}]},{\"@type\":\"ImageObject\",\"inLanguage\":\"es\",\"@id\":\"https:\\\/\\\/magnuminsurance.com\\\/es\\\/reclamos\\\/#primaryimage\",\"url\":\"https:\\\/\\\/magnuminsurance.com\\\/wp-content\\\/uploads\\\/2020\\\/06\\\/claims.jpg\",\"contentUrl\":\"https:\\\/\\\/magnuminsurance.com\\\/wp-content\\\/uploads\\\/2020\\\/06\\\/claims.jpg\",\"width\":1920,\"height\":350},{\"@type\":\"BreadcrumbList\",\"@id\":\"https:\\\/\\\/magnuminsurance.com\\\/es\\\/reclamos\\\/#breadcrumb\",\"itemListElement\":[{\"@type\":\"ListItem\",\"position\":1,\"name\":\"Home\",\"item\":\"https:\\\/\\\/magnuminsurance.com\\\/es\\\/\"},{\"@type\":\"ListItem\",\"position\":2,\"name\":\"Reclamos\"}]},{\"@type\":\"WebSite\",\"@id\":\"https:\\\/\\\/magnuminsurance.com\\\/es\\\/#website\",\"url\":\"https:\\\/\\\/magnuminsurance.com\\\/es\\\/\",\"name\":\"Seguros Magnum\",\"description\":\"Agencia de Seguros en Chicago y Suburbios\",\"publisher\":{\"@id\":\"https:\\\/\\\/magnuminsurance.com\\\/es\\\/#organization\"},\"potentialAction\":[{\"@type\":\"SearchAction\",\"target\":{\"@type\":\"EntryPoint\",\"urlTemplate\":\"https:\\\/\\\/magnuminsurance.com\\\/es\\\/?s={search_term_string}\"},\"query-input\":{\"@type\":\"PropertyValueSpecification\",\"valueRequired\":true,\"valueName\":\"search_term_string\"}}],\"inLanguage\":\"es\"},{\"@type\":\"Organization\",\"@id\":\"https:\\\/\\\/magnuminsurance.com\\\/es\\\/#organization\",\"name\":\"Magnum Insurance Agency\",\"alternateName\":\"Seguros Magnum\",\"url\":\"https:\\\/\\\/magnuminsurance.com\\\/es\\\/\",\"logo\":{\"@type\":\"ImageObject\",\"inLanguage\":\"es\",\"@id\":\"https:\\\/\\\/magnuminsurance.com\\\/es\\\/#\\\/schema\\\/logo\\\/image\\\/\",\"url\":\"https:\\\/\\\/magnuminsurance.com\\\/wp-content\\\/uploads\\\/2021\\\/04\\\/MagnumEnglishColorLogo.jpg\",\"contentUrl\":\"https:\\\/\\\/magnuminsurance.com\\\/wp-content\\\/uploads\\\/2021\\\/04\\\/MagnumEnglishColorLogo.jpg\",\"width\":1000,\"height\":247,\"caption\":\"Magnum Insurance Agency\"},\"image\":{\"@id\":\"https:\\\/\\\/magnuminsurance.com\\\/es\\\/#\\\/schema\\\/logo\\\/image\\\/\"},\"sameAs\":[\"https:\\\/\\\/www.facebook.com\\\/MagnumInsuranceAgency\\\/\",\"https:\\\/\\\/x.com\\\/magnumins\",\"https:\\\/\\\/www.instagram.com\\\/magnuminsuranceagency\\\/\",\"https:\\\/\\\/www.youtube.com\\\/user\\\/SegurosMagnum\",\"https:\\\/\\\/www.tiktok.com\\\/@magnuminsurance\"]}]}<\/script>\n<!-- \/ Yoast SEO plugin. -->","yoast_head_json":{"title":"Reclamos de seguro - Seguros Magnum","description":"Complete el informe de reclamos de seguros o simplemente ll\u00e1menos al 1-888-539-2102 para informar un accidente y los agentes de Magnum Insurance lo ayudar\u00e1n a trav\u00e9s del proceso y lo har\u00e1n simple y f\u00e1cil.","robots":{"index":"index","follow":"follow","max-snippet":"max-snippet:-1","max-image-preview":"max-image-preview:large","max-video-preview":"max-video-preview:-1"},"canonical":"https:\/\/magnuminsurance.com\/es\/reclamos\/","og_locale":"es_ES","og_type":"article","og_title":"Reclamos de seguro - Seguros Magnum","og_description":"Complete el informe de reclamos de seguros o simplemente ll\u00e1menos al 1-888-539-2102 para informar un accidente y los agentes de Magnum Insurance lo ayudar\u00e1n a trav\u00e9s del proceso y lo har\u00e1n simple y f\u00e1cil.","og_url":"https:\/\/magnuminsurance.com\/es\/reclamos\/","og_site_name":"Seguros Magnum","article_publisher":"https:\/\/www.facebook.com\/MagnumInsuranceAgency\/","article_modified_time":"2025-08-19T16:41:47+00:00","og_image":[{"width":1920,"height":350,"url":"https:\/\/magnuminsurance.com\/wp-content\/uploads\/2020\/06\/claims.jpg","type":"image\/jpeg"}],"twitter_card":"summary_large_image","twitter_site":"@magnumins","twitter_misc":{"Tiempo de lectura":"1 minuto"},"schema":{"@context":"https:\/\/schema.org","@graph":[{"@type":"WebPage","@id":"https:\/\/magnuminsurance.com\/es\/reclamos\/","url":"https:\/\/magnuminsurance.com\/es\/reclamos\/","name":"Reclamos de seguro - Seguros Magnum","isPartOf":{"@id":"https:\/\/magnuminsurance.com\/es\/#website"},"primaryImageOfPage":{"@id":"https:\/\/magnuminsurance.com\/es\/reclamos\/#primaryimage"},"image":{"@id":"https:\/\/magnuminsurance.com\/es\/reclamos\/#primaryimage"},"thumbnailUrl":"https:\/\/magnuminsurance.com\/wp-content\/uploads\/2020\/06\/claims.jpg","datePublished":"2020-06-06T17:18:01+00:00","dateModified":"2025-08-19T16:41:47+00:00","description":"Complete el informe de reclamos de seguros o simplemente ll\u00e1menos al 1-888-539-2102 para informar un accidente y los agentes de Magnum Insurance lo ayudar\u00e1n a trav\u00e9s del proceso y lo har\u00e1n simple y f\u00e1cil.","breadcrumb":{"@id":"https:\/\/magnuminsurance.com\/es\/reclamos\/#breadcrumb"},"inLanguage":"es","potentialAction":[{"@type":"ReadAction","target":["https:\/\/magnuminsurance.com\/es\/reclamos\/"]}]},{"@type":"ImageObject","inLanguage":"es","@id":"https:\/\/magnuminsurance.com\/es\/reclamos\/#primaryimage","url":"https:\/\/magnuminsurance.com\/wp-content\/uploads\/2020\/06\/claims.jpg","contentUrl":"https:\/\/magnuminsurance.com\/wp-content\/uploads\/2020\/06\/claims.jpg","width":1920,"height":350},{"@type":"BreadcrumbList","@id":"https:\/\/magnuminsurance.com\/es\/reclamos\/#breadcrumb","itemListElement":[{"@type":"ListItem","position":1,"name":"Home","item":"https:\/\/magnuminsurance.com\/es\/"},{"@type":"ListItem","position":2,"name":"Reclamos"}]},{"@type":"WebSite","@id":"https:\/\/magnuminsurance.com\/es\/#website","url":"https:\/\/magnuminsurance.com\/es\/","name":"Seguros Magnum","description":"Agencia de Seguros en Chicago y Suburbios","publisher":{"@id":"https:\/\/magnuminsurance.com\/es\/#organization"},"potentialAction":[{"@type":"SearchAction","target":{"@type":"EntryPoint","urlTemplate":"https:\/\/magnuminsurance.com\/es\/?s={search_term_string}"},"query-input":{"@type":"PropertyValueSpecification","valueRequired":true,"valueName":"search_term_string"}}],"inLanguage":"es"},{"@type":"Organization","@id":"https:\/\/magnuminsurance.com\/es\/#organization","name":"Magnum Insurance Agency","alternateName":"Seguros Magnum","url":"https:\/\/magnuminsurance.com\/es\/","logo":{"@type":"ImageObject","inLanguage":"es","@id":"https:\/\/magnuminsurance.com\/es\/#\/schema\/logo\/image\/","url":"https:\/\/magnuminsurance.com\/wp-content\/uploads\/2021\/04\/MagnumEnglishColorLogo.jpg","contentUrl":"https:\/\/magnuminsurance.com\/wp-content\/uploads\/2021\/04\/MagnumEnglishColorLogo.jpg","width":1000,"height":247,"caption":"Magnum Insurance Agency"},"image":{"@id":"https:\/\/magnuminsurance.com\/es\/#\/schema\/logo\/image\/"},"sameAs":["https:\/\/www.facebook.com\/MagnumInsuranceAgency\/","https:\/\/x.com\/magnumins","https:\/\/www.instagram.com\/magnuminsuranceagency\/","https:\/\/www.youtube.com\/user\/SegurosMagnum","https:\/\/www.tiktok.com\/@magnuminsurance"]}]}},"_links":{"self":[{"href":"https:\/\/magnuminsurance.com\/es\/wp-json\/wp\/v2\/pages\/2761","targetHints":{"allow":["GET"]}}],"collection":[{"href":"https:\/\/magnuminsurance.com\/es\/wp-json\/wp\/v2\/pages"}],"about":[{"href":"https:\/\/magnuminsurance.com\/es\/wp-json\/wp\/v2\/types\/page"}],"author":[{"embeddable":true,"href":"https:\/\/magnuminsurance.com\/es\/wp-json\/wp\/v2\/users\/5"}],"replies":[{"embeddable":true,"href":"https:\/\/magnuminsurance.com\/es\/wp-json\/wp\/v2\/comments?post=2761"}],"version-history":[{"count":18,"href":"https:\/\/magnuminsurance.com\/es\/wp-json\/wp\/v2\/pages\/2761\/revisions"}],"predecessor-version":[{"id":26380,"href":"https:\/\/magnuminsurance.com\/es\/wp-json\/wp\/v2\/pages\/2761\/revisions\/26380"}],"wp:featuredmedia":[{"embeddable":true,"href":"https:\/\/magnuminsurance.com\/es\/wp-json\/wp\/v2\/media\/3003"}],"wp:attachment":[{"href":"https:\/\/magnuminsurance.com\/es\/wp-json\/wp\/v2\/media?parent=2761"}],"curies":[{"name":"wp","href":"https:\/\/api.w.org\/{rel}","templated":true}]}}