{"id":2768,"date":"2020-06-06T17:32:27","date_gmt":"2020-06-06T17:32:27","guid":{"rendered":"https:\/\/magnuminsurance.com\/?page_id=2768"},"modified":"2025-08-15T01:00:50","modified_gmt":"2025-08-15T06:00:50","slug":"contactanos","status":"publish","type":"page","link":"https:\/\/magnuminsurance.com\/es\/contactanos\/","title":{"rendered":"Cont\u00e1ctanos"},"content":{"rendered":"\n<h1 class=\"wp-block-heading has-text-align-center\">CONT\u00c1CTANOS<\/h1>\n\n\n\n<p class=\"has-text-align-center\">Magnum insurance ha estado proporcionando un mejor servicio a los mejores precios en Chicago y \u00e1rea metropolitana de Chicago desde 1981. Hoy en d\u00eda, Magnum emplea agentes de seguros independientes certificados en todo Illinois, New Mexico e Indiana.<\/p>\n\n\n\n<p class=\"has-text-align-center\">En un esfuerzo por servir mejor a nuestros clientes 24\/7, Magnum ofrece una variedad de opciones convenientes para conectarte con el servicio al cliente y <a href=\"https:\/\/magnuminsurance.com\/es\/ubicaciones\/\">los agentes locales<\/a>. Ya sea que prefieras llamar, pasar por un local o administrar todo en l\u00ednea, siempre estamos cerca para ayudarte en todo lo que tenga que ver con el seguro.<\/p>\n\n\n\n<div\n\tid=\"contact-tabs-block_8f66a72d61ea73773bd34a35c02e2b8f\"\n\tclass=\"contact-tabs  alignfull\">\n\t<div class=\"contact-tabs__header\">\n\t\t<button\n\t\t\tdata-index=\"0\"\n\t\t\tclass=\"contact-tabs__header-btn active js-tabs-btn\"\n\t\t>\n\t\t\t\t\t\t\t<span class=\"contact-tabs__header-icon\">\n\t\t\t\t\t<img \n\t\t\t\t\t\tsrc=\"https:\/\/magnuminsurance.com\/wp-content\/uploads\/2025\/03\/call-icon.svg\"\n\t\t\t\t\t\talt=\"Icon\"\n\t\t\t\t\t\twidth=\"22\"\n\t\t\t\t\t\theight=\"19\"\n\t\t\t\t\t\tloading=\"lazy\"\n\t\t\t\t\t\tdecoding=\"async\">\n\t\t\t\t<\/span>\n\t\t\t\t\t\tVentas en centros de llamadas\t\t<\/button>\n\n\t\t<button\n\t\t\tdata-index=\"1\"\n\t\t\tclass=\"contact-tabs__header-btn js-tabs-btn\"\n\t\t>\n\t\t\t\t\t\t\t<span class=\"contact-tabs__header-icon\">\n\t\t\t\t\t<img \n\t\t\t\t\t\tsrc=\"https:\/\/magnuminsurance.com\/wp-content\/uploads\/2025\/03\/person-icon.svg\"\n\t\t\t\t\t\talt=\"Icon\"\n\t\t\t\t\t\twidth=\"22\"\n\t\t\t\t\t\theight=\"19\"\n\t\t\t\t\t\tloading=\"lazy\"\n\t\t\t\t\t\tdecoding=\"async\">\n\t\t\t\t<\/span>\n\t\t\t\t\t\tAcceso\t\t<\/button>\n\n\t\t<button\n\t\t\tdata-index=\"2\"\n\t\t\tclass=\"contact-tabs__header-btn js-tabs-btn\"\n\t\t>\n\t\t\t\t\t\t\t<span class=\"contact-tabs__header-icon\">\n\t\t\t\t\t<img \n\t\t\t\t\t\tsrc=\"https:\/\/magnuminsurance.com\/wp-content\/uploads\/2025\/03\/email-icon.svg\"\n\t\t\t\t\t\talt=\"Icon\"\n\t\t\t\t\t\twidth=\"22\"\n\t\t\t\t\t\theight=\"19\"\n\t\t\t\t\t\tloading=\"lazy\"\n\t\t\t\t\t\tdecoding=\"async\">\n\t\t\t\t<\/span>\n\t\t\t\t\t\tE-mail\t\t<\/button>\n\t<\/div>\n\n\t<div class=\"contact-tabs__content js-tabs-content\" data-index=\"0\">\n\t\t<div class=\"contact-tabs__content-block --with-divider\">\n\t\t\t\t\t\t<div class=\"contact-tabs__content-block-icon\">\n\t\t\t\t<img \n\t\t\t\t\tsrc=\"https:\/\/magnuminsurance.com\/wp-content\/uploads\/2025\/03\/call-icon.svg\" \n\t\t\t\t\talt=\"Icon\"\n\t\t\t\t\twidth=\"36\"\n\t\t\t\t\theight=\"31\"\n\t\t\t\t\tloading=\"lazy\"\n\t\t\t\t\tdecoding=\"async\">\n\t\t\t<\/div>\n\t\t\t\n\t\t\t<div class=\"contact-tabs__content-block-main\">\n\t\t\t\t\t\t\t\t<div class=\"contact-tabs__content-block-title\">\n\t\t\t\t\tVentas en centros de llamadas\t\t\t\t<\/div>\n\t\t\t\t\n\t\t\t\t\t\t\t\t\t<div class=\"contact-tabs__content-block-phone\">\n\t\t\t\t\t\t\t\t\t\t\t\t<div class=\"contact-tabs__content-block-phone-text\">\n\t\t\t\t\t\t\tServicio general al cliente\t\t\t\t\t\t<\/div>\n\t\t\t\t\t\t\n\t\t\t\t\t\t\t\t\t\t\t\t<a href=\"tel:1-888-539-2101\" class=\"contact-tabs__content-block-phone-link\">\n\t\t\t\t\t\t\t1-888-539-2101\t\t\t\t\t\t<\/a>\n\t\t\t\t\t\t\t\t\t\t\t<\/div>\n\t\t\t\t\t\t\t\t\t<div class=\"contact-tabs__content-block-phone\">\n\t\t\t\t\t\t\t\t\t\t\t\t<div class=\"contact-tabs__content-block-phone-text\">\n\t\t\t\t\t\t\tDenunciar fraude o robo de identidad\t\t\t\t\t\t<\/div>\n\t\t\t\t\t\t\n\t\t\t\t\t\t\t\t\t\t\t\t<a href=\"tel:1-888-539-2101\" class=\"contact-tabs__content-block-phone-link\">\n\t\t\t\t\t\t\t1-888-539-2101\t\t\t\t\t\t<\/a>\n\t\t\t\t\t\t\t\t\t\t\t<\/div>\n\t\t\t\t\t\t\t\t\t<div class=\"contact-tabs__content-block-phone\">\n\t\t\t\t\t\t\t\t\t\t\t\t<div class=\"contact-tabs__content-block-phone-text\">\n\t\t\t\t\t\t\tServicio de atenci\u00f3n al cliente comercial\t\t\t\t\t\t<\/div>\n\t\t\t\t\t\t\n\t\t\t\t\t\t\t\t\t\t\t\t<a href=\"tel:1-888-539-2101\" class=\"contact-tabs__content-block-phone-link\">\n\t\t\t\t\t\t\t1-888-539-2101\t\t\t\t\t\t<\/a>\n\t\t\t\t\t\t\t\t\t\t\t<\/div>\n\t\t\t\t\t\t\t\t\t<div class=\"contact-tabs__content-block-phone\">\n\t\t\t\t\t\t\t\t\t\t\t\t<div class=\"contact-tabs__content-block-phone-text\">\n\t\t\t\t\t\t\tFax general\t\t\t\t\t\t<\/div>\n\t\t\t\t\t\t\n\t\t\t\t\t\t\t\t\t\t\t\t<a href=\"tel:1-888-539-2101\" class=\"contact-tabs__content-block-phone-link\">\n\t\t\t\t\t\t\t1-888-539-2101\t\t\t\t\t\t<\/a>\n\t\t\t\t\t\t\t\t\t\t\t<\/div>\n\t\t\t\t\t\t\t<\/div>\n\t\t<\/div>\n\n\t\t<div class=\"contact-tabs__content-block\">\n\t\t\t\t\t\t\t<div class=\"contact-tabs__content-block-icon\">\n\t\t\t\t\t<img \n\t\t\t\t\t\tsrc=\"https:\/\/magnuminsurance.com\/wp-content\/uploads\/2025\/03\/clock-icon.svg\"\n\t\t\t\t\t\talt=\"Icon\"\n\t\t\t\t\t\twidth=\"36\"\n\t\t\t\t\t\theight=\"31\"\n\t\t\t\t\t\tloading=\"lazy\"\n\t\t\t\t\t\tdecoding=\"async\">\n\t\t\t\t<\/div>\n\t\t\t\n\t\t\t<div class=\"contact-tabs__content-block-main\">\n\t\t\t\t\t\t\t\t\t<div class=\"contact-tabs__content-block-title\">\n\t\t\t\t\t\tHorario de apertura\t\t\t\t\t<\/div>\n\t\t\t\t\n\t\t\t\t\t\t\t\t\t<div class=\"contact-tabs__content-block-text\">\n\t\t\t\t\t\tLunes \u2013 Viernes: 9am \u2013 7pm\t\t\t\t\t<\/div>\n\t\t\t\t\n\t\t\t\t\t\t\t\t\t<div class=\"contact-tabs__content-block-text\">\n\t\t\t\t\t\tS\u00e1bado: 9 a. m. a 6 p. m.\t\t\t\t\t<\/div>\n\t\t\t\t\t\t\t<\/div>\n\t\t<\/div>\n\t<\/div>\n \n\t<div class=\"contact-tabs__content --login js-tabs-content\" data-index=\"1\" style=\"display: none\">\n    <div class=\"contact-tabs__content-block\">\n\t\t\t        <div class=\"contact-tabs__content-block-icon\">\n          <img \n\t\t\t\t\t\tsrc=\"https:\/\/magnuminsurance.com\/wp-content\/uploads\/2025\/03\/ico-manage-policy-1.png\"\n\t\t\t\t\t\talt=\"Icon\"\n\t\t\t\t\t\twidth=\"49\"\n\t\t\t\t\t\theight=\"75\"\n\t\t\t\t\t\tloading=\"lazy\"\n\t\t\t\t\t\tdecoding=\"async\">\n        <\/div>\n\t\t\t\n      <div class=\"contact-tabs__content-block-main\">\n\t\t\t\t          <div class=\"contact-tabs__content-block-title --small-btm-offset\">\n\t\t\t\t\t\tAcceso          <\/div>\n\t\t\t\t\t      \n\t                <div class=\"contact-tabs__content-block-text\">\n\t\t\t      Mantente conectado en cualquier momento          <\/div>\n\t            <\/div>\n    <\/div>\n\n    <div class=\"contact-tabs__content-block\">\n      <div class=\"contact-tabs__content-block-main --centered\">\n\t              \n\t\t                  <div class=\"menu-item-login\">\n              <a class=\"btn\" href=\"https:\/\/customer.magnuminsurance.com\/es\/\">\n                Acceso              <\/a>\n            <\/div>\n\t\t      \t\t      \n\t\t                  <div class=\"contact-tabs__content-block-text\">\n\t\t\t\t      \u00bfNuevo usuario?            <\/div>\n\t\t      \t\t      \n\t\t                  <a\n              href=\"https:\/\/customer.magnuminsurance.com\/es\/registro\/\"\n              target=\"\"\n                            class=\"contact-tabs__content-block-link\"\n            >\n\t\t\t\t      Reg\u00edstrese para obtener una cuenta            <\/a>\n\t\t              \n              <\/div>\n    <\/div>\n\t<\/div>\n\n\t<div class=\"contact-tabs__content --free-left-col js-tabs-content\" data-index=\"2\" style=\"display: none\">\n    <div class=\"contact-tabs__content-block\">\n\t\t\t        <div class=\"contact-tabs__content-block-icon\">\n          <img \n\t\t\t\t\t\tsrc=\"https:\/\/magnuminsurance.com\/wp-content\/uploads\/2025\/03\/email-icon.svg\"\n\t\t\t\t\t\talt=\"Icon\"\n\t\t\t\t\t\twidth=\"36\"\n\t\t\t\t\t\theight=\"36\"\n\t\t\t\t\t\tloading=\"lazy\"\n\t\t\t\t\t\tdecoding=\"async\">\n        <\/div>\n\t\t\t\n      <div class=\"contact-tabs__content-block-main\">\n\t\t\t\t          <div class=\"contact-tabs__content-block-title --small-btm-offset\">\n\t\t\t\t\t\tEnviar una solicitud por correo electr\u00f3nico          <\/div>\n\t\t\t\t        \n                  <div class=\"contact-tabs__content-block-text\">\n\t\t\t\t\t\tEnv\u00edenos un mensaje y uno de nuestros agentes se comunicar\u00e1 con usted en breve.          <\/div>\n\t\t\t\t      <\/div>\n    <\/div>\n\n    <div class=\"contact-tabs__content-block\">\n\t            <button class=\"btn\" data-toggle=\"modal\" data-target=\"#magnumContactForm\">\n\t        Env\u00edanos un mensaje        <\/button>\n\t        <\/div>\n\t<\/div>\n\n  <div class=\"contact-tabs__info-links\">\n\t  \t          <a\n        href=\"tel:1-888-539-2101\"\n        target=\"\"\n                class=\"contact-tabs__info-links-item\"\n      >\n                <span class=\"contact-tabs__info-links-item-icon\">\n          <img \n\t\t\t\t\t\tsrc=\"https:\/\/magnuminsurance.com\/wp-content\/uploads\/2025\/03\/phone-icon.svg\" \n\t\t\t\t\t\talt=\"Icon\"\n\t\t\t\t\t\twidth=\"38\"\n\t\t\t\t\t\theight=\"30\"\n\t\t\t\t\t\tloading=\"lazy\"\n\t\t\t\t\t\tdecoding=\"async\">\n        <\/span>\n                \n        <span class=\"contact-tabs__info-links-item-content\">\n                    <span class=\"contact-tabs__info-links-item-label\">\n            Ll\u00e1manos          <\/span>\n                    \n          1-888-539-2101        <\/span>\n      <\/a>\n\t\t      \t          <a\n        href=\"\/es\/ubicaciones\/\"\n        target=\"\"\n                class=\"contact-tabs__info-links-item\"\n      >\n                <span class=\"contact-tabs__info-links-item-icon\">\n          <img \n\t\t\t\t\t\tsrc=\"https:\/\/magnuminsurance.com\/wp-content\/uploads\/2025\/03\/find-agent.svg\" \n\t\t\t\t\t\talt=\"Icon\"\n\t\t\t\t\t\twidth=\"38\"\n\t\t\t\t\t\theight=\"30\"\n\t\t\t\t\t\tloading=\"lazy\"\n\t\t\t\t\t\tdecoding=\"async\">\n        <\/span>\n                \n        <span class=\"contact-tabs__info-links-item-content\">\n                    <span class=\"contact-tabs__info-links-item-label\">\n            Encontrar un agente          <\/span>\n                    \n          Ubicaciones        <\/span>\n      <\/a>\n\t\t      \t          <a\n        href=\"\/es\/reclamos\/\"\n        target=\"\"\n                class=\"contact-tabs__info-links-item\"\n      >\n                <span class=\"contact-tabs__info-links-item-icon\">\n          <img \n\t\t\t\t\t\tsrc=\"https:\/\/magnuminsurance.com\/wp-content\/uploads\/2025\/03\/settings-icon.svg\" \n\t\t\t\t\t\talt=\"Icon\"\n\t\t\t\t\t\twidth=\"38\"\n\t\t\t\t\t\theight=\"30\"\n\t\t\t\t\t\tloading=\"lazy\"\n\t\t\t\t\t\tdecoding=\"async\">\n        <\/span>\n                \n        <span class=\"contact-tabs__info-links-item-content\">\n                    <span class=\"contact-tabs__info-links-item-label\">\n            Reclamos          <\/span>\n                    \n          Reclamos        <\/span>\n      <\/a>\n\t\t        <\/div>\n\t\n\t  <div class=\"contact-tabs__info-text\">\n\t  <p><strong>Magnum Insurance Corporate<\/strong>: 2250 E Devon Ave. Suite 329 Des Plaines, Illinois, 60018<\/p>\n  <\/div>\n\t<\/div>\n\n<div class=\"contact-tabs-footer\">\n  <div class=\"contact-tabs-footer__content\">\n\t      <div class=\"contact-tabs-footer__img\">\n      <img \n\t\t\t\tsrc=\"https:\/\/magnuminsurance.com\/wp-content\/uploads\/2025\/03\/mobile.png\"\n\t\t\t\talt=\"Icon\"\n\t\t\t\twidth=\"90\"\n\t\t\t\theight=\"140\"\n\t\t\t\tloading=\"lazy\"\n\t\t\t\tdecoding=\"async\">\n    <\/div>\n\t      \n    <div class=\"contact-tabs-footer__main\">\n\t          <div class=\"contact-tabs-footer__title\">\n\t      Obtener la aplicaci\u00f3n Magnum      <\/div>\n\t    \t    \n\t          <div class=\"contact-tabs-footer__text\">\n\t      \u00a1Es m\u00e1s f\u00e1cil en la aplicaci\u00f3n con pago de facturas, tarjetas de identificaci\u00f3n digitales, asistencia en carretera y m\u00e1s!      <\/div>\n\t    \t    \n\t          <a\n        class=\"btn\"\n        href=\"\/es\/app-movil-de-seguros-magnum\/\"\n        target=\"\"\n              >\n\t      Descargar ahora      <\/a>\n\t        <\/div>\n  <\/div>\n<\/div>\n","protected":false},"excerpt":{"rendered":"<p>CONT\u00c1CTANOS Magnum insurance ha estado proporcionando un mejor servicio a los mejores precios en Chicago y \u00e1rea metropolitana de Chicago desde 1981. Hoy en d\u00eda, Magnum emplea agentes de seguros independientes certificados en todo Illinois, New Mexico e Indiana. En un esfuerzo por servir mejor a nuestros clientes 24\/7, Magnum ofrece una variedad de opciones&#8230;<\/p>\n","protected":false},"author":5,"featured_media":3009,"parent":0,"menu_order":0,"comment_status":"closed","ping_status":"closed","template":"page-header-image.php","meta":{"_acf_changed":false,"inline_featured_image":false,"footnotes":""},"class_list":["post-2768","page","type-page","status-publish","has-post-thumbnail","hentry"],"acf":[],"yoast_head":"<!-- This site is optimized with the Yoast SEO plugin v27.4 - https:\/\/yoast.com\/product\/yoast-seo-wordpress\/ -->\n<title>Servicio al Cliente - Seguros Magnum<\/title>\n<meta name=\"description\" content=\"P\u00f3ngase en contacto con nuestro servicio de atenci\u00f3n al cliente y agentes locales hoy mismo. Magnum Insurance ofrece una variedad de opciones convenientes para conectarse para que pueda tener una experiencia fluida.\" \/>\n<meta name=\"robots\" content=\"index, follow, max-snippet:-1, max-image-preview:large, max-video-preview:-1\" \/>\n<link rel=\"canonical\" href=\"https:\/\/magnuminsurance.com\/es\/contactanos\/\" \/>\n<meta property=\"og:locale\" content=\"es_ES\" \/>\n<meta property=\"og:type\" content=\"article\" \/>\n<meta property=\"og:title\" content=\"Servicio al Cliente - Seguros Magnum\" \/>\n<meta property=\"og:description\" content=\"P\u00f3ngase en contacto con nuestro servicio de atenci\u00f3n al cliente y agentes locales hoy mismo. Magnum Insurance ofrece una variedad de opciones convenientes para conectarse para que pueda tener una experiencia fluida.\" \/>\n<meta property=\"og:url\" content=\"https:\/\/magnuminsurance.com\/es\/contactanos\/\" \/>\n<meta property=\"og:site_name\" content=\"Seguros Magnum\" \/>\n<meta property=\"article:publisher\" content=\"https:\/\/www.facebook.com\/MagnumInsuranceAgency\/\" \/>\n<meta property=\"article:modified_time\" content=\"2025-08-15T06:00:50+00:00\" \/>\n<meta property=\"og:image\" content=\"https:\/\/magnuminsurance.com\/wp-content\/uploads\/2020\/06\/contact-us.jpg\" \/>\n\t<meta property=\"og:image:width\" content=\"1920\" \/>\n\t<meta property=\"og:image:height\" content=\"350\" \/>\n\t<meta property=\"og:image:type\" content=\"image\/jpeg\" \/>\n<meta name=\"twitter:card\" content=\"summary_large_image\" \/>\n<meta name=\"twitter:site\" content=\"@magnumins\" \/>\n<meta name=\"twitter:label1\" content=\"Tiempo de lectura\" \/>\n\t<meta name=\"twitter:data1\" content=\"1 minuto\" \/>\n<script type=\"application\/ld+json\" class=\"yoast-schema-graph\">{\"@context\":\"https:\\\/\\\/schema.org\",\"@graph\":[{\"@type\":\"WebPage\",\"@id\":\"https:\\\/\\\/magnuminsurance.com\\\/es\\\/contactanos\\\/\",\"url\":\"https:\\\/\\\/magnuminsurance.com\\\/es\\\/contactanos\\\/\",\"name\":\"Servicio al Cliente - Seguros Magnum\",\"isPartOf\":{\"@id\":\"https:\\\/\\\/magnuminsurance.com\\\/es\\\/#website\"},\"primaryImageOfPage\":{\"@id\":\"https:\\\/\\\/magnuminsurance.com\\\/es\\\/contactanos\\\/#primaryimage\"},\"image\":{\"@id\":\"https:\\\/\\\/magnuminsurance.com\\\/es\\\/contactanos\\\/#primaryimage\"},\"thumbnailUrl\":\"https:\\\/\\\/magnuminsurance.com\\\/wp-content\\\/uploads\\\/2020\\\/06\\\/contact-us.jpg\",\"datePublished\":\"2020-06-06T17:32:27+00:00\",\"dateModified\":\"2025-08-15T06:00:50+00:00\",\"description\":\"P\u00f3ngase en contacto con nuestro servicio de atenci\u00f3n al cliente y agentes locales hoy mismo. Magnum Insurance ofrece una variedad de opciones convenientes para conectarse para que pueda tener una experiencia fluida.\",\"breadcrumb\":{\"@id\":\"https:\\\/\\\/magnuminsurance.com\\\/es\\\/contactanos\\\/#breadcrumb\"},\"inLanguage\":\"es\",\"potentialAction\":[{\"@type\":\"ReadAction\",\"target\":[\"https:\\\/\\\/magnuminsurance.com\\\/es\\\/contactanos\\\/\"]}]},{\"@type\":\"ImageObject\",\"inLanguage\":\"es\",\"@id\":\"https:\\\/\\\/magnuminsurance.com\\\/es\\\/contactanos\\\/#primaryimage\",\"url\":\"https:\\\/\\\/magnuminsurance.com\\\/wp-content\\\/uploads\\\/2020\\\/06\\\/contact-us.jpg\",\"contentUrl\":\"https:\\\/\\\/magnuminsurance.com\\\/wp-content\\\/uploads\\\/2020\\\/06\\\/contact-us.jpg\",\"width\":1920,\"height\":350},{\"@type\":\"BreadcrumbList\",\"@id\":\"https:\\\/\\\/magnuminsurance.com\\\/es\\\/contactanos\\\/#breadcrumb\",\"itemListElement\":[{\"@type\":\"ListItem\",\"position\":1,\"name\":\"Home\",\"item\":\"https:\\\/\\\/magnuminsurance.com\\\/es\\\/\"},{\"@type\":\"ListItem\",\"position\":2,\"name\":\"Cont\u00e1ctanos\"}]},{\"@type\":\"WebSite\",\"@id\":\"https:\\\/\\\/magnuminsurance.com\\\/es\\\/#website\",\"url\":\"https:\\\/\\\/magnuminsurance.com\\\/es\\\/\",\"name\":\"Seguros Magnum\",\"description\":\"Agencia de Seguros en Chicago y Suburbios\",\"publisher\":{\"@id\":\"https:\\\/\\\/magnuminsurance.com\\\/es\\\/#organization\"},\"potentialAction\":[{\"@type\":\"SearchAction\",\"target\":{\"@type\":\"EntryPoint\",\"urlTemplate\":\"https:\\\/\\\/magnuminsurance.com\\\/es\\\/?s={search_term_string}\"},\"query-input\":{\"@type\":\"PropertyValueSpecification\",\"valueRequired\":true,\"valueName\":\"search_term_string\"}}],\"inLanguage\":\"es\"},{\"@type\":\"Organization\",\"@id\":\"https:\\\/\\\/magnuminsurance.com\\\/es\\\/#organization\",\"name\":\"Magnum Insurance Agency\",\"alternateName\":\"Seguros Magnum\",\"url\":\"https:\\\/\\\/magnuminsurance.com\\\/es\\\/\",\"logo\":{\"@type\":\"ImageObject\",\"inLanguage\":\"es\",\"@id\":\"https:\\\/\\\/magnuminsurance.com\\\/es\\\/#\\\/schema\\\/logo\\\/image\\\/\",\"url\":\"https:\\\/\\\/magnuminsurance.com\\\/wp-content\\\/uploads\\\/2021\\\/04\\\/MagnumEnglishColorLogo.jpg\",\"contentUrl\":\"https:\\\/\\\/magnuminsurance.com\\\/wp-content\\\/uploads\\\/2021\\\/04\\\/MagnumEnglishColorLogo.jpg\",\"width\":1000,\"height\":247,\"caption\":\"Magnum Insurance Agency\"},\"image\":{\"@id\":\"https:\\\/\\\/magnuminsurance.com\\\/es\\\/#\\\/schema\\\/logo\\\/image\\\/\"},\"sameAs\":[\"https:\\\/\\\/www.facebook.com\\\/MagnumInsuranceAgency\\\/\",\"https:\\\/\\\/x.com\\\/magnumins\",\"https:\\\/\\\/www.instagram.com\\\/magnuminsuranceagency\\\/\",\"https:\\\/\\\/www.youtube.com\\\/user\\\/SegurosMagnum\",\"https:\\\/\\\/www.tiktok.com\\\/@magnuminsurance\"]}]}<\/script>\n<!-- \/ Yoast SEO plugin. -->","yoast_head_json":{"title":"Servicio al Cliente - Seguros Magnum","description":"P\u00f3ngase en contacto con nuestro servicio de atenci\u00f3n al cliente y agentes locales hoy mismo. Magnum Insurance ofrece una variedad de opciones convenientes para conectarse para que pueda tener una experiencia fluida.","robots":{"index":"index","follow":"follow","max-snippet":"max-snippet:-1","max-image-preview":"max-image-preview:large","max-video-preview":"max-video-preview:-1"},"canonical":"https:\/\/magnuminsurance.com\/es\/contactanos\/","og_locale":"es_ES","og_type":"article","og_title":"Servicio al Cliente - Seguros Magnum","og_description":"P\u00f3ngase en contacto con nuestro servicio de atenci\u00f3n al cliente y agentes locales hoy mismo. Magnum Insurance ofrece una variedad de opciones convenientes para conectarse para que pueda tener una experiencia fluida.","og_url":"https:\/\/magnuminsurance.com\/es\/contactanos\/","og_site_name":"Seguros Magnum","article_publisher":"https:\/\/www.facebook.com\/MagnumInsuranceAgency\/","article_modified_time":"2025-08-15T06:00:50+00:00","og_image":[{"width":1920,"height":350,"url":"https:\/\/magnuminsurance.com\/wp-content\/uploads\/2020\/06\/contact-us.jpg","type":"image\/jpeg"}],"twitter_card":"summary_large_image","twitter_site":"@magnumins","twitter_misc":{"Tiempo de lectura":"1 minuto"},"schema":{"@context":"https:\/\/schema.org","@graph":[{"@type":"WebPage","@id":"https:\/\/magnuminsurance.com\/es\/contactanos\/","url":"https:\/\/magnuminsurance.com\/es\/contactanos\/","name":"Servicio al Cliente - Seguros Magnum","isPartOf":{"@id":"https:\/\/magnuminsurance.com\/es\/#website"},"primaryImageOfPage":{"@id":"https:\/\/magnuminsurance.com\/es\/contactanos\/#primaryimage"},"image":{"@id":"https:\/\/magnuminsurance.com\/es\/contactanos\/#primaryimage"},"thumbnailUrl":"https:\/\/magnuminsurance.com\/wp-content\/uploads\/2020\/06\/contact-us.jpg","datePublished":"2020-06-06T17:32:27+00:00","dateModified":"2025-08-15T06:00:50+00:00","description":"P\u00f3ngase en contacto con nuestro servicio de atenci\u00f3n al cliente y agentes locales hoy mismo. Magnum Insurance ofrece una variedad de opciones convenientes para conectarse para que pueda tener una experiencia fluida.","breadcrumb":{"@id":"https:\/\/magnuminsurance.com\/es\/contactanos\/#breadcrumb"},"inLanguage":"es","potentialAction":[{"@type":"ReadAction","target":["https:\/\/magnuminsurance.com\/es\/contactanos\/"]}]},{"@type":"ImageObject","inLanguage":"es","@id":"https:\/\/magnuminsurance.com\/es\/contactanos\/#primaryimage","url":"https:\/\/magnuminsurance.com\/wp-content\/uploads\/2020\/06\/contact-us.jpg","contentUrl":"https:\/\/magnuminsurance.com\/wp-content\/uploads\/2020\/06\/contact-us.jpg","width":1920,"height":350},{"@type":"BreadcrumbList","@id":"https:\/\/magnuminsurance.com\/es\/contactanos\/#breadcrumb","itemListElement":[{"@type":"ListItem","position":1,"name":"Home","item":"https:\/\/magnuminsurance.com\/es\/"},{"@type":"ListItem","position":2,"name":"Cont\u00e1ctanos"}]},{"@type":"WebSite","@id":"https:\/\/magnuminsurance.com\/es\/#website","url":"https:\/\/magnuminsurance.com\/es\/","name":"Seguros Magnum","description":"Agencia de Seguros en Chicago y Suburbios","publisher":{"@id":"https:\/\/magnuminsurance.com\/es\/#organization"},"potentialAction":[{"@type":"SearchAction","target":{"@type":"EntryPoint","urlTemplate":"https:\/\/magnuminsurance.com\/es\/?s={search_term_string}"},"query-input":{"@type":"PropertyValueSpecification","valueRequired":true,"valueName":"search_term_string"}}],"inLanguage":"es"},{"@type":"Organization","@id":"https:\/\/magnuminsurance.com\/es\/#organization","name":"Magnum Insurance Agency","alternateName":"Seguros Magnum","url":"https:\/\/magnuminsurance.com\/es\/","logo":{"@type":"ImageObject","inLanguage":"es","@id":"https:\/\/magnuminsurance.com\/es\/#\/schema\/logo\/image\/","url":"https:\/\/magnuminsurance.com\/wp-content\/uploads\/2021\/04\/MagnumEnglishColorLogo.jpg","contentUrl":"https:\/\/magnuminsurance.com\/wp-content\/uploads\/2021\/04\/MagnumEnglishColorLogo.jpg","width":1000,"height":247,"caption":"Magnum Insurance Agency"},"image":{"@id":"https:\/\/magnuminsurance.com\/es\/#\/schema\/logo\/image\/"},"sameAs":["https:\/\/www.facebook.com\/MagnumInsuranceAgency\/","https:\/\/x.com\/magnumins","https:\/\/www.instagram.com\/magnuminsuranceagency\/","https:\/\/www.youtube.com\/user\/SegurosMagnum","https:\/\/www.tiktok.com\/@magnuminsurance"]}]}},"_links":{"self":[{"href":"https:\/\/magnuminsurance.com\/es\/wp-json\/wp\/v2\/pages\/2768","targetHints":{"allow":["GET"]}}],"collection":[{"href":"https:\/\/magnuminsurance.com\/es\/wp-json\/wp\/v2\/pages"}],"about":[{"href":"https:\/\/magnuminsurance.com\/es\/wp-json\/wp\/v2\/types\/page"}],"author":[{"embeddable":true,"href":"https:\/\/magnuminsurance.com\/es\/wp-json\/wp\/v2\/users\/5"}],"replies":[{"embeddable":true,"href":"https:\/\/magnuminsurance.com\/es\/wp-json\/wp\/v2\/comments?post=2768"}],"version-history":[{"count":29,"href":"https:\/\/magnuminsurance.com\/es\/wp-json\/wp\/v2\/pages\/2768\/revisions"}],"predecessor-version":[{"id":26361,"href":"https:\/\/magnuminsurance.com\/es\/wp-json\/wp\/v2\/pages\/2768\/revisions\/26361"}],"wp:featuredmedia":[{"embeddable":true,"href":"https:\/\/magnuminsurance.com\/es\/wp-json\/wp\/v2\/media\/3009"}],"wp:attachment":[{"href":"https:\/\/magnuminsurance.com\/es\/wp-json\/wp\/v2\/media?parent=2768"}],"curies":[{"name":"wp","href":"https:\/\/api.w.org\/{rel}","templated":true}]}}