{"id":2799,"date":"2020-06-06T19:52:40","date_gmt":"2020-06-06T19:52:40","guid":{"rendered":"https:\/\/magnuminsurance.com\/?page_id=2799"},"modified":"2024-05-01T09:19:28","modified_gmt":"2024-05-01T14:19:28","slug":"terminos-de-uso","status":"publish","type":"page","link":"https:\/\/magnuminsurance.com\/es\/terminos-de-uso\/","title":{"rendered":"Terminos de uso"},"content":{"rendered":"\n<h1 class=\"wp-block-heading has-text-align-center\"><strong>T\u00c9RMINOS DE USO<\/strong><\/h1>\n\n\n\n<hr class=\"wp-block-separator has-alpha-channel-opacity\"\/>\n\n\n\n<div style=\"height:15px\" aria-hidden=\"true\" class=\"wp-block-spacer\"><\/div>\n\n\n\n<p>Tu uso de este sitio web est\u00e1 expresamente condicionado a la aceptaci\u00f3n de estos T\u00e9rminos de Uso. Si no est\u00e1s de acuerdo con alguna parte de los T\u00e9rminos de Uso, no debes utilizar este sitio web. Estos T\u00e9rminos y Condiciones de Uso son un acuerdo legal (el \u201cAcuerdo\u201d) entre t\u00fa y Magnum Insurance Agency Inc. (\u201cMAGNUM\u201d). El Acuerdo establece los t\u00e9rminos y condiciones para el uso del sitio web (\u00abSitio web\u00bb). Al acceder, navegar o utilizar el Sitio web de cualquier otra manera, reconoces que haz le\u00eddo, entiendes y aceptas los t\u00e9rminos vinculantes de este Acuerdo. Adem\u00e1s, aceptas cumplir con todas las leyes y regulaciones aplicables. El uso continuado de este Sitio web de tu parte constituir\u00e1 la aceptaci\u00f3n de cualquier revisi\u00f3n de los T\u00e9rminos de Uso. Por favor revisa esta p\u00e1gina regularmente.<\/p>\n\n\n\n<p><strong>Derechos de autor\/Marcas Comerciales<\/strong><br>Excepto donde se indique lo contrario, todos los materiales contenidos en este Sitio web son propiedad de MAGNUM y \/ o terceros licenciantes. Las marcas comerciales, t\u00edtulos, nombres comerciales, im\u00e1genes, gr\u00e1ficos, dise\u00f1os y dem\u00e1s contenidos que aparecen en este sitio web son propiedades intelectuales protegidas que pertenecen a MAGNUM o son utilizadas con permiso. Nada en este Sitio web confiere alg\u00fan derecho bajo ninguna marca registrada, derechos de autor u otro derecho de propiedad intelectual, a excepci\u00f3n de lo dispuesto expresamente en este Sitio web.<\/p>\n\n\n\n<p>El nombre y el logotipo de Apple son marcas comerciales de Apple Inc., registrados en los Estados Unidos y otros pa\u00edses. Android, Google Play y el logotipo de Google Play son marcas comerciales de Google Inc. Todas las dem\u00e1s marcas comerciales o marcas de servicio son propiedad de sus respectivos due\u00f1os.<br>Por la presente se concede permiso para utilizar, copiar y distribuir estos materiales tal como se presentan en este Sitio web y sin alteraci\u00f3n y para fines no comerciales; siempre que todos los avisos de derechos de autor y otros avisos de propiedad aparezcan en todas las copias de la misma manera que en el original. Todo otro uso queda prohibido.<\/p>\n\n\n\n<p>A excepci\u00f3n de lo expresamente dispuesto en el presente documento, no utilizar\u00e1s ninguna parte de este sitio web, o cualquier otra propiedad intelectual, en cualquier otro sitio web, en el c\u00f3digo fuente de cualquier otro sitio web, o en cualquier otro material impreso o electr\u00f3nico. A excepci\u00f3n de lo expresamente dispuesto en el presente documento, no podr\u00e1s modificar, publicar, reproducir, volver a publicar, crear trabajos derivados, copiar, cargar, publicar, transmitir, distribuir o utilizar cualquiera de los contenidos de este Sitio web o enmarcar este sitio web dentro de cualquier otro sitio web sin nuestro permiso previo por escrito. Se proh\u00edbe la recuperaci\u00f3n sistem\u00e1tica de datos u otro contenido de este sitio web para crear o compilar, directa o indirectamente, una recopilaci\u00f3n, compilaci\u00f3n, base de datos o directorio, sin previo permiso por escrito de MAGNUM.<\/p>\n\n\n\n<p><strong>Mensaje de Texto SMS \/ Pol\u00edtica de correo Electr\u00f3nico<\/strong><br>Al contratar una p\u00f3liza con MAGNUM, aceptas recibir mensajes de texto y correos electr\u00f3nicos enviados por MAGNUM con fines comerciales mediante un sistema autom\u00e1tico. El consentimiento a estos t\u00e9rminos no es una condici\u00f3n de compra. Se podr\u00e1n aplicar tarifas de mensajes y datos. Para mensajes de texto: Para desactivar esta opci\u00f3n responder STOP al mensaje de texto que desea cancelar. Para correos electr\u00f3nicos: Para darse de baja, haz click en el enlace de darse de baja en el correo electr\u00f3nico a fin de dejar de recibir correos electr\u00f3nicos. Si tienes alguna pregunta o problemas para darte de baja, llama a nuestro servicio de atenci\u00f3n al cliente al (888) 539-2102.<\/p>\n\n\n\n<p><strong>Sitios de Terceros<\/strong><br>Sitios de Terceros Este sitio web puede contener enlaces a sitios de terceros. MAGNUM no es responsable del contenido o las pol\u00edticas de privacidad de esos sitios. La existencia de tales enlaces no debe considerarse un respaldo o recomendaci\u00f3n de esos sitios o de cualquier persona asociada a esos sitios. Si decides abandonar el sitio web y acceder a dichos sitios web, lo haces bajo tu propio riesgo y debes revisar los t\u00e9rminos y pol\u00edticas aplicables, incluidas las pr\u00e1cticas de privacidad y recopilaci\u00f3n de datos, de cualquier sitio web al que navegues desde el Sitio web. Reconoces que al proporcionarte la posibilidad de acceder y ver enlaces en el sitio web, MAGNUM simplemente act\u00faa como un conducto pasivo para dicha distribuci\u00f3n y no asume ninguna obligaci\u00f3n o responsabilidad relacionada con dicho sitio web o contenido en el mismo.<\/p>\n\n\n\n<p><strong>Pol\u00edtica de Ideas Enviadas<\/strong><br>Cuando env\u00edes ideas o materiales a MAGNUM, como para marketing, publicidad, promociones, concursos, productos, servicios, dispositivos, procesos, marcas comerciales, logotipos, ilustraciones, m\u00fasica, fotos o videos, otorgas a MAGNUM los derechos sin restricciones de utilizar y divulgar tales ideas, sugerencias, conocimiento, experiencia, comentarios o conceptos para cualquier prop\u00f3sito sin compensaci\u00f3n u obligaci\u00f3n entre las partes.<\/p>\n\n\n\n<p><strong>Conducta del Usuario<\/strong><br>T\u00fa aceptas utilizar el Sitio web solo con fines l\u00edcitos. Te comprometes a no tomar ninguna acci\u00f3n que pueda comprometer la seguridad del Sitio web, hacer que el Sitio web sea inaccesible para otros o causar da\u00f1os al Sitio web o a su contenido. Te comprometes a no a\u00f1adir, quitar o modificar ning\u00fan contenido del Sitio web, o a intentar acceder a cualquier contenido que no est\u00e9 destinado a ti. Te comprometes a no utilizar el Sitio web de ninguna manera que pueda interferir con los derechos de terceros. Se te proh\u00edbe violar o intentar violar la seguridad de este Sitio web, incluidos, entre otros, acceder a datos o iniciar sesi\u00f3n en un servidor o cuenta a la que no est\u00e1s autorizado a acceder; intentar violar las medidas de seguridad o autenticaci\u00f3n e intentar interferir con el servicio a cualquier usuario, host o red, incluso a trav\u00e9s de medios de introducci\u00f3n de virus en el sitio, sobrecargarlo o producir flooding, spamming, o aplicaciones virales (mail bomber) o crashing.<\/p>\n\n\n\n<p><strong>Privacidad<\/strong><br>MAGNUM puede recopilar y almacenar informaci\u00f3n de tu identificaci\u00f3n personal si env\u00edas voluntariamente dicha informaci\u00f3n a MAGNUM. La informaci\u00f3n de identificaci\u00f3n personal puede incluir tu nombre, direcci\u00f3n de correo electr\u00f3nico, direcci\u00f3n f\u00edsica y otra informaci\u00f3n que te identifique espec\u00edficamente. MAGNUM tambi\u00e9n puede recopilar autom\u00e1ticamente y almacenar (a trav\u00e9s de cookies, descriptas a continuaci\u00f3n, y otros m\u00e9todos) informaci\u00f3n agregada o an\u00f3nima sobre el contacto y el uso del Sitio web del usuario. Ejemplos de este tipo de informaci\u00f3n incluyen informaci\u00f3n demogr\u00e1fica, el tipo de navegador de Internet que utilizas, el tiempo que permaneces en el Sitio web, el nombre de dominio del sitio web desde el cual vinculaste a nuestro Sitio web y tus h\u00e1bitos de navegaci\u00f3n y uso del Sitio. La informaci\u00f3n personal no identificable tambi\u00e9n puede incluir informaci\u00f3n personal identificable que se haya agregado para que ning\u00fan individuo sea identificable espec\u00edficamente (por ejemplo, cu\u00e1ntos usuarios de una ciudad en particular acceden al Sitio web). MAGNUM utilizar\u00e1 cualquier informaci\u00f3n personal que proporciones a trav\u00e9s de este Sitio web de acuerdo con su Pol\u00edtica de Privacidad.<\/p>\n\n\n\n<p><strong>Registro de Contrase\u00f1a<\/strong><br>Registro de Contrase\u00f1a Algunas secciones del Sitio web y la App est\u00e1n restringidas y requieren un c\u00f3digo de identificaci\u00f3n de usuario (\u00abID de usuario\u00bb) y una contrase\u00f1a para acceder. El uso o acceso no autorizado a dichos sitios est\u00e1 estrictamente prohibido.<br><br>Al acceder a los sitios web MAGNUM que requieran un ID de usuario y contrase\u00f1a, aceptas que:<\/p>\n\n\n\n<ul class=\"wp-block-list\">\n<li>MAGNUM tiene derecho a actuar siguiendo las instrucciones recibidas bajo tu ID y contrase\u00f1a.<\/li>\n\n\n\n<li>MAGNUM no es responsable de ning\u00fan acceso no autorizado a tu informaci\u00f3n personal que no sea el resultado directo de negligencia grave o mala conducta intencional por parte de MAGNUM.<\/li>\n\n\n\n<li>Mantendr\u00e1s tu contrase\u00f1a de forma confidencial y notificar\u00e1s a MAGNUM inmediatamente si crees que alguien m\u00e1s ha obtenido tu ID de usuario y contrase\u00f1a o si se ha producido o puede producirse cualquier acceso no autorizado al servicio en l\u00ednea.<\/li>\n\n\n\n<li>MAGNUM puede bloquear el acceso al sitio del servicio en l\u00ednea sin previo aviso si creemos que tu ID de usuario y contrase\u00f1a est\u00e1n siendo utilizados por alguien que no seas t\u00fa, si ocurri\u00f3 o pueda ocurrir alg\u00fan acceso no autorizado a tu informaci\u00f3n personal, o por otros motivos.<\/li>\n<\/ul>\n\n\n\n<p><strong>Identificaci\u00f3n de Ubicaci\u00f3n Geogr\u00e1fica<br><\/strong>Cuando visites nuestro sitio web, puedes ver mensajes adaptados a tu estado o ciudad espec\u00edfica. Podemos identificar tu ubicaci\u00f3n geogr\u00e1fica general utilizando un sistema que reconoce e identifica la ubicaci\u00f3n de direcciones IP enrutadas p\u00fablicamente: los n\u00fameros \u00fanicos que las computadoras usan para comunicarse con otros dispositivos en redes inform\u00e1ticas. Aunque podemos identificar tu ubicaci\u00f3n geogr\u00e1fica, no recibimos tu informaci\u00f3n personal. Identificamos tu ubicaci\u00f3n solo para proporcionarte una experiencia m\u00e1s personalizada.<\/p>\n\n\n\n<p><strong>Cookies<\/strong><br>MAGNUM recopila informaci\u00f3n an\u00f3nima, no confidencial y no personal cuando utilizas nuestro Sitio web, nos env\u00edas correos electr\u00f3nicos o respondes a promociones especiales o boletines que podemos enviarte de vez en cuando. Por ejemplo, las cookies son peque\u00f1os archivos inform\u00e1ticos que transferimos al disco duro de tu computadora y nos permiten saber con qu\u00e9 frecuencia alguien visita un sitio web y las actividades que realiza mientras est\u00e1 en ese sitio web (si te suscribiste a nuestro bolet\u00edn informativo, solicitaste m\u00e1s informaci\u00f3n, etc.). A cada ordenador MAGNUM le asigna una cookie diferente. La informaci\u00f3n recopilada por las cookies nos ayuda a generar din\u00e1micamente contenido en las p\u00e1ginas y tambi\u00e9n nos permite monitorear estad\u00edsticamente cu\u00e1ntas personas est\u00e1n utilizando nuestro Sitio web o abren nuestros correos electr\u00f3nicos.<br>Podemos utilizar la informaci\u00f3n de cookies para determinar la popularidad de ciertos contenidos o anuncios.<br>Es posible vincular informaci\u00f3n no personal de las cookies con la informaci\u00f3n personal identificable recopilada. Puedes desactivar las cookies en tu navegador, pero esto puede obstaculizar nuestra posibilidad de proporcionarte ciertos servicios o tu posibilidad de disfrutar de ciertas caracter\u00edsticas del Sitio.<br>Sin Renuncia a Nuestros Derechos. T\u00fa aceptas que nuestro incumplimiento de cualquier derecho bajo este Acuerdo o la ley aplicable no puede interpretarse como una renuncia a nuestros derechos en ninguna forma.<br>No hay Representaci\u00f3n Respecto de la Disponibilidad Jurisdiccional. MAGNUM no garantiza que los documentos, p\u00e1ginas, im\u00e1genes u otros materiales o contenido de este Sitio web sean apropiados o est\u00e9n disponibles para su uso en jurisdicciones fuera de los EE.UU. o en todos los estados o jurisdicciones en los EE.UU.<\/p>\n\n\n\n<p><strong>Jurisdicci\u00f3n \/ Aplicabilidad<br><\/strong>El uso de este Sitio se regir\u00e1 e interpretar\u00e1 de acuerdo con las leyes del Estado de Illinois sin dar efecto a ning\u00fan principio de conflictos de leyes. Cualquier disputa relacionada con este Sitio estar\u00e1 sujeta al lugar exclusivo de un tribunal de jurisdicci\u00f3n competente en el Condado de Cook, Illinois. Si un tribunal competente determina que alguna parte de este Acuerdo es inv\u00e1lida o inaplicable, no afectar\u00e1 ninguna otra disposici\u00f3n de este Acuerdo, todas las cuales permanecer\u00e1n en pleno vigor y efecto.<\/p>\n\n\n\n<p><strong>Exenci\u00f3n de Garant\u00eda<br><\/strong>El contenido y los materiales de este sitio se proporcionan \u00abtal cual\u00bb y sin representaciones o garant\u00edas de ning\u00fan tipo, ya sea de forma expresa o impl\u00edcita. En la medida en que lo permita la ley, MAGNUM renuncia expresamente a todas las garant\u00edas, expresas o impl\u00edcitas, respecto de este Sitio, incluyendo, pero sin limitarse a, las garant\u00edas impl\u00edcitas de comerciabilidad, idoneidad para un prop\u00f3sito particular y no violaci\u00f3n de derechos de autor. MAGNUM no garantiza ni representa que las funciones o el funcionamiento de este Sitio ser\u00e1 ininterrumpido o libre de errores; que los defectos ser\u00e1n corregidos, o que este sitio, sus servidores o cualquier correo electr\u00f3nico enviado desde MAGNUM est\u00e1n libres de virus u otros componentes da\u00f1inos.<\/p>\n\n\n\n<p><strong>Limitaci\u00f3n de Responsabilidad Civil<br><\/strong>En la medida m\u00e1xima permitida por la ley, MAGNUM no ser\u00e1 responsable de ninguna lesi\u00f3n, p\u00e9rdida, reclamo o da\u00f1o, ni da\u00f1os indirectos, especiales, incidentales o consecuentes de ning\u00fan tipo, ya sea basados en contrato, agravio, responsabilidad estricta o de otro tipo, que surja de (a) el uso o la incapacidad de utilizar este sitio o contenido en este sitio, o (b) a menos que resulte de una negligencia grave o acciones intencionales por parte de MAGNUM, el acceso no autorizado o alteraci\u00f3n de tus transmisiones o datos, a\u00fan cuando MAGNUM haya sido alertado de la posibilidad de tales da\u00f1os.<\/p>\n","protected":false},"excerpt":{"rendered":"<p>T\u00c9RMINOS DE USO Tu uso de este sitio web est\u00e1 expresamente condicionado a la aceptaci\u00f3n de estos T\u00e9rminos de Uso. Si no est\u00e1s de acuerdo con alguna parte de los T\u00e9rminos de Uso, no debes utilizar este sitio web. Estos T\u00e9rminos y Condiciones de Uso son un acuerdo legal (el \u201cAcuerdo\u201d) entre t\u00fa y Magnum&#8230;<\/p>\n","protected":false},"author":5,"featured_media":0,"parent":0,"menu_order":0,"comment_status":"closed","ping_status":"closed","template":"","meta":{"_acf_changed":false,"inline_featured_image":false,"footnotes":""},"class_list":["post-2799","page","type-page","status-publish","hentry"],"acf":[],"yoast_head":"<!-- This site is optimized with the Yoast SEO plugin v27.4 - https:\/\/yoast.com\/product\/yoast-seo-wordpress\/ -->\n<title>Terminos de uso - Seguros Magnum<\/title>\n<meta name=\"description\" content=\"Revisa los T\u00e9rminos de Uso del sitio web de Seguros Magnum: condiciones legales, limitaciones de responsabilidad, uso permitido de contenido y normas para el acceso a nuestros servicios.\" \/>\n<meta name=\"robots\" content=\"index, follow, max-snippet:-1, max-image-preview:large, max-video-preview:-1\" \/>\n<link rel=\"canonical\" href=\"https:\/\/magnuminsurance.com\/es\/terminos-de-uso\/\" \/>\n<meta property=\"og:locale\" content=\"es_ES\" \/>\n<meta property=\"og:type\" content=\"article\" \/>\n<meta property=\"og:title\" content=\"Terminos de uso - Seguros Magnum\" \/>\n<meta property=\"og:description\" content=\"Revisa los T\u00e9rminos de Uso del sitio web de Seguros Magnum: condiciones legales, limitaciones de responsabilidad, uso permitido de contenido y normas para el acceso a nuestros servicios.\" \/>\n<meta property=\"og:url\" content=\"https:\/\/magnuminsurance.com\/es\/terminos-de-uso\/\" \/>\n<meta property=\"og:site_name\" content=\"Seguros Magnum\" \/>\n<meta property=\"article:publisher\" content=\"https:\/\/www.facebook.com\/MagnumInsuranceAgency\/\" \/>\n<meta property=\"article:modified_time\" content=\"2024-05-01T14:19:28+00:00\" \/>\n<meta property=\"og:image\" content=\"https:\/\/magnuminsurance.com\/wp-content\/uploads\/2025\/12\/magnum.jpg\" \/>\n\t<meta property=\"og:image:width\" content=\"1500\" \/>\n\t<meta property=\"og:image:height\" content=\"1500\" \/>\n\t<meta property=\"og:image:type\" content=\"image\/jpeg\" \/>\n<meta name=\"twitter:card\" content=\"summary_large_image\" \/>\n<meta name=\"twitter:site\" content=\"@magnumins\" \/>\n<meta name=\"twitter:label1\" content=\"Tiempo de lectura\" \/>\n\t<meta name=\"twitter:data1\" content=\"9 minutos\" \/>\n<script type=\"application\/ld+json\" class=\"yoast-schema-graph\">{\"@context\":\"https:\\\/\\\/schema.org\",\"@graph\":[{\"@type\":\"WebPage\",\"@id\":\"https:\\\/\\\/magnuminsurance.com\\\/es\\\/terminos-de-uso\\\/\",\"url\":\"https:\\\/\\\/magnuminsurance.com\\\/es\\\/terminos-de-uso\\\/\",\"name\":\"Terminos de uso - Seguros Magnum\",\"isPartOf\":{\"@id\":\"https:\\\/\\\/magnuminsurance.com\\\/es\\\/#website\"},\"datePublished\":\"2020-06-06T19:52:40+00:00\",\"dateModified\":\"2024-05-01T14:19:28+00:00\",\"description\":\"Revisa los T\u00e9rminos de Uso del sitio web de Seguros Magnum: condiciones legales, limitaciones de responsabilidad, uso permitido de contenido y normas para el acceso a nuestros servicios.\",\"breadcrumb\":{\"@id\":\"https:\\\/\\\/magnuminsurance.com\\\/es\\\/terminos-de-uso\\\/#breadcrumb\"},\"inLanguage\":\"es\",\"potentialAction\":[{\"@type\":\"ReadAction\",\"target\":[\"https:\\\/\\\/magnuminsurance.com\\\/es\\\/terminos-de-uso\\\/\"]}]},{\"@type\":\"BreadcrumbList\",\"@id\":\"https:\\\/\\\/magnuminsurance.com\\\/es\\\/terminos-de-uso\\\/#breadcrumb\",\"itemListElement\":[{\"@type\":\"ListItem\",\"position\":1,\"name\":\"Home\",\"item\":\"https:\\\/\\\/magnuminsurance.com\\\/es\\\/\"},{\"@type\":\"ListItem\",\"position\":2,\"name\":\"Terminos de uso\"}]},{\"@type\":\"WebSite\",\"@id\":\"https:\\\/\\\/magnuminsurance.com\\\/es\\\/#website\",\"url\":\"https:\\\/\\\/magnuminsurance.com\\\/es\\\/\",\"name\":\"Seguros Magnum\",\"description\":\"Agencia de Seguros en Chicago y Suburbios\",\"publisher\":{\"@id\":\"https:\\\/\\\/magnuminsurance.com\\\/es\\\/#organization\"},\"potentialAction\":[{\"@type\":\"SearchAction\",\"target\":{\"@type\":\"EntryPoint\",\"urlTemplate\":\"https:\\\/\\\/magnuminsurance.com\\\/es\\\/?s={search_term_string}\"},\"query-input\":{\"@type\":\"PropertyValueSpecification\",\"valueRequired\":true,\"valueName\":\"search_term_string\"}}],\"inLanguage\":\"es\"},{\"@type\":\"Organization\",\"@id\":\"https:\\\/\\\/magnuminsurance.com\\\/es\\\/#organization\",\"name\":\"Magnum Insurance Agency\",\"alternateName\":\"Seguros Magnum\",\"url\":\"https:\\\/\\\/magnuminsurance.com\\\/es\\\/\",\"logo\":{\"@type\":\"ImageObject\",\"inLanguage\":\"es\",\"@id\":\"https:\\\/\\\/magnuminsurance.com\\\/es\\\/#\\\/schema\\\/logo\\\/image\\\/\",\"url\":\"https:\\\/\\\/magnuminsurance.com\\\/wp-content\\\/uploads\\\/2021\\\/04\\\/MagnumEnglishColorLogo.jpg\",\"contentUrl\":\"https:\\\/\\\/magnuminsurance.com\\\/wp-content\\\/uploads\\\/2021\\\/04\\\/MagnumEnglishColorLogo.jpg\",\"width\":1000,\"height\":247,\"caption\":\"Magnum Insurance Agency\"},\"image\":{\"@id\":\"https:\\\/\\\/magnuminsurance.com\\\/es\\\/#\\\/schema\\\/logo\\\/image\\\/\"},\"sameAs\":[\"https:\\\/\\\/www.facebook.com\\\/MagnumInsuranceAgency\\\/\",\"https:\\\/\\\/x.com\\\/magnumins\",\"https:\\\/\\\/www.instagram.com\\\/magnuminsuranceagency\\\/\",\"https:\\\/\\\/www.youtube.com\\\/user\\\/SegurosMagnum\",\"https:\\\/\\\/www.tiktok.com\\\/@magnuminsurance\"]}]}<\/script>\n<!-- \/ Yoast SEO plugin. -->","yoast_head_json":{"title":"Terminos de uso - Seguros Magnum","description":"Revisa los T\u00e9rminos de Uso del sitio web de Seguros Magnum: condiciones legales, limitaciones de responsabilidad, uso permitido de contenido y normas para el acceso a nuestros servicios.","robots":{"index":"index","follow":"follow","max-snippet":"max-snippet:-1","max-image-preview":"max-image-preview:large","max-video-preview":"max-video-preview:-1"},"canonical":"https:\/\/magnuminsurance.com\/es\/terminos-de-uso\/","og_locale":"es_ES","og_type":"article","og_title":"Terminos de uso - Seguros Magnum","og_description":"Revisa los T\u00e9rminos de Uso del sitio web de Seguros Magnum: condiciones legales, limitaciones de responsabilidad, uso permitido de contenido y normas para el acceso a nuestros servicios.","og_url":"https:\/\/magnuminsurance.com\/es\/terminos-de-uso\/","og_site_name":"Seguros Magnum","article_publisher":"https:\/\/www.facebook.com\/MagnumInsuranceAgency\/","article_modified_time":"2024-05-01T14:19:28+00:00","og_image":[{"width":1500,"height":1500,"url":"https:\/\/magnuminsurance.com\/wp-content\/uploads\/2025\/12\/magnum.jpg","type":"image\/jpeg"}],"twitter_card":"summary_large_image","twitter_site":"@magnumins","twitter_misc":{"Tiempo de lectura":"9 minutos"},"schema":{"@context":"https:\/\/schema.org","@graph":[{"@type":"WebPage","@id":"https:\/\/magnuminsurance.com\/es\/terminos-de-uso\/","url":"https:\/\/magnuminsurance.com\/es\/terminos-de-uso\/","name":"Terminos de uso - Seguros Magnum","isPartOf":{"@id":"https:\/\/magnuminsurance.com\/es\/#website"},"datePublished":"2020-06-06T19:52:40+00:00","dateModified":"2024-05-01T14:19:28+00:00","description":"Revisa los T\u00e9rminos de Uso del sitio web de Seguros Magnum: condiciones legales, limitaciones de responsabilidad, uso permitido de contenido y normas para el acceso a nuestros servicios.","breadcrumb":{"@id":"https:\/\/magnuminsurance.com\/es\/terminos-de-uso\/#breadcrumb"},"inLanguage":"es","potentialAction":[{"@type":"ReadAction","target":["https:\/\/magnuminsurance.com\/es\/terminos-de-uso\/"]}]},{"@type":"BreadcrumbList","@id":"https:\/\/magnuminsurance.com\/es\/terminos-de-uso\/#breadcrumb","itemListElement":[{"@type":"ListItem","position":1,"name":"Home","item":"https:\/\/magnuminsurance.com\/es\/"},{"@type":"ListItem","position":2,"name":"Terminos de uso"}]},{"@type":"WebSite","@id":"https:\/\/magnuminsurance.com\/es\/#website","url":"https:\/\/magnuminsurance.com\/es\/","name":"Seguros Magnum","description":"Agencia de Seguros en Chicago y Suburbios","publisher":{"@id":"https:\/\/magnuminsurance.com\/es\/#organization"},"potentialAction":[{"@type":"SearchAction","target":{"@type":"EntryPoint","urlTemplate":"https:\/\/magnuminsurance.com\/es\/?s={search_term_string}"},"query-input":{"@type":"PropertyValueSpecification","valueRequired":true,"valueName":"search_term_string"}}],"inLanguage":"es"},{"@type":"Organization","@id":"https:\/\/magnuminsurance.com\/es\/#organization","name":"Magnum Insurance Agency","alternateName":"Seguros Magnum","url":"https:\/\/magnuminsurance.com\/es\/","logo":{"@type":"ImageObject","inLanguage":"es","@id":"https:\/\/magnuminsurance.com\/es\/#\/schema\/logo\/image\/","url":"https:\/\/magnuminsurance.com\/wp-content\/uploads\/2021\/04\/MagnumEnglishColorLogo.jpg","contentUrl":"https:\/\/magnuminsurance.com\/wp-content\/uploads\/2021\/04\/MagnumEnglishColorLogo.jpg","width":1000,"height":247,"caption":"Magnum Insurance Agency"},"image":{"@id":"https:\/\/magnuminsurance.com\/es\/#\/schema\/logo\/image\/"},"sameAs":["https:\/\/www.facebook.com\/MagnumInsuranceAgency\/","https:\/\/x.com\/magnumins","https:\/\/www.instagram.com\/magnuminsuranceagency\/","https:\/\/www.youtube.com\/user\/SegurosMagnum","https:\/\/www.tiktok.com\/@magnuminsurance"]}]}},"_links":{"self":[{"href":"https:\/\/magnuminsurance.com\/es\/wp-json\/wp\/v2\/pages\/2799","targetHints":{"allow":["GET"]}}],"collection":[{"href":"https:\/\/magnuminsurance.com\/es\/wp-json\/wp\/v2\/pages"}],"about":[{"href":"https:\/\/magnuminsurance.com\/es\/wp-json\/wp\/v2\/types\/page"}],"author":[{"embeddable":true,"href":"https:\/\/magnuminsurance.com\/es\/wp-json\/wp\/v2\/users\/5"}],"replies":[{"embeddable":true,"href":"https:\/\/magnuminsurance.com\/es\/wp-json\/wp\/v2\/comments?post=2799"}],"version-history":[{"count":17,"href":"https:\/\/magnuminsurance.com\/es\/wp-json\/wp\/v2\/pages\/2799\/revisions"}],"predecessor-version":[{"id":21932,"href":"https:\/\/magnuminsurance.com\/es\/wp-json\/wp\/v2\/pages\/2799\/revisions\/21932"}],"wp:attachment":[{"href":"https:\/\/magnuminsurance.com\/es\/wp-json\/wp\/v2\/media?parent=2799"}],"curies":[{"name":"wp","href":"https:\/\/api.w.org\/{rel}","templated":true}]}}