{"id":8502,"date":"2022-02-23T14:30:24","date_gmt":"2022-02-23T14:30:24","guid":{"rendered":"https:\/\/magnuminsurance.com\/seguro-negocios\/browse-by-profession\/"},"modified":"2024-04-29T17:20:34","modified_gmt":"2024-04-29T22:20:34","slug":"seguro-para-pequenas-empresa","status":"publish","type":"page","link":"https:\/\/magnuminsurance.com\/es\/seguro-para-pequenas-empresa\/","title":{"rendered":"Seguro Para Peque\u00f1as Empresa"},"content":{"rendered":"\n<h1 class=\"wp-block-heading has-text-align-center\">Seguro Para Peque\u00f1as Empresas<\/h1>\n\n\n\n<h6 class=\"wp-block-heading has-text-align-center\">Obt\u00e9n una cotizaci\u00f3n gratuita para tu seguro para peque\u00f1as empresas<\/h6>\n\n\n\n<div\n\tid=\"get-quote-section-block_4425bf0d3bf08e7feea454e6a0968b0e\"\n\tclass=\"get-quote-section  alignfull\">\n  <div class=\"get-quote-section__main\">\n    <div class=\"get-quote-section__img\">\n      <picture>\n        <source srcset=\"https:\/\/magnuminsurance.com\/wp-content\/uploads\/2021\/11\/banner-workers-1024x315.jpg\" media=\"(min-width: 768px)\">\n        <img\n\t\t\t\t\tsrcset=\"https:\/\/magnuminsurance.com\/wp-content\/uploads\/2021\/11\/banner-workers-768x236.jpg\"\n\t\t\t\t\talt=\"Get a quote Image\"\n\t\t\t\t\twidth=\"1020\"\n\t\t\t\t\theight=\"356\"\n\t\t\t\t\tfetchpriority=\"high\"\n\t\t\t\t\tloading=\"eager\"\n\t\t\t\t\tfetchpriority=\"high\"\n\t\t\t\t\tloading=\"eager\"\n\t\t\t\t>\n      <\/picture>\n    <\/div>\n  <\/div>\n  \n  <div class=\"get-quote-section__info\">\n\t  \n\t  \n<div class=\"get-quote-block magnum-get-a-quote  --in-header \">\n\t \n\t\t\t<div class=\"get-quote-block__inner\">\n\t\t\t<img\n\t\t\t\tsrc=\"https:\/\/magnuminsurance.com\/wp-content\/uploads\/2021\/11\/icon-bussines.svg\"\n\t\t\t\tclass=\"icon-quote\"\n\t\t\t\twidth=\"70\"\n\t\t\t\theight=\"60\"\n\t\t\t\tfetchpriority=\"low\"\n\t\t\t\tloading=\"lazy\"\n\t\t\t\talt=\"Icon\"\/>\n\t\t\t<a\n\t\t\t\tclass=\"btn\"\n\t\t\t\tdata-toggle=\"modal\"\n\t\t\t\tdata-target=\"#magnumLeadFormCommercial\"\n\t\t\t\tonclick=\"dataLayer.push({event: 'lead_form_open', type: 'Commercial'});getQuoteTrigger();\">\n\t\t\t\tCotiza ahora\t\t\t<\/a>\n\t\t<\/div>\n\t\t\n\t\t\n\t\t\n\t\t\n\t<\/div>\n\n\n<!--Mobile-->\n    \n          <div class=\"get-quote-section__info-card\">\n        <div class=\"get-quote-section__info-item\">\n          <div class=\"icon-label\">\n                          <div class=\"icon-label__icon\">\n                <img loading=\"lazy\" decoding=\"async\" src=\"https:\/\/magnuminsurance.com\/wp-content\/uploads\/2025\/05\/Support.svg\" alt=\"\" width=\"19\" height=\"22\">\n              <\/div>\n                        \n            <div class=\"icon-label__label\">\n              Llamar a un agente            <\/div>\n          <\/div>\n        <\/div>\n        \n        <div class=\"get-quote-section__info-item\">\n                      <div class=\"get-quote-section__info-card-label\">\n              HORARIO:            <\/div>\n                   \n                                    <div class=\"get-quote-section__info-card-text\">\n                Lun-Vie: 9am to 7pm CT S\u00e1b: 9am to 6pm CT              <\/div>\n                              <\/div>\n        \n        <div class=\"get-quote-section__info-item\">\n                      <div class=\"get-quote-section__info-card-label\">\n              N\u00daMERO DE TEL\u00c9FONO:            <\/div>\n                    \n                      <a\n              href=\"tel:1-888-539-2102\"\n              class=\"get-quote-section__info-card-text\"\n            >\n              1-888-539-2102            <\/a>\n                  <\/div>\n        \n        <div class=\"get-quote-section__info-item\">\n                      <a\n              href=\"tel:18885392102\"\n              class=\"btn --full-width --blue\"\n              target=\"\"\n                          >\n              Llamar ahora            <\/a>\n                  <\/div>\n      <\/div>\n      <\/div>\n<\/div>\n\n\n\n<div\n\tid=\"wide-section-block_db77e11a48b45f8c89d77a7a773a37a1\"\n\tclass=\"wide-section  alignfull\"\n\tstyle=\"background-color: #eceffa\">\n\t<div class=\"wide-section__content\">\n\n\t\t\n\t\t<p>Las peque\u00f1as empresas son una parte cr\u00edtica de cualquier econom\u00eda local.<\/p>\n<p>Fomentan la competencia sana, son campeones de la innovaci\u00f3n y lo m\u00e1s probable es que tengan un servicio al cliente estelar para acompa\u00f1ar sus productos de calidad.<\/p>\n<p>Lo que es m\u00e1s importante, las peque\u00f1as empresas son el producto de las esperanzas y los sue\u00f1os de las personas.<\/p>\n<p>Por eso, las peque\u00f1as empresas, por encima de todas las dem\u00e1s, deben estar protegidas de posibles riesgos financieros.<\/p>\n<p>Este art\u00edculo discutir\u00e1 todo lo que necesita saber sobre el seguro para peque\u00f1as empresas y c\u00f3mo puede ayudar a protegerlas en tiempos de necesidad.<\/p>\n\t<\/div>\n<\/div>\n\n\n\n<div style=\"height:15px\" aria-hidden=\"true\" class=\"wp-block-spacer\"><\/div>\n\n\n\n<h2 class=\"wp-block-heading\" id=\"what-is-commercial-truck-insurance\">\u00bfQu\u00e9 es el seguro para peque\u00f1as empresas?<\/h2>\n\n\n\n<p>Si tiene una peque\u00f1a empresa, sabe que la planificaci\u00f3n para desastres es uno de los pasos m\u00e1s cr\u00edticos. La mayor\u00eda de las peque\u00f1as empresas no tienen grandes reservas de efectivo para usar cuando las cosas se ponen dif\u00edciles, por lo que cualquier evento inesperado podr\u00eda convertirse en un desastre financiero.<\/p>\n\n\n\n<p>A menos que est\u00e9 protegido por un seguro para peque\u00f1as empresas, este tipo de p\u00f3liza de seguro suele existir como un paquete de seguros que ofrece una protecci\u00f3n integral para su peque\u00f1a empresa.<\/p>\n\n\n\n<p>La mayor\u00eda de los seguros para peque\u00f1as empresas suelen crear una p\u00f3liza con las tres coberturas comerciales b\u00e1sicas:<\/p>\n\n\n\n<ul class=\"wp-block-list\">\n<li>seguro de responsabilidad general<\/li>\n\n\n\n<li>Seguro de compensaci\u00f3n de trabajadores<\/li>\n\n\n\n<li>seguro de auto comercial<\/li>\n<\/ul>\n\n\n\n<p>Paquetes como este tienden a servir como un caj\u00f3n de sastre para la mayor\u00eda de los riesgos que su peque\u00f1a empresa podr\u00eda enfrentar. Sin embargo, tambi\u00e9n hay muchas otras coberturas de las que puede beneficiarse en su seguro para peque\u00f1as empresas, como:<\/p>\n\n\n\n<ul class=\"wp-block-list\">\n<li>P\u00f3liza de due\u00f1o de negocio<\/li>\n\n\n\n<li>responsabilidad comercial<\/li>\n\n\n\n<li>Propiedad comercial<\/li>\n\n\n\n<li>Ingresos del negocio<\/li>\n\n\n\n<li>Responsabilidad profesional<\/li>\n<\/ul>\n\n\n\n<p>Si desea una protecci\u00f3n completa, necesita una evaluaci\u00f3n adecuada de todos los riesgos a los que probablemente se enfrentar\u00e1 su empresa.<\/p>\n\n\n\n<p>Al comunicarse con nosotros aqu\u00ed en Magnum Insurance, puede estar seguro de que recibir\u00e1 evaluaciones de alta calidad que le indicar\u00e1n el mejor curso de acci\u00f3n para su peque\u00f1a empresa.<\/p>\n\n\n\n<h2 class=\"wp-block-heading\">\u00bfQu\u00e9 cubre el seguro para peque\u00f1as empresas?<\/h2>\n\n\n\n<p>El seguro para peque\u00f1as empresas existe como un paquete de coberturas individuales que los proveedores de seguros ya han optimizado para adaptarse a su riesgo y capacidad financiera espec\u00edficos. Las coberturas exactas depender\u00e1n de diferentes factores, pero estas son las inclusiones m\u00e1s comunes:<\/p>\n\n\n\n<ul class=\"wp-block-list\">\n<li><strong>Seguro de responsabilidad general.\u00a0<\/strong>Cubre los costos m\u00e9dicos, financieros y legales de un incidente por el cual su empresa es responsable.<\/li>\n\n\n\n<li><strong>Seguro de compensaci\u00f3n de trabajadores.\u00a0<\/strong>Cubre la compensaci\u00f3n de los trabajadores que se enferman o lesionan en el trabajo.<\/li>\n\n\n\n<li><strong>Seguro de autom\u00f3vil comercial.\u00a0<\/strong>Lo protege de los gastos inesperados del veh\u00edculo que utiliza para operar su negocio.<\/li>\n\n\n\n<li><strong>Seguro de propiedad comercial.\u00a0<\/strong>Cubre los gastos de los da\u00f1os que se produzcan en cualquiera de las propiedades de su negocio.<\/li>\n<\/ul>\n\n\n\n<h2 class=\"wp-block-heading\">\u00bfCu\u00e1nto cuesta el seguro para peque\u00f1as empresas?<\/h2>\n\n\n\n<p>La prima que paga por el seguro de su peque\u00f1a empresa a menudo depender\u00e1 de los siguientes factores:<\/p>\n\n\n\n<ul class=\"wp-block-list\">\n<li>tama\u00f1o de la empresa<\/li>\n\n\n\n<li>Ubicaci\u00f3n<\/li>\n\n\n\n<li>Industria<\/li>\n\n\n\n<li>Coberturas individuales<\/li>\n<\/ul>\n\n\n\n<h2 class=\"wp-block-heading\">C\u00f3mo obtener un seguro para peque\u00f1as empresas con Magnum Insurance<\/h2>\n\n\n\n<p>Cuanto m\u00e1s peque\u00f1a es la empresa, m\u00e1s cr\u00edtico se vuelve el seguro para peque\u00f1as empresas.<\/p>\n\n\n\n<p>Afortunadamente, Magnum Insurance puede brindarle el servicio de alta calidad que necesita. Todo lo que tiene que hacer es ponerse en contacto con nosotros, y puede sentarse y relajarse mientras ofrecemos la mejor p\u00f3liza de seguro para peque\u00f1as empresas para su negocio.<\/p>\n\n\n\n<hr class=\"wp-block-separator has-alpha-channel-opacity is-style-wide\"\/>\n\n\n\n<div\n\tid=\"insurance-steps-block_50ffb9c1f824066fbea633f90e53c68c\"\n\tclass=\"insurance-steps  alignfull\">\n\t<h3 class=\"insurance-steps__title\">\n\t\t<strong>\n\t\t\tSeguros Magnum hace que el Seguro Para Peque\u00f1as Empresas sea f\u00e1cil\t\t<\/strong>\n\t<\/h3>\n\t<div class=\"insurance-steps__desc\">\n\t\tObtener un seguro debe ser f\u00e1cil. Y ahora lo es. Obt\u00e9n tu seguro en l\u00ednea cuando lo desees\t<\/div>\n\n\t<div class=\"insurance-steps__cols\">\n\t\t\t\t<div class=\"insurance-steps__col\">\n\t\t\t<a href=\"\" class=\"insurance-steps__img\" aria-label=\"Realiza un Pago\">\n\t\t\t\t<img\n\t\t\t\t\twidth=\"195\"\n\t\t\t\t\theight=\"120\"\n\t\t\t\t\tloading=\"lazy\"\n\t\t\t\t\tdecoding=\"async\"\n\t\t\t\t\tsrc=\"https:\/\/magnuminsurance.com\/wp-content\/uploads\/2021\/06\/payment-1.svg\" alt=\"\">\n\t\t\t<\/a>\n\t\t\t<a href=\"\" class=\"insurance-steps__label\" aria-label=\"Realiza un Pago\">\n\t\t\t\tRealiza un Pago\t\t\t<\/a>\n\t\t\t<div class=\"insurance-steps__text\">\n\t\t\t\tOpciones de pago flexibles incluido efectivo. Ll\u00e1menos, visite alguna de nuestras tiendas locales, o realice un pago en l\u00ednea iniciando sesi\u00f3n en su cuenta.\t\t\t<\/div>\n\t\t<\/div>\n\t\t\t\t<div class=\"insurance-steps__col\">\n\t\t\t<a href=\"https:\/\/magnuminsurance.com\/es\/app-movil-de-seguros-magnum\/\" class=\"insurance-steps__img\" aria-label=\"Obt\u00e9n nuestra aplicaci\u00f3n m\u00f3vil\">\n\t\t\t\t<img\n\t\t\t\t\twidth=\"195\"\n\t\t\t\t\theight=\"120\"\n\t\t\t\t\tloading=\"lazy\"\n\t\t\t\t\tdecoding=\"async\"\n\t\t\t\t\tsrc=\"\" alt=\"\">\n\t\t\t<\/a>\n\t\t\t<a href=\"https:\/\/magnuminsurance.com\/es\/app-movil-de-seguros-magnum\/\" class=\"insurance-steps__label\" aria-label=\"Obt\u00e9n nuestra aplicaci\u00f3n m\u00f3vil\">\n\t\t\t\tObt\u00e9n nuestra aplicaci\u00f3n m\u00f3vil\t\t\t<\/a>\n\t\t\t<div class=\"insurance-steps__text\">\n\t\t\t\tAdministra tu p\u00f3liza. Ingresa y realiza el seguimiento de un reclamo. Realiza todo con un par de clics desde tu smartphone.\t\t\t<\/div>\n\t\t<\/div>\n\t\t\t\t<div class=\"insurance-steps__col\">\n\t\t\t<a href=\"https:\/\/magnuminsurance.com\/es\/reclamos\/\" class=\"insurance-steps__img\" aria-label=\"Reclamos sencillos\">\n\t\t\t\t<img\n\t\t\t\t\twidth=\"195\"\n\t\t\t\t\theight=\"120\"\n\t\t\t\t\tloading=\"lazy\"\n\t\t\t\t\tdecoding=\"async\"\n\t\t\t\t\tsrc=\"https:\/\/magnuminsurance.com\/wp-content\/uploads\/2020\/06\/claims-easy-b.svg\" alt=\"\">\n\t\t\t<\/a>\n\t\t\t<a href=\"https:\/\/magnuminsurance.com\/es\/reclamos\/\" class=\"insurance-steps__label\" aria-label=\"Reclamos sencillos\">\n\t\t\t\tReclamos sencillos\t\t\t<\/a>\n\t\t\t<div class=\"insurance-steps__text\">\n\t\t\t\tA nadie le gusta presentar o gestionar un reclamo. Es por eso que facilitamos el proceso con formularios en l\u00ednea y agentes dedicados\t\t\t<\/div>\n\t\t<\/div>\n\t\t\t<\/div>\n<\/div>\n\n\n\n<hr class=\"wp-block-separator has-alpha-channel-opacity is-style-wide\"\/>\n\n\n\n<div\n\tid=\"get-quote-section-with-location-block_ee23b9dac9f76ff6ea14fb0aef5257a9\"\n\tclass=\"get-quote-section-with-location  alignfull\">\n\t<h3 class=\"get-quote-section-with-location__title \">\n\t\tObt\u00e9n hoy una cotizaci\u00f3n de Seguro Para Peque\u00f1as Empresas gratis\t<\/h3>\n\n  \n\t<div class=\"get-quote-section-with-location__description \">\n\t\tObt\u00e9n el seguro de auto comercial que necesitas con Seguros Magnum. Habla con un agente hoy llam\u00e1ndonos o visitando una de nuestras oficinas ubicadas en Illinois e Indiana.\t<\/div>\n\t\n\t \n\t\n<div class=\"get-quote-block magnum-get-a-quote   \">\n\t \n\t\t\t<div class=\"get-quote-block__inner\">\n\t\t\t<img\n\t\t\t\tsrc=\"https:\/\/magnuminsurance.com\/wp-content\/uploads\/2021\/11\/icon-bussines.svg\"\n\t\t\t\tclass=\"icon-quote\"\n\t\t\t\twidth=\"70\"\n\t\t\t\theight=\"60\"\n\t\t\t\tfetchpriority=\"low\"\n\t\t\t\tloading=\"lazy\"\n\t\t\t\talt=\"Icon\"\/>\n\t\t\t<a\n\t\t\t\tclass=\"btn\"\n\t\t\t\tdata-toggle=\"modal\"\n\t\t\t\tdata-target=\"#magnumLeadFormCommercial\"\n\t\t\t\tonclick=\"dataLayer.push({event: 'lead_form_open', type: 'Commercial'});getQuoteTrigger();\">\n\t\t\t\tCotiza ahora\t\t\t<\/a>\n\t\t<\/div>\n\t\t\n\t\t\n\t\t\n\t\t\n\t<\/div>\n\n\n<!--Mobile-->\n \n\t\t\t<h3 class=\"get-quote-section-with-location__title \">\n\t\t\t\u00bfHay un agente local de Seguro Para Peque\u00f1as Empresas cerca?\t\t<\/h3>\n\t\t<div class=\"get-quote-section-with-location__description \">\n\t\t\t<p>Prueba\u00a0<a href=\"https:\/\/magnuminsurance.com\/es\/ubicaciones\/\">nuestro Buscador<\/a>\u00a0para encontrar al agente m\u00e1s cercano.<\/p>\n\t\t<\/div>\n\t \n\t<\/div>\n","protected":false},"excerpt":{"rendered":"<p>Seguro Para Peque\u00f1as Empresas Obt\u00e9n una cotizaci\u00f3n gratuita para tu seguro para peque\u00f1as empresas \u00bfQu\u00e9 es el seguro para peque\u00f1as empresas? Si tiene una peque\u00f1a empresa, sabe que la planificaci\u00f3n para desastres es uno de los pasos m\u00e1s cr\u00edticos. La mayor\u00eda de las peque\u00f1as empresas no tienen grandes reservas de efectivo para usar cuando las&#8230;<\/p>\n","protected":false},"author":1,"featured_media":0,"parent":0,"menu_order":0,"comment_status":"closed","ping_status":"closed","template":"","meta":{"_acf_changed":false,"inline_featured_image":false,"footnotes":""},"class_list":["post-8502","page","type-page","status-publish","hentry"],"acf":[],"yoast_head":"<!-- This site is optimized with the Yoast SEO plugin v27.4 - https:\/\/yoast.com\/product\/yoast-seo-wordpress\/ -->\n<title>Seguro Para Peque\u00f1as Empresa - Seguros Magnum<\/title>\n<meta name=\"description\" content=\"Protege tu negocio con el seguro para peque\u00f1as empresas de Seguros Magnum. Cobertura flexible para responsabilidad civil, propiedad comercial, interrupci\u00f3n de negocio y m\u00e1s.\" \/>\n<meta name=\"robots\" content=\"index, follow, max-snippet:-1, max-image-preview:large, max-video-preview:-1\" \/>\n<link rel=\"canonical\" href=\"https:\/\/magnuminsurance.com\/es\/seguro-para-pequenas-empresa\/\" \/>\n<meta property=\"og:locale\" content=\"es_ES\" \/>\n<meta property=\"og:type\" content=\"article\" \/>\n<meta property=\"og:title\" content=\"Seguro Para Peque\u00f1as Empresa - Seguros Magnum\" \/>\n<meta property=\"og:description\" content=\"Protege tu negocio con el seguro para peque\u00f1as empresas de Seguros Magnum. Cobertura flexible para responsabilidad civil, propiedad comercial, interrupci\u00f3n de negocio y m\u00e1s.\" \/>\n<meta property=\"og:url\" content=\"https:\/\/magnuminsurance.com\/es\/seguro-para-pequenas-empresa\/\" \/>\n<meta property=\"og:site_name\" content=\"Seguros Magnum\" \/>\n<meta property=\"article:publisher\" content=\"https:\/\/www.facebook.com\/MagnumInsuranceAgency\/\" \/>\n<meta property=\"article:modified_time\" content=\"2024-04-29T22:20:34+00:00\" \/>\n<meta property=\"og:image\" content=\"https:\/\/magnuminsurance.com\/wp-content\/uploads\/2025\/12\/magnum.jpg\" \/>\n\t<meta property=\"og:image:width\" content=\"1500\" \/>\n\t<meta property=\"og:image:height\" content=\"1500\" \/>\n\t<meta property=\"og:image:type\" content=\"image\/jpeg\" \/>\n<meta name=\"twitter:card\" content=\"summary_large_image\" \/>\n<meta name=\"twitter:site\" content=\"@magnumins\" \/>\n<meta name=\"twitter:label1\" content=\"Tiempo de lectura\" \/>\n\t<meta name=\"twitter:data1\" content=\"3 minutos\" \/>\n<script type=\"application\/ld+json\" class=\"yoast-schema-graph\">{\"@context\":\"https:\\\/\\\/schema.org\",\"@graph\":[{\"@type\":\"WebPage\",\"@id\":\"https:\\\/\\\/magnuminsurance.com\\\/es\\\/seguro-para-pequenas-empresa\\\/\",\"url\":\"https:\\\/\\\/magnuminsurance.com\\\/es\\\/seguro-para-pequenas-empresa\\\/\",\"name\":\"Seguro Para Peque\u00f1as Empresa - Seguros Magnum\",\"isPartOf\":{\"@id\":\"https:\\\/\\\/magnuminsurance.com\\\/es\\\/#website\"},\"datePublished\":\"2022-02-23T14:30:24+00:00\",\"dateModified\":\"2024-04-29T22:20:34+00:00\",\"description\":\"Protege tu negocio con el seguro para peque\u00f1as empresas de Seguros Magnum. Cobertura flexible para responsabilidad civil, propiedad comercial, interrupci\u00f3n de negocio y m\u00e1s.\",\"breadcrumb\":{\"@id\":\"https:\\\/\\\/magnuminsurance.com\\\/es\\\/seguro-para-pequenas-empresa\\\/#breadcrumb\"},\"inLanguage\":\"es\",\"potentialAction\":[{\"@type\":\"ReadAction\",\"target\":[\"https:\\\/\\\/magnuminsurance.com\\\/es\\\/seguro-para-pequenas-empresa\\\/\"]}]},{\"@type\":\"BreadcrumbList\",\"@id\":\"https:\\\/\\\/magnuminsurance.com\\\/es\\\/seguro-para-pequenas-empresa\\\/#breadcrumb\",\"itemListElement\":[{\"@type\":\"ListItem\",\"position\":1,\"name\":\"Home\",\"item\":\"https:\\\/\\\/magnuminsurance.com\\\/es\\\/\"},{\"@type\":\"ListItem\",\"position\":2,\"name\":\"Seguro Para Peque\u00f1as Empresa\"}]},{\"@type\":\"WebSite\",\"@id\":\"https:\\\/\\\/magnuminsurance.com\\\/es\\\/#website\",\"url\":\"https:\\\/\\\/magnuminsurance.com\\\/es\\\/\",\"name\":\"Seguros Magnum\",\"description\":\"Agencia de Seguros en Chicago y Suburbios\",\"publisher\":{\"@id\":\"https:\\\/\\\/magnuminsurance.com\\\/es\\\/#organization\"},\"potentialAction\":[{\"@type\":\"SearchAction\",\"target\":{\"@type\":\"EntryPoint\",\"urlTemplate\":\"https:\\\/\\\/magnuminsurance.com\\\/es\\\/?s={search_term_string}\"},\"query-input\":{\"@type\":\"PropertyValueSpecification\",\"valueRequired\":true,\"valueName\":\"search_term_string\"}}],\"inLanguage\":\"es\"},{\"@type\":\"Organization\",\"@id\":\"https:\\\/\\\/magnuminsurance.com\\\/es\\\/#organization\",\"name\":\"Magnum Insurance Agency\",\"alternateName\":\"Seguros Magnum\",\"url\":\"https:\\\/\\\/magnuminsurance.com\\\/es\\\/\",\"logo\":{\"@type\":\"ImageObject\",\"inLanguage\":\"es\",\"@id\":\"https:\\\/\\\/magnuminsurance.com\\\/es\\\/#\\\/schema\\\/logo\\\/image\\\/\",\"url\":\"https:\\\/\\\/magnuminsurance.com\\\/wp-content\\\/uploads\\\/2021\\\/04\\\/MagnumEnglishColorLogo.jpg\",\"contentUrl\":\"https:\\\/\\\/magnuminsurance.com\\\/wp-content\\\/uploads\\\/2021\\\/04\\\/MagnumEnglishColorLogo.jpg\",\"width\":1000,\"height\":247,\"caption\":\"Magnum Insurance Agency\"},\"image\":{\"@id\":\"https:\\\/\\\/magnuminsurance.com\\\/es\\\/#\\\/schema\\\/logo\\\/image\\\/\"},\"sameAs\":[\"https:\\\/\\\/www.facebook.com\\\/MagnumInsuranceAgency\\\/\",\"https:\\\/\\\/x.com\\\/magnumins\",\"https:\\\/\\\/www.instagram.com\\\/magnuminsuranceagency\\\/\",\"https:\\\/\\\/www.youtube.com\\\/user\\\/SegurosMagnum\",\"https:\\\/\\\/www.tiktok.com\\\/@magnuminsurance\"]}]}<\/script>\n<!-- \/ Yoast SEO plugin. -->","yoast_head_json":{"title":"Seguro Para Peque\u00f1as Empresa - Seguros Magnum","description":"Protege tu negocio con el seguro para peque\u00f1as empresas de Seguros Magnum. Cobertura flexible para responsabilidad civil, propiedad comercial, interrupci\u00f3n de negocio y m\u00e1s.","robots":{"index":"index","follow":"follow","max-snippet":"max-snippet:-1","max-image-preview":"max-image-preview:large","max-video-preview":"max-video-preview:-1"},"canonical":"https:\/\/magnuminsurance.com\/es\/seguro-para-pequenas-empresa\/","og_locale":"es_ES","og_type":"article","og_title":"Seguro Para Peque\u00f1as Empresa - Seguros Magnum","og_description":"Protege tu negocio con el seguro para peque\u00f1as empresas de Seguros Magnum. Cobertura flexible para responsabilidad civil, propiedad comercial, interrupci\u00f3n de negocio y m\u00e1s.","og_url":"https:\/\/magnuminsurance.com\/es\/seguro-para-pequenas-empresa\/","og_site_name":"Seguros Magnum","article_publisher":"https:\/\/www.facebook.com\/MagnumInsuranceAgency\/","article_modified_time":"2024-04-29T22:20:34+00:00","og_image":[{"width":1500,"height":1500,"url":"https:\/\/magnuminsurance.com\/wp-content\/uploads\/2025\/12\/magnum.jpg","type":"image\/jpeg"}],"twitter_card":"summary_large_image","twitter_site":"@magnumins","twitter_misc":{"Tiempo de lectura":"3 minutos"},"schema":{"@context":"https:\/\/schema.org","@graph":[{"@type":"WebPage","@id":"https:\/\/magnuminsurance.com\/es\/seguro-para-pequenas-empresa\/","url":"https:\/\/magnuminsurance.com\/es\/seguro-para-pequenas-empresa\/","name":"Seguro Para Peque\u00f1as Empresa - Seguros Magnum","isPartOf":{"@id":"https:\/\/magnuminsurance.com\/es\/#website"},"datePublished":"2022-02-23T14:30:24+00:00","dateModified":"2024-04-29T22:20:34+00:00","description":"Protege tu negocio con el seguro para peque\u00f1as empresas de Seguros Magnum. Cobertura flexible para responsabilidad civil, propiedad comercial, interrupci\u00f3n de negocio y m\u00e1s.","breadcrumb":{"@id":"https:\/\/magnuminsurance.com\/es\/seguro-para-pequenas-empresa\/#breadcrumb"},"inLanguage":"es","potentialAction":[{"@type":"ReadAction","target":["https:\/\/magnuminsurance.com\/es\/seguro-para-pequenas-empresa\/"]}]},{"@type":"BreadcrumbList","@id":"https:\/\/magnuminsurance.com\/es\/seguro-para-pequenas-empresa\/#breadcrumb","itemListElement":[{"@type":"ListItem","position":1,"name":"Home","item":"https:\/\/magnuminsurance.com\/es\/"},{"@type":"ListItem","position":2,"name":"Seguro Para Peque\u00f1as Empresa"}]},{"@type":"WebSite","@id":"https:\/\/magnuminsurance.com\/es\/#website","url":"https:\/\/magnuminsurance.com\/es\/","name":"Seguros Magnum","description":"Agencia de Seguros en Chicago y Suburbios","publisher":{"@id":"https:\/\/magnuminsurance.com\/es\/#organization"},"potentialAction":[{"@type":"SearchAction","target":{"@type":"EntryPoint","urlTemplate":"https:\/\/magnuminsurance.com\/es\/?s={search_term_string}"},"query-input":{"@type":"PropertyValueSpecification","valueRequired":true,"valueName":"search_term_string"}}],"inLanguage":"es"},{"@type":"Organization","@id":"https:\/\/magnuminsurance.com\/es\/#organization","name":"Magnum Insurance Agency","alternateName":"Seguros Magnum","url":"https:\/\/magnuminsurance.com\/es\/","logo":{"@type":"ImageObject","inLanguage":"es","@id":"https:\/\/magnuminsurance.com\/es\/#\/schema\/logo\/image\/","url":"https:\/\/magnuminsurance.com\/wp-content\/uploads\/2021\/04\/MagnumEnglishColorLogo.jpg","contentUrl":"https:\/\/magnuminsurance.com\/wp-content\/uploads\/2021\/04\/MagnumEnglishColorLogo.jpg","width":1000,"height":247,"caption":"Magnum Insurance Agency"},"image":{"@id":"https:\/\/magnuminsurance.com\/es\/#\/schema\/logo\/image\/"},"sameAs":["https:\/\/www.facebook.com\/MagnumInsuranceAgency\/","https:\/\/x.com\/magnumins","https:\/\/www.instagram.com\/magnuminsuranceagency\/","https:\/\/www.youtube.com\/user\/SegurosMagnum","https:\/\/www.tiktok.com\/@magnuminsurance"]}]}},"_links":{"self":[{"href":"https:\/\/magnuminsurance.com\/es\/wp-json\/wp\/v2\/pages\/8502","targetHints":{"allow":["GET"]}}],"collection":[{"href":"https:\/\/magnuminsurance.com\/es\/wp-json\/wp\/v2\/pages"}],"about":[{"href":"https:\/\/magnuminsurance.com\/es\/wp-json\/wp\/v2\/types\/page"}],"author":[{"embeddable":true,"href":"https:\/\/magnuminsurance.com\/es\/wp-json\/wp\/v2\/users\/1"}],"replies":[{"embeddable":true,"href":"https:\/\/magnuminsurance.com\/es\/wp-json\/wp\/v2\/comments?post=8502"}],"version-history":[{"count":15,"href":"https:\/\/magnuminsurance.com\/es\/wp-json\/wp\/v2\/pages\/8502\/revisions"}],"predecessor-version":[{"id":21747,"href":"https:\/\/magnuminsurance.com\/es\/wp-json\/wp\/v2\/pages\/8502\/revisions\/21747"}],"wp:attachment":[{"href":"https:\/\/magnuminsurance.com\/es\/wp-json\/wp\/v2\/media?parent=8502"}],"curies":[{"name":"wp","href":"https:\/\/api.w.org\/{rel}","templated":true}]}}