{"id":8762,"date":"2022-03-07T20:09:33","date_gmt":"2022-03-07T20:09:33","guid":{"rendered":"https:\/\/magnuminsurance.com\/seguro-negocios\/browse-insurance-by-profession\/"},"modified":"2026-01-19T09:30:48","modified_gmt":"2026-01-19T15:30:48","slug":"explorar-seguros-por-profesion","status":"publish","type":"page","link":"https:\/\/magnuminsurance.com\/es\/seguro-de-negocio\/explorar-seguros-por-profesion\/","title":{"rendered":"Explorar seguros por profesi\u00f3n"},"content":{"rendered":"\n<h1 class=\"wp-block-heading has-text-align-center\"><strong>Explorar seguros por profesi\u00f3n<\/strong><\/h1>\n\n\n<div class=\"wp-block-image\">\n<figure class=\"aligncenter size-large\"><img loading=\"lazy\" decoding=\"async\" width=\"1024\" height=\"315\" src=\"https:\/\/magnuminsurance.com\/wp-content\/uploads\/2021\/11\/banner-workers-1024x315.jpg\" alt=\"\" class=\"wp-image-4990\" srcset=\"https:\/\/magnuminsurance.com\/wp-content\/uploads\/2021\/11\/banner-workers-1024x315.jpg 1024w, https:\/\/magnuminsurance.com\/wp-content\/uploads\/2021\/11\/banner-workers-300x92.jpg 300w, https:\/\/magnuminsurance.com\/wp-content\/uploads\/2021\/11\/banner-workers-768x236.jpg 768w, https:\/\/magnuminsurance.com\/wp-content\/uploads\/2021\/11\/banner-workers.jpg 1216w\" sizes=\"auto, (max-width: 1024px) 100vw, 1024px\" \/><\/figure>\n<\/div>\n\n\n<div\n\tid=\"wide-section-block_ea90fbba4896788b276e9c9c4045849b\"\n\tclass=\"wide-section  alignfull\"\n\tstyle=\"background-color: #eceffa\">\n\t<div class=\"wide-section__content\">\n\n\t\t\t\t<div class=\"wide-section__links\">\n\t\t\t\n\t\t\t<div class=\"wide-section__links-current\">\n\t\t\t\t<div class=\"wide-section__links-current-icon\">\n\t\t\t\t\t<img\n\t\t\t\t\t\tsrc=\"\/wp-content\/uploads\/2023\/01\/ico-open-child-menu.png\"\n\t\t\t\t\t\talt=\"\"\n\t\t\t\t\t\twidth=\"21\"\n\t\t\t\t\t\theight=\"21\"\n\t\t\t\t\t\tfetchpriority=\"low\"\n\t\t\t\t\t\tloading=\"eager\"\n\t\t\t\t\t>\n\t\t\t\t<\/div>\n\t\t\t\t<div class=\"wide-section__links-current-main\">\n\t\t\t\t\t<button class=\"wide-section__links-current-btn js-toggle-hidden-links\">\n\t\t\t\t\t\tEXPLORE SEGURO DE NEGOCIO\t\t\t\t\t<\/button>\n\t\t\t\t\t<div class=\"wide-section__links-current-text\">\n\t\t\t\t\t\t\t\t\t\t\t<\/div>\n\t\t\t\t<\/div>\n\t\t\t<\/div>\n\n\t\t\t<div class=\"wide-section__links-nav\">\n\t\t\t\t<div class=\"wide-section__links-nav-current\">\n\t\t\t\t\t<a href=\"https:\/\/magnuminsurance.com\/es\/seguro-de-negocio\/\">\n\t\t\t\t\t\tSeguro de Negocio\t\t\t\t\t<\/a>\n\t\t\t\t<\/div>\n\n\t\t\t\t<ul class=\"wide-section__links-list\">\n\t\t\t\t\t\t\t\t\t\t\t\t<li class=\"wide-section__links-list-item\">\n\t\t\t\t\t\t\t\t<a\n\t\t\t\t\t\t\t\t\thref=\"https:\/\/magnuminsurance.com\/es\/poliza-de-propietario-de-negocio\/\"\n\t\t\t\t\t\t\t\t\tstyle=\"\">\n\t\t\t\t\t\t\t\t\tPoliza de Propietario de Negocio\t\t\t\t\t\t\t\t<\/a>\n\t\t\t\t\t\t\t<\/li>\n\t\t\t\t\t\t\t\t\t\t\t\t\t\t<li class=\"wide-section__links-list-item\">\n\t\t\t\t\t\t\t\t<a\n\t\t\t\t\t\t\t\t\thref=\"https:\/\/magnuminsurance.com\/es\/seguro-de-negocio\/seguro-de-contratistas\/\"\n\t\t\t\t\t\t\t\t\tstyle=\"\">\n\t\t\t\t\t\t\t\t\tSeguro de Contratistas\t\t\t\t\t\t\t\t<\/a>\n\t\t\t\t\t\t\t<\/li>\n\t\t\t\t\t\t\t\t\t\t\t\t\t\t<li class=\"wide-section__links-list-item\">\n\t\t\t\t\t\t\t\t<a\n\t\t\t\t\t\t\t\t\thref=\"https:\/\/magnuminsurance.com\/es\/seguro-de-negocio\/seguro-de-carpinteros\/\"\n\t\t\t\t\t\t\t\t\tstyle=\"\">\n\t\t\t\t\t\t\t\t\tSeguro de Carpinteros\t\t\t\t\t\t\t\t<\/a>\n\t\t\t\t\t\t\t<\/li>\n\t\t\t\t\t\t\t\t\t\t\t\t\t\t<li class=\"wide-section__links-list-item\">\n\t\t\t\t\t\t\t\t<a\n\t\t\t\t\t\t\t\t\thref=\"https:\/\/magnuminsurance.com\/es\/seguro-de-negocio\/explorar-seguros-por-profesion\/seguro-para-personal-de-mantenimiento\/\"\n\t\t\t\t\t\t\t\t\tstyle=\"\">\n\t\t\t\t\t\t\t\t\tSeguro para personal de mantenimiento\t\t\t\t\t\t\t\t<\/a>\n\t\t\t\t\t\t\t<\/li>\n\t\t\t\t\t\t\t\t\t\t\t\t\t\t<li class=\"wide-section__links-list-item\">\n\t\t\t\t\t\t\t\t<a\n\t\t\t\t\t\t\t\t\thref=\"https:\/\/magnuminsurance.com\/es\/seguro-de-negocio\/buscar-por-profesion\/seguro-para-servicios-de-limpieza\/\"\n\t\t\t\t\t\t\t\t\tstyle=\"\">\n\t\t\t\t\t\t\t\t\tSeguro para Servicios de Limpieza\t\t\t\t\t\t\t\t<\/a>\n\t\t\t\t\t\t\t<\/li>\n\t\t\t\t\t\t\t\t\t\t\t\t\t\t<li class=\"wide-section__links-list-item\">\n\t\t\t\t\t\t\t\t<a\n\t\t\t\t\t\t\t\t\thref=\"https:\/\/magnuminsurance.com\/es\/seguro-de-negocio\/seguro-para-electricistas\/\"\n\t\t\t\t\t\t\t\t\tstyle=\"\">\n\t\t\t\t\t\t\t\t\tSeguro para Electricistas\t\t\t\t\t\t\t\t<\/a>\n\t\t\t\t\t\t\t<\/li>\n\t\t\t\t\t\t\t\t\t\t\t\t\t\t<li class=\"wide-section__links-list-item\">\n\t\t\t\t\t\t\t\t<a\n\t\t\t\t\t\t\t\t\thref=\"https:\/\/magnuminsurance.com\/es\/seguro-de-negocio\/buscar-por-profesion\/seguro-hvac\/\"\n\t\t\t\t\t\t\t\t\tstyle=\"\">\n\t\t\t\t\t\t\t\t\tSeguro para Servicios de HVAC\t\t\t\t\t\t\t\t<\/a>\n\t\t\t\t\t\t\t<\/li>\n\t\t\t\t\t\t\t\t\t\t\t\t\t\t<li class=\"wide-section__links-list-item\">\n\t\t\t\t\t\t\t\t<a\n\t\t\t\t\t\t\t\t\thref=\"https:\/\/magnuminsurance.com\/es\/seguro-de-negocio\/seguro-de-paisajismo\/\"\n\t\t\t\t\t\t\t\t\tstyle=\"\">\n\t\t\t\t\t\t\t\t\tSeguro de Paisajismo\t\t\t\t\t\t\t\t<\/a>\n\t\t\t\t\t\t\t<\/li>\n\t\t\t\t\t\t\t\t\t\t\t\t\t\t<li class=\"wide-section__links-list-item\">\n\t\t\t\t\t\t\t\t<a\n\t\t\t\t\t\t\t\t\thref=\"https:\/\/magnuminsurance.com\/es\/seguro-de-negocio\/explorar-seguros-por-profesion\/seguro-para-servicios-para-remocion-de-nieve\/\"\n\t\t\t\t\t\t\t\t\tstyle=\"\">\n\t\t\t\t\t\t\t\t\tSeguro para Servicios de Remoci\u00f3n de Nieve\t\t\t\t\t\t\t\t<\/a>\n\t\t\t\t\t\t\t<\/li>\n\t\t\t\t\t\t\t\t\t\t\t\t\t\t<li class=\"wide-section__links-list-item\">\n\t\t\t\t\t\t\t\t<a\n\t\t\t\t\t\t\t\t\thref=\"https:\/\/magnuminsurance.com\/es\/seguro-de-negocio\/explorar-seguros-por-profesion\/seguro-de-albanileria\/\"\n\t\t\t\t\t\t\t\t\tstyle=\"\">\n\t\t\t\t\t\t\t\t\tSeguro para Contratistas de Mamposter\u00eda\t\t\t\t\t\t\t\t<\/a>\n\t\t\t\t\t\t\t<\/li>\n\t\t\t\t\t\t\t\t\t\t\t\t\t\t<li class=\"wide-section__links-list-item\">\n\t\t\t\t\t\t\t\t<a\n\t\t\t\t\t\t\t\t\thref=\"https:\/\/magnuminsurance.com\/es\/seguro-de-negocio\/seguro-de-pintor\/\"\n\t\t\t\t\t\t\t\t\tstyle=\"\">\n\t\t\t\t\t\t\t\t\tSeguro de pintor\t\t\t\t\t\t\t\t<\/a>\n\t\t\t\t\t\t\t<\/li>\n\t\t\t\t\t\t\t\t\t\t\t\t\t\t<li class=\"wide-section__links-list-item\">\n\t\t\t\t\t\t\t\t<a\n\t\t\t\t\t\t\t\t\thref=\"https:\/\/magnuminsurance.com\/es\/seguro-de-negocio\/seguro-de-techista\/\"\n\t\t\t\t\t\t\t\t\tstyle=\"\">\n\t\t\t\t\t\t\t\t\tSeguro de techista\t\t\t\t\t\t\t\t<\/a>\n\t\t\t\t\t\t\t<\/li>\n\t\t\t\t\t\t\t\t\t\t\t\t\t\t<li class=\"wide-section__links-list-item\">\n\t\t\t\t\t\t\t\t<a\n\t\t\t\t\t\t\t\t\thref=\"https:\/\/magnuminsurance.com\/es\/seguro-de-negocio\/arizona\/\"\n\t\t\t\t\t\t\t\t\tstyle=\"\">\n\t\t\t\t\t\t\t\t\tSeguros de Negocio en Arizona: una gu\u00eda completa\t\t\t\t\t\t\t\t<\/a>\n\t\t\t\t\t\t\t<\/li>\n\t\t\t\t\t\t\t\t\t\t\t\t\t\t<li class=\"wide-section__links-list-item\">\n\t\t\t\t\t\t\t\t<a\n\t\t\t\t\t\t\t\t\thref=\"https:\/\/magnuminsurance.com\/es\/seguro-de-negocio\/seguro-de-interrupcion-de-negocios\/\"\n\t\t\t\t\t\t\t\t\tstyle=\"\">\n\t\t\t\t\t\t\t\t\tSeguro de interrupci\u00f3n de negocios\t\t\t\t\t\t\t\t<\/a>\n\t\t\t\t\t\t\t<\/li>\n\t\t\t\t\t\t\t\t\t\t\t\t\t\t<li class=\"wide-section__links-list-item\">\n\t\t\t\t\t\t\t\t<a\n\t\t\t\t\t\t\t\t\thref=\"https:\/\/magnuminsurance.com\/es\/seguro-de-negocio\/nevada\/\"\n\t\t\t\t\t\t\t\t\tstyle=\"\">\n\t\t\t\t\t\t\t\t\tSeguro de Negocio Integral en Nevada\t\t\t\t\t\t\t\t<\/a>\n\t\t\t\t\t\t\t<\/li>\n\t\t\t\t\t\t\t\t\t\t\t\t\t\t<li class=\"wide-section__links-list-item\">\n\t\t\t\t\t\t\t\t<a\n\t\t\t\t\t\t\t\t\thref=\"https:\/\/magnuminsurance.com\/es\/seguro-de-negocio\/new-mexico\/\"\n\t\t\t\t\t\t\t\t\tstyle=\"\">\n\t\t\t\t\t\t\t\t\tSeguro para Negocios en Nuevo M\u00e9xico\t\t\t\t\t\t\t\t<\/a>\n\t\t\t\t\t\t\t<\/li>\n\t\t\t\t\t\t\t\t\t\t\t\t\t\t<li class=\"wide-section__links-list-item\">\n\t\t\t\t\t\t\t\t<a\n\t\t\t\t\t\t\t\t\thref=\"https:\/\/magnuminsurance.com\/es\/seguro-de-negocio\/texas\/\"\n\t\t\t\t\t\t\t\t\tstyle=\"\">\n\t\t\t\t\t\t\t\t\tSeguro de Negocio Integral en Texas\t\t\t\t\t\t\t\t<\/a>\n\t\t\t\t\t\t\t<\/li>\n\t\t\t\t\t\t\t\t\t\t\t\t\t\t<li class=\"wide-section__links-list-item\">\n\t\t\t\t\t\t\t\t<a\n\t\t\t\t\t\t\t\t\thref=\"https:\/\/magnuminsurance.com\/es\/seguro-de-negocio\/illinois\/\"\n\t\t\t\t\t\t\t\t\tstyle=\"\">\n\t\t\t\t\t\t\t\t\tComprendiendo el Seguro de Negocio en Illinois\t\t\t\t\t\t\t\t<\/a>\n\t\t\t\t\t\t\t<\/li>\n\t\t\t\t\t\t\t\t\t\t\t\t\t\t<li class=\"wide-section__links-list-item\">\n\t\t\t\t\t\t\t\t<a\n\t\t\t\t\t\t\t\t\thref=\"https:\/\/magnuminsurance.com\/es\/seguro-de-negocio\/explorar-seguros-por-profesion\/\"\n\t\t\t\t\t\t\t\t\tstyle=\"font-weight: 600\">\n\t\t\t\t\t\t\t\t\tExplorar seguros por profesi\u00f3n\t\t\t\t\t\t\t\t<\/a>\n\t\t\t\t\t\t\t<\/li>\n\t\t\t\t\t\t\t\t\t\t\t<\/ul>\n\t\t\t<\/div>\n\t\t<\/div>\n\t\t\n\t\t<p style=\"text-align: center;\"><strong>Explorar seguros por profesi\u00f3n<\/strong><\/p>\n\t<\/div>\n<\/div>\n\n\n\n<div style=\"height:20px\" aria-hidden=\"true\" class=\"wp-block-spacer\"><\/div>\n\n\n\n<div class=\"wp-block-columns is-layout-flex wp-container-core-columns-is-layout-9d6595d7 wp-block-columns-is-layout-flex\">\n<div class=\"wp-block-column is-layout-flow wp-block-column-is-layout-flow\">\n<p><a href=\"https:\/\/magnuminsurance.com\/es\/seguro-de-negocio\/seguro-de-carpinteros\/\"><strong>Seguro de Carpinteros<\/strong><\/a><\/p>\n\n\n\n<p><a href=\"https:\/\/magnuminsurance.com\/es\/seguro-de-negocio\/explorar-seguros-por-profesion\/seguro-para-personal-de-mantenimiento\/\"><strong>Seguro Personal Mantenimiento<\/strong><\/a><\/p>\n\n\n\n<p><a href=\"https:\/\/magnuminsurance.com\/es\/seguro-de-negocio\/buscar-por-profesion\/seguro-para-servicios-de-limpieza\/\"><strong>Seguro de Conserjer\u00eda<\/strong><\/a><\/p>\n\n\n\n<p><a href=\"https:\/\/magnuminsurance.com\/es\/seguro-de-negocio\/seguro-para-electricistas\/\"><strong>Seguro para Electricistas<\/strong><\/a><\/p>\n\n\n\n<p><a href=\"https:\/\/magnuminsurance.com\/es\/seguro-de-negocio\/buscar-por-profesion\/seguro-hvac\/\"><strong>Seguro HVAC<\/strong><\/a><\/p>\n<\/div>\n\n\n\n<div class=\"wp-block-column is-layout-flow wp-block-column-is-layout-flow\">\n<p><a href=\"https:\/\/magnuminsurance.com\/es\/seguro-de-negocio\/seguro-de-paisajismo\/\"><strong>Seguro de Negocios de Paisajismo<\/strong><\/a><\/p>\n\n\n\n<p><a href=\"https:\/\/magnuminsurance.com\/es\/seguro-de-negocio\/explorar-seguros-por-profesion\/seguro-para-servicios-para-remocion-de-nieve\/\"><strong>Seguro de Remoci\u00f3n de Nieve<\/strong><\/a><\/p>\n\n\n\n<p><a href=\"https:\/\/magnuminsurance.com\/es\/seguro-de-negocio\/explorar-seguros-por-profesion\/seguro-de-albanileria\/\"><strong>Seguro de Alba\u00f1iler\u00eda<\/strong><\/a><\/p>\n\n\n\n<p><a href=\"https:\/\/magnuminsurance.com\/es\/seguro-de-negocio\/seguro-de-pintor\/\"><strong>Seguro de Pintor<\/strong><\/a><\/p>\n\n\n\n<p><a href=\"https:\/\/magnuminsurance.com\/es\/seguro-de-negocio\/seguro-de-techista\/\"><strong>Seguro de techador<\/strong><\/a><\/p>\n<\/div>\n<\/div>\n","protected":false},"excerpt":{"rendered":"<p>Explorar seguros por profesi\u00f3n Seguro de Carpinteros Seguro Personal Mantenimiento Seguro de Conserjer\u00eda Seguro para Electricistas Seguro HVAC Seguro de Negocios de Paisajismo Seguro de Remoci\u00f3n de Nieve Seguro de Alba\u00f1iler\u00eda Seguro de Pintor Seguro de techador<\/p>\n","protected":false},"author":1,"featured_media":0,"parent":2697,"menu_order":4,"comment_status":"closed","ping_status":"closed","template":"","meta":{"_acf_changed":false,"inline_featured_image":false,"footnotes":""},"class_list":["post-8762","page","type-page","status-publish","hentry"],"acf":[],"yoast_head":"<!-- This site is optimized with the Yoast SEO plugin v27.4 - https:\/\/yoast.com\/product\/yoast-seo-wordpress\/ -->\n<title>Explorar seguros por profesi\u00f3n - Seguros Magnum<\/title>\n<meta name=\"description\" content=\"Explore nuestra lista de profesiones en las que ofrecemos seguros para peque\u00f1as empresas. Nuestros agentes certificados hoy pueden encontrarle p\u00f3lizas que se adapten a sus necesidades comerciales.\" \/>\n<meta name=\"robots\" content=\"index, follow, max-snippet:-1, max-image-preview:large, max-video-preview:-1\" \/>\n<link rel=\"canonical\" href=\"https:\/\/magnuminsurance.com\/es\/seguro-de-negocio\/explorar-seguros-por-profesion\/\" \/>\n<meta property=\"og:locale\" content=\"es_ES\" \/>\n<meta property=\"og:type\" content=\"article\" \/>\n<meta property=\"og:title\" content=\"Explorar seguros por profesi\u00f3n - Seguros Magnum\" \/>\n<meta property=\"og:description\" content=\"Explore nuestra lista de profesiones en las que ofrecemos seguros para peque\u00f1as empresas. Nuestros agentes certificados hoy pueden encontrarle p\u00f3lizas que se adapten a sus necesidades comerciales.\" \/>\n<meta property=\"og:url\" content=\"https:\/\/magnuminsurance.com\/es\/seguro-de-negocio\/explorar-seguros-por-profesion\/\" \/>\n<meta property=\"og:site_name\" content=\"Seguros Magnum\" \/>\n<meta property=\"article:publisher\" content=\"https:\/\/www.facebook.com\/MagnumInsuranceAgency\/\" \/>\n<meta property=\"article:modified_time\" content=\"2026-01-19T15:30:48+00:00\" \/>\n<meta property=\"og:image\" content=\"https:\/\/magnuminsurance.com\/wp-content\/uploads\/2021\/11\/banner-workers.jpg\" \/>\n\t<meta property=\"og:image:width\" content=\"1216\" \/>\n\t<meta property=\"og:image:height\" content=\"374\" \/>\n\t<meta property=\"og:image:type\" content=\"image\/jpeg\" \/>\n<meta name=\"twitter:card\" content=\"summary_large_image\" \/>\n<meta name=\"twitter:site\" content=\"@magnumins\" \/>\n<meta name=\"twitter:label1\" content=\"Tiempo de lectura\" \/>\n\t<meta name=\"twitter:data1\" content=\"1 minuto\" \/>\n<script type=\"application\/ld+json\" class=\"yoast-schema-graph\">{\"@context\":\"https:\\\/\\\/schema.org\",\"@graph\":[{\"@type\":\"WebPage\",\"@id\":\"https:\\\/\\\/magnuminsurance.com\\\/es\\\/seguro-de-negocio\\\/explorar-seguros-por-profesion\\\/\",\"url\":\"https:\\\/\\\/magnuminsurance.com\\\/es\\\/seguro-de-negocio\\\/explorar-seguros-por-profesion\\\/\",\"name\":\"Explorar seguros por profesi\u00f3n - Seguros Magnum\",\"isPartOf\":{\"@id\":\"https:\\\/\\\/magnuminsurance.com\\\/es\\\/#website\"},\"primaryImageOfPage\":{\"@id\":\"https:\\\/\\\/magnuminsurance.com\\\/es\\\/seguro-de-negocio\\\/explorar-seguros-por-profesion\\\/#primaryimage\"},\"image\":{\"@id\":\"https:\\\/\\\/magnuminsurance.com\\\/es\\\/seguro-de-negocio\\\/explorar-seguros-por-profesion\\\/#primaryimage\"},\"thumbnailUrl\":\"https:\\\/\\\/magnuminsurance.com\\\/wp-content\\\/uploads\\\/2021\\\/11\\\/banner-workers-1024x315.jpg\",\"datePublished\":\"2022-03-07T20:09:33+00:00\",\"dateModified\":\"2026-01-19T15:30:48+00:00\",\"description\":\"Explore nuestra lista de profesiones en las que ofrecemos seguros para peque\u00f1as empresas. Nuestros agentes certificados hoy pueden encontrarle p\u00f3lizas que se adapten a sus necesidades comerciales.\",\"breadcrumb\":{\"@id\":\"https:\\\/\\\/magnuminsurance.com\\\/es\\\/seguro-de-negocio\\\/explorar-seguros-por-profesion\\\/#breadcrumb\"},\"inLanguage\":\"es\",\"potentialAction\":[{\"@type\":\"ReadAction\",\"target\":[\"https:\\\/\\\/magnuminsurance.com\\\/es\\\/seguro-de-negocio\\\/explorar-seguros-por-profesion\\\/\"]}]},{\"@type\":\"ImageObject\",\"inLanguage\":\"es\",\"@id\":\"https:\\\/\\\/magnuminsurance.com\\\/es\\\/seguro-de-negocio\\\/explorar-seguros-por-profesion\\\/#primaryimage\",\"url\":\"https:\\\/\\\/magnuminsurance.com\\\/wp-content\\\/uploads\\\/2021\\\/11\\\/banner-workers-1024x315.jpg\",\"contentUrl\":\"https:\\\/\\\/magnuminsurance.com\\\/wp-content\\\/uploads\\\/2021\\\/11\\\/banner-workers-1024x315.jpg\"},{\"@type\":\"BreadcrumbList\",\"@id\":\"https:\\\/\\\/magnuminsurance.com\\\/es\\\/seguro-de-negocio\\\/explorar-seguros-por-profesion\\\/#breadcrumb\",\"itemListElement\":[{\"@type\":\"ListItem\",\"position\":1,\"name\":\"Home\",\"item\":\"https:\\\/\\\/magnuminsurance.com\\\/es\\\/\"},{\"@type\":\"ListItem\",\"position\":2,\"name\":\"Seguro de Negocio\",\"item\":\"https:\\\/\\\/magnuminsurance.com\\\/es\\\/seguro-de-negocio\\\/\"},{\"@type\":\"ListItem\",\"position\":3,\"name\":\"Explorar seguros por profesi\u00f3n\"}]},{\"@type\":\"WebSite\",\"@id\":\"https:\\\/\\\/magnuminsurance.com\\\/es\\\/#website\",\"url\":\"https:\\\/\\\/magnuminsurance.com\\\/es\\\/\",\"name\":\"Seguros Magnum\",\"description\":\"Agencia de Seguros en Chicago y Suburbios\",\"publisher\":{\"@id\":\"https:\\\/\\\/magnuminsurance.com\\\/es\\\/#organization\"},\"potentialAction\":[{\"@type\":\"SearchAction\",\"target\":{\"@type\":\"EntryPoint\",\"urlTemplate\":\"https:\\\/\\\/magnuminsurance.com\\\/es\\\/?s={search_term_string}\"},\"query-input\":{\"@type\":\"PropertyValueSpecification\",\"valueRequired\":true,\"valueName\":\"search_term_string\"}}],\"inLanguage\":\"es\"},{\"@type\":\"Organization\",\"@id\":\"https:\\\/\\\/magnuminsurance.com\\\/es\\\/#organization\",\"name\":\"Magnum Insurance Agency\",\"alternateName\":\"Seguros Magnum\",\"url\":\"https:\\\/\\\/magnuminsurance.com\\\/es\\\/\",\"logo\":{\"@type\":\"ImageObject\",\"inLanguage\":\"es\",\"@id\":\"https:\\\/\\\/magnuminsurance.com\\\/es\\\/#\\\/schema\\\/logo\\\/image\\\/\",\"url\":\"https:\\\/\\\/magnuminsurance.com\\\/wp-content\\\/uploads\\\/2021\\\/04\\\/MagnumEnglishColorLogo.jpg\",\"contentUrl\":\"https:\\\/\\\/magnuminsurance.com\\\/wp-content\\\/uploads\\\/2021\\\/04\\\/MagnumEnglishColorLogo.jpg\",\"width\":1000,\"height\":247,\"caption\":\"Magnum Insurance Agency\"},\"image\":{\"@id\":\"https:\\\/\\\/magnuminsurance.com\\\/es\\\/#\\\/schema\\\/logo\\\/image\\\/\"},\"sameAs\":[\"https:\\\/\\\/www.facebook.com\\\/MagnumInsuranceAgency\\\/\",\"https:\\\/\\\/x.com\\\/magnumins\",\"https:\\\/\\\/www.instagram.com\\\/magnuminsuranceagency\\\/\",\"https:\\\/\\\/www.youtube.com\\\/user\\\/SegurosMagnum\",\"https:\\\/\\\/www.tiktok.com\\\/@magnuminsurance\"]}]}<\/script>\n<!-- \/ Yoast SEO plugin. -->","yoast_head_json":{"title":"Explorar seguros por profesi\u00f3n - Seguros Magnum","description":"Explore nuestra lista de profesiones en las que ofrecemos seguros para peque\u00f1as empresas. Nuestros agentes certificados hoy pueden encontrarle p\u00f3lizas que se adapten a sus necesidades comerciales.","robots":{"index":"index","follow":"follow","max-snippet":"max-snippet:-1","max-image-preview":"max-image-preview:large","max-video-preview":"max-video-preview:-1"},"canonical":"https:\/\/magnuminsurance.com\/es\/seguro-de-negocio\/explorar-seguros-por-profesion\/","og_locale":"es_ES","og_type":"article","og_title":"Explorar seguros por profesi\u00f3n - Seguros Magnum","og_description":"Explore nuestra lista de profesiones en las que ofrecemos seguros para peque\u00f1as empresas. Nuestros agentes certificados hoy pueden encontrarle p\u00f3lizas que se adapten a sus necesidades comerciales.","og_url":"https:\/\/magnuminsurance.com\/es\/seguro-de-negocio\/explorar-seguros-por-profesion\/","og_site_name":"Seguros Magnum","article_publisher":"https:\/\/www.facebook.com\/MagnumInsuranceAgency\/","article_modified_time":"2026-01-19T15:30:48+00:00","og_image":[{"width":1216,"height":374,"url":"https:\/\/magnuminsurance.com\/wp-content\/uploads\/2021\/11\/banner-workers.jpg","type":"image\/jpeg"}],"twitter_card":"summary_large_image","twitter_site":"@magnumins","twitter_misc":{"Tiempo de lectura":"1 minuto"},"schema":{"@context":"https:\/\/schema.org","@graph":[{"@type":"WebPage","@id":"https:\/\/magnuminsurance.com\/es\/seguro-de-negocio\/explorar-seguros-por-profesion\/","url":"https:\/\/magnuminsurance.com\/es\/seguro-de-negocio\/explorar-seguros-por-profesion\/","name":"Explorar seguros por profesi\u00f3n - Seguros Magnum","isPartOf":{"@id":"https:\/\/magnuminsurance.com\/es\/#website"},"primaryImageOfPage":{"@id":"https:\/\/magnuminsurance.com\/es\/seguro-de-negocio\/explorar-seguros-por-profesion\/#primaryimage"},"image":{"@id":"https:\/\/magnuminsurance.com\/es\/seguro-de-negocio\/explorar-seguros-por-profesion\/#primaryimage"},"thumbnailUrl":"https:\/\/magnuminsurance.com\/wp-content\/uploads\/2021\/11\/banner-workers-1024x315.jpg","datePublished":"2022-03-07T20:09:33+00:00","dateModified":"2026-01-19T15:30:48+00:00","description":"Explore nuestra lista de profesiones en las que ofrecemos seguros para peque\u00f1as empresas. Nuestros agentes certificados hoy pueden encontrarle p\u00f3lizas que se adapten a sus necesidades comerciales.","breadcrumb":{"@id":"https:\/\/magnuminsurance.com\/es\/seguro-de-negocio\/explorar-seguros-por-profesion\/#breadcrumb"},"inLanguage":"es","potentialAction":[{"@type":"ReadAction","target":["https:\/\/magnuminsurance.com\/es\/seguro-de-negocio\/explorar-seguros-por-profesion\/"]}]},{"@type":"ImageObject","inLanguage":"es","@id":"https:\/\/magnuminsurance.com\/es\/seguro-de-negocio\/explorar-seguros-por-profesion\/#primaryimage","url":"https:\/\/magnuminsurance.com\/wp-content\/uploads\/2021\/11\/banner-workers-1024x315.jpg","contentUrl":"https:\/\/magnuminsurance.com\/wp-content\/uploads\/2021\/11\/banner-workers-1024x315.jpg"},{"@type":"BreadcrumbList","@id":"https:\/\/magnuminsurance.com\/es\/seguro-de-negocio\/explorar-seguros-por-profesion\/#breadcrumb","itemListElement":[{"@type":"ListItem","position":1,"name":"Home","item":"https:\/\/magnuminsurance.com\/es\/"},{"@type":"ListItem","position":2,"name":"Seguro de Negocio","item":"https:\/\/magnuminsurance.com\/es\/seguro-de-negocio\/"},{"@type":"ListItem","position":3,"name":"Explorar seguros por profesi\u00f3n"}]},{"@type":"WebSite","@id":"https:\/\/magnuminsurance.com\/es\/#website","url":"https:\/\/magnuminsurance.com\/es\/","name":"Seguros Magnum","description":"Agencia de Seguros en Chicago y Suburbios","publisher":{"@id":"https:\/\/magnuminsurance.com\/es\/#organization"},"potentialAction":[{"@type":"SearchAction","target":{"@type":"EntryPoint","urlTemplate":"https:\/\/magnuminsurance.com\/es\/?s={search_term_string}"},"query-input":{"@type":"PropertyValueSpecification","valueRequired":true,"valueName":"search_term_string"}}],"inLanguage":"es"},{"@type":"Organization","@id":"https:\/\/magnuminsurance.com\/es\/#organization","name":"Magnum Insurance Agency","alternateName":"Seguros Magnum","url":"https:\/\/magnuminsurance.com\/es\/","logo":{"@type":"ImageObject","inLanguage":"es","@id":"https:\/\/magnuminsurance.com\/es\/#\/schema\/logo\/image\/","url":"https:\/\/magnuminsurance.com\/wp-content\/uploads\/2021\/04\/MagnumEnglishColorLogo.jpg","contentUrl":"https:\/\/magnuminsurance.com\/wp-content\/uploads\/2021\/04\/MagnumEnglishColorLogo.jpg","width":1000,"height":247,"caption":"Magnum Insurance Agency"},"image":{"@id":"https:\/\/magnuminsurance.com\/es\/#\/schema\/logo\/image\/"},"sameAs":["https:\/\/www.facebook.com\/MagnumInsuranceAgency\/","https:\/\/x.com\/magnumins","https:\/\/www.instagram.com\/magnuminsuranceagency\/","https:\/\/www.youtube.com\/user\/SegurosMagnum","https:\/\/www.tiktok.com\/@magnuminsurance"]}]}},"_links":{"self":[{"href":"https:\/\/magnuminsurance.com\/es\/wp-json\/wp\/v2\/pages\/8762","targetHints":{"allow":["GET"]}}],"collection":[{"href":"https:\/\/magnuminsurance.com\/es\/wp-json\/wp\/v2\/pages"}],"about":[{"href":"https:\/\/magnuminsurance.com\/es\/wp-json\/wp\/v2\/types\/page"}],"author":[{"embeddable":true,"href":"https:\/\/magnuminsurance.com\/es\/wp-json\/wp\/v2\/users\/1"}],"replies":[{"embeddable":true,"href":"https:\/\/magnuminsurance.com\/es\/wp-json\/wp\/v2\/comments?post=8762"}],"version-history":[{"count":45,"href":"https:\/\/magnuminsurance.com\/es\/wp-json\/wp\/v2\/pages\/8762\/revisions"}],"predecessor-version":[{"id":29596,"href":"https:\/\/magnuminsurance.com\/es\/wp-json\/wp\/v2\/pages\/8762\/revisions\/29596"}],"up":[{"embeddable":true,"href":"https:\/\/magnuminsurance.com\/es\/wp-json\/wp\/v2\/pages\/2697"}],"wp:attachment":[{"href":"https:\/\/magnuminsurance.com\/es\/wp-json\/wp\/v2\/media?parent=8762"}],"curies":[{"name":"wp","href":"https:\/\/api.w.org\/{rel}","templated":true}]}}